{"id":2635,"date":"2022-06-02T13:43:44","date_gmt":"2022-06-02T13:43:44","guid":{"rendered":"https:\/\/jpnrd.gov.mk\/?page_id=2635"},"modified":"2022-11-16T12:52:04","modified_gmt":"2022-11-16T12:52:04","slug":"broadband","status":"publish","type":"page","link":"https:\/\/jpnrd.gov.mk\/sq\/broadband","title":{"rendered":"Broadband"},"content":{"rendered":"<div data-elementor-type=\"wp-page\" data-elementor-id=\"2635\" class=\"elementor elementor-2635\">\n\t\t\t\t\t\t<section class=\"elementor-section elementor-top-section elementor-element elementor-element-9a54b04 elementor-section-boxed elementor-section-height-default elementor-section-height-default\" data-id=\"9a54b04\" data-element_type=\"section\">\n\t\t\t\t\t\t<div class=\"elementor-container elementor-column-gap-default\">\n\t\t\t\t\t<div class=\"elementor-column elementor-col-100 elementor-top-column elementor-element elementor-element-ebf5cdd\" data-id=\"ebf5cdd\" data-element_type=\"column\">\n\t\t\t<div class=\"elementor-widget-wrap elementor-element-populated\">\n\t\t\t\t\t\t<div class=\"elementor-element elementor-element-6929e83 elementor-widget elementor-widget-text-editor\" data-id=\"6929e83\" data-element_type=\"widget\" data-widget_type=\"text-editor.default\">\n\t\t\t\t<div class=\"elementor-widget-container\">\n\t\t\t\t\t\t\t<p>Republika e Maqedonis\u00eb s\u00eb Veriut, si vend kandidat p\u00ebr an\u00ebtar\u00ebsim n\u00eb BE, ka p\u00ebr obligim q\u00eb t'i harmonizoj\u00eb politikat nacionale p\u00ebr zhvillimin e komunikimeve elektronike me politikat e BE-s\u00eb, dhe n\u00eb k\u00ebt\u00eb drejtim, paraqitet obligimi p\u00ebr t\u00eb miratuar\u00a0<strong>Planin Nacional Operativ Broadband (PNOB)<\/strong>, i cili do t\u00eb harmonizohet me q\u00ebllimet strategjike t\u00eb nism\u00ebs\u00a0<em>\"Digital Agenda for Europe\" t\u00eb Europ\u00ebs<\/em>\u00a0- t\u00eb\u00a0<em>BE-s\u00eb<\/em>, si strategji patronazh p\u00ebr zhvillimin e shoq\u00ebris\u00eb informatike t\u00eb vitit 2010 dhe strategjia\u00a0<em>Towards a Europen Gigabit Society\u00a0<\/em>p\u00ebr 2025 t\u00eb\u00a0<em>BE-s\u00eb<\/em>\u00a0nga viti 2016-t\u00eb.<\/p><p>Plani Nacional Operacional Broadband si pasardh\u00ebs i Strategjis\u00eb nacionale p\u00ebr zhvillimin e gjenerat\u00ebs s\u00eb ardhshme t\u00eb internetit me kapacitet t\u00eb madh, p\u00ebrcakton objektivat nacionale broadband q\u00eb duhet t\u00eb arrihen n\u00eb periudh\u00ebn e ardhshme dhe p\u00ebrcakton masat dhe aktivitetet p\u00ebr arritjen e tyre.<\/p><p>PNOB FOKUSOHET N\u00cb K\u00cbTO ANEKSE:<\/p><p><strong>ANEKS 1: OBJEKTIVAT BROADBAND T\u00cb BE-S\u00cb<\/strong><\/p><p><strong>ANEKS 2: SKICIMI I KRYER<\/strong><\/p><p><strong>ANEKS 3: P\u00cbRZGJEDHJA E INFRASTRUKTUR\u00cbS BROADBAND<\/strong><\/p><p><strong>ANEKS 4: P\u00cbRZGJEDHJA E MODELIT T\u00cb INVESTIMIT<\/strong><\/p><p><strong>ANEKS 5: P\u00cbRZGJEDHJA E MODELIT T\u00cb BIZNESIT<\/strong><\/p><p><strong>ANEKS 6: SHFRYT\u00cbZIMI I NDIHM\u00cbS SHTET\u00cbRORE P\u00cbR ZHVILLIMIN E RRJETIT BROADBAND<\/strong><\/p><p>MASAT DHE AKTIVITETET P\u00cbR ARRITJEN E OBJEKTIVAVE NACIONALE BROADBAND:<\/p><ol><li><p>SHFRYT\u00cbZIMI I NDIHM\u00cbS SHTET\u00cbRORE<\/p><\/li><li><p>MASA SHTES\u00cb P\u00cbR NXITJEN E SHFRYT\u00cbZIMIT T\u00cb QASJES N\u00cb INTERNET ULTRA T\u00cb SHPEJT\u00cb<\/p><\/li><li><p>KORNIZ\u00cb M\u00cb T\u00cb MIR\u00cb LIGJORE DHE RREGULLIM<\/p><\/li><li><p>PLAN P\u00cbR ZBATIMIN DHE ZHVILLIMIN E 5G-S\u00cb<\/p><\/li><\/ol><p>Duke marr\u00eb parasysh k\u00ebt\u00eb, organi publik q\u00eb do t\u00eb jet\u00eb p\u00ebrgjegj\u00ebs p\u00ebr zbatimin e ndihm\u00ebs shtet\u00ebrore, p\u00ebrkat\u00ebsisht q\u00eb do t\u00eb nd\u00ebrtoj\u00eb dhe do t\u00eb menaxhoj\u00eb infrastruktur\u00ebn broadband, e cila m\u00eb pas do t'u vihet n\u00eb dispozicion operator\u00ebve n\u00eb kushte jodiskriminuese dhe transparente, n\u00eb pajtim me k\u00ebt\u00eb PNOB, do t\u00eb jet\u00eb\u00a0<strong>NP Radiodifuzioni Nacional<\/strong>, kompetencat e s\u00eb cil\u00ebs p\u00ebrcaktohen me Ligjin e Themelimit t\u00eb Radiodifuzionit Nacional.<\/p><ul><li><p>\u00a0siguron infrastruktur\u00eb optike dhe mjete shoq\u00ebruese p\u00ebr nevojat e operator\u00ebve p\u00ebr lidhjen e tyre t\u00eb agregacionit me rrjetet e qasshme broadband,<\/p><\/li><li><p>lidhjen e institucioneve t\u00eb sektorit publik dhe vendndodhjet p\u00ebr qasje falas n\u00eb internet Wi-Fi n\u00eb nj\u00ebsit\u00eb e vet\u00ebqeverisjes lokale me Rrjetin Nacional Optik Transportues,<\/p><\/li><li><p>\u00a0sigurimin e rrjeteve broadband t\u00eb qasshme dhe mjeteve n\u00eb zonat ku nuk ka interes t\u00eb mjaftuesh\u00ebm komercial p\u00ebr t\u00eb investuar n\u00eb k\u00ebt\u00eb lloj rrjeti, n\u00eb m\u00ebnyr\u00eb q\u00eb operator\u00ebt t'i p\u00ebrdorin ato p\u00ebr t'u ofruar qasje broadband shfryt\u00ebzuesve p\u00ebrfundimtar\u00eb n\u00eb internet dhe sh\u00ebrbime t\u00eb tjera.<\/p><\/li><\/ul><p>Me q\u00ebllim q\u00eb t'i p\u00ebrmbush\u00eb obligimet e p\u00ebrcaktuara n\u00eb k\u00ebt\u00eb Plan Operativ Nacional Broadband,\u00a0<strong>NP Radiodifuzioni Nacional\u00a0<\/strong>i zgjeroi kompetencat dhe i rriti kapacitetet institucionale.<\/p><p>\u00a0<\/p>\t\t\t\t\t\t<\/div>\n\t\t\t\t<\/div>\n\t\t\t\t\t<\/div>\n\t\t<\/div>\n\t\t\t\t\t<\/div>\n\t\t<\/section>\n\t\t\t\t<\/div>","protected":false},"excerpt":{"rendered":"<p>\u0420\u0435\u043f\u0443\u0431\u043b\u0438\u043a\u0430 \u0421\u0435\u0432\u0435\u0440\u043d\u0430 \u041c\u0430\u043a\u0435\u0434\u043e\u043d\u0438\u0458\u0430, \u043a\u0430\u043a\u043e \u0437\u0435\u043c\u0458\u0430 \u043a\u0430\u043d\u0434\u0438\u0434\u0430\u0442 \u0437\u0430 \u0447\u043b\u0435\u043d\u0441\u0442\u0432\u043e \u0432\u043e \u0415\u0423, \u0438\u043c\u0430 \u043e\u0431\u0432\u0440\u0441\u043a\u0430 \u0434\u0430 \u0433\u0438 \u0443\u0441\u043e\u0433\u043b\u0430\u0441\u0438 \u043d\u0430\u0446\u0438\u043e\u043d\u0430\u043b\u043d\u0438\u0442\u0435 \u043f\u043e\u043b\u0438\u0442\u0438\u043a\u0438 \u0437\u0430 \u0440\u0430\u0437\u0432\u043e\u0458 \u043d\u0430 \u0435\u043b\u0435\u043a\u0442\u0440\u043e\u043d\u0441\u043a\u0438\u0442\u0435 \u043a\u043e\u043c\u0443\u043d\u0438\u043a\u0430\u0446\u0438\u0438 \u0441\u043e \u043f\u043e\u043b\u0438\u0442\u0438\u043a\u0438\u0442\u0435 \u043d\u0430 \u0415\u0423, \u043f\u0430 \u0432\u043e \u0442\u0430\u0430 \u043d\u0430\u0441\u043e\u043a\u0430 \u043f\u0440\u043e\u0438\u0437\u043b\u0435\u0433\u0443\u0432\u0430 \u043e\u0431\u0432\u0440\u0441\u043a\u0430\u0442\u0430 \u0437\u0430 \u0443\u0441\u0432\u043e\u0458\u0443\u0432\u0430\u045a\u0435 \u043d\u0430\u00a0\u041d\u0430\u0446\u0438\u043e\u043d\u0430\u043b\u0435\u043d \u041e\u043f\u0435\u0440\u0430\u0442\u0438\u0432\u0435\u043d \u0411\u0440\u043e\u0434\u0431\u0435\u043d\u0434 \u041f\u043b\u0430\u043d (\u041d\u041e\u0411\u041f), \u043a\u043e\u0458 \u045c\u0435 \u0431\u0438\u0434\u0435 \u0443\u0441\u043e\u0433\u043b\u0430\u0441\u0435\u043d \u0441\u043e \u0441\u0442\u0440\u0430\u0442\u0435\u0448\u043a\u0438\u0442\u0435 \u0446\u0435\u043b\u0438 \u043d\u0430 \u0438\u043d\u0438\u0446\u0438\u0458\u0430\u0442\u0438\u0432\u0430\u0442\u0430\u00a0Digital Agenda for Europe\u00a0\u2013 \u043d\u0430\u00a0\u0415\u0423, \u043a\u0430\u043a\u043e \u043a\u0440\u043e\u0432\u043d\u0430 \u0441\u0442\u0440\u0430\u0442\u0435\u0433\u0438\u0458\u0430 [&hellip;]<\/p>","protected":false},"author":2,"featured_media":0,"parent":0,"menu_order":0,"comment_status":"closed","ping_status":"closed","template":"","meta":{"_acf_changed":false,"inline_featured_image":false,"footnotes":""},"class_list":["post-2635","page","type-page","status-publish","hentry"],"acf":[],"yoast_head":"<!-- This site is optimized with the Yoast SEO plugin v27.4 - https:\/\/yoast.com\/product\/yoast-seo-wordpress\/ -->\n<title>\u0408\u041f \u041d\u0430\u0446\u0438\u043e\u043d\u0430\u043b\u043d\u0430 \u0420\u0430\u0434\u0438\u043e\u0434\u0438\u0444\u0443\u0437\u0438\u0458\u0430 - \u0411\u0440\u043e\u0434\u0431\u0435\u043d\u0434<\/title>\n<meta name=\"description\" content=\"\u0411\u0440\u043e\u0434\u0431\u0435\u043d\u0434\" \/>\n<meta name=\"robots\" content=\"index, follow, max-snippet:-1, max-image-preview:large, max-video-preview:-1\" \/>\n<link rel=\"canonical\" href=\"https:\/\/jpnrd.gov.mk\/sq\/broadband\/\" \/>\n<meta property=\"og:locale\" content=\"sq_AL\" \/>\n<meta property=\"og:type\" content=\"article\" \/>\n<meta property=\"og:title\" content=\"\u0408\u041f \u041d\u0430\u0446\u0438\u043e\u043d\u0430\u043b\u043d\u0430 \u0420\u0430\u0434\u0438\u043e\u0434\u0438\u0444\u0443\u0437\u0438\u0458\u0430 - \u0411\u0440\u043e\u0434\u0431\u0435\u043d\u0434\" \/>\n<meta property=\"og:description\" content=\"\u0411\u0440\u043e\u0434\u0431\u0435\u043d\u0434\" \/>\n<meta property=\"og:url\" content=\"https:\/\/jpnrd.gov.mk\/sq\/broadband\/\" \/>\n<meta property=\"og:site_name\" content=\"\u0408\u041f \u041d\u0430\u0446\u0438\u043e\u043d\u0430\u043b\u043d\u0430 \u0420\u0430\u0434\u0438\u043e\u0434\u0438\u0444\u0443\u0437\u0438\u0458\u0430\" \/>\n<meta property=\"article:publisher\" content=\"https:\/\/www.facebook.com\/nationalbroadcasting\/\" \/>\n<meta property=\"article:modified_time\" content=\"2022-11-16T12:52:04+00:00\" \/>\n<meta property=\"og:image\" content=\"https:\/\/jpnrd.gov.mk\/wp-content\/uploads\/2023\/03\/logo-jpmrd_cropped.jpg\" \/>\n\t<meta property=\"og:image:width\" content=\"1784\" \/>\n\t<meta property=\"og:image:height\" content=\"1184\" \/>\n\t<meta property=\"og:image:type\" content=\"image\/jpeg\" \/>\n<meta name=\"twitter:card\" content=\"summary_large_image\" \/>\n<meta name=\"twitter:label1\" content=\"Est. reading time\" \/>\n\t<meta name=\"twitter:data1\" content=\"2 minuta\" \/>\n<script type=\"application\/ld+json\" class=\"yoast-schema-graph\">{\"@context\":\"https:\\\/\\\/schema.org\",\"@graph\":[{\"@type\":\"WebPage\",\"@id\":\"https:\\\/\\\/jpnrd.gov.mk\\\/broadband\",\"url\":\"https:\\\/\\\/jpnrd.gov.mk\\\/broadband\",\"name\":\"\u0408\u041f \u041d\u0430\u0446\u0438\u043e\u043d\u0430\u043b\u043d\u0430 \u0420\u0430\u0434\u0438\u043e\u0434\u0438\u0444\u0443\u0437\u0438\u0458\u0430 - \u0411\u0440\u043e\u0434\u0431\u0435\u043d\u0434\",\"isPartOf\":{\"@id\":\"https:\\\/\\\/jpnrd.gov.mk\\\/#website\"},\"datePublished\":\"2022-06-02T13:43:44+00:00\",\"dateModified\":\"2022-11-16T12:52:04+00:00\",\"description\":\"\u0411\u0440\u043e\u0434\u0431\u0435\u043d\u0434\",\"breadcrumb\":{\"@id\":\"https:\\\/\\\/jpnrd.gov.mk\\\/broadband#breadcrumb\"},\"inLanguage\":\"sq\",\"potentialAction\":[{\"@type\":\"ReadAction\",\"target\":[\"https:\\\/\\\/jpnrd.gov.mk\\\/broadband\"]}]},{\"@type\":\"BreadcrumbList\",\"@id\":\"https:\\\/\\\/jpnrd.gov.mk\\\/broadband#breadcrumb\",\"itemListElement\":[{\"@type\":\"ListItem\",\"position\":1,\"name\":\"Home\",\"item\":\"https:\\\/\\\/jpnrd.gov.mk\\\/\"},{\"@type\":\"ListItem\",\"position\":2,\"name\":\"\u0411\u0440\u043e\u0434\u0431\u0435\u043d\u0434\"}]},{\"@type\":\"WebSite\",\"@id\":\"https:\\\/\\\/jpnrd.gov.mk\\\/#website\",\"url\":\"https:\\\/\\\/jpnrd.gov.mk\\\/\",\"name\":\"\u0408\u041f \u041d\u0430\u0446\u0438\u043e\u043d\u0430\u043b\u043d\u0430 \u0420\u0430\u0434\u0438\u043e\u0434\u0438\u0444\u0443\u0437\u0438\u0458\u0430\",\"description\":\"\",\"publisher\":{\"@id\":\"https:\\\/\\\/jpnrd.gov.mk\\\/#organization\"},\"potentialAction\":[{\"@type\":\"SearchAction\",\"target\":{\"@type\":\"EntryPoint\",\"urlTemplate\":\"https:\\\/\\\/jpnrd.gov.mk\\\/?s={search_term_string}\"},\"query-input\":{\"@type\":\"PropertyValueSpecification\",\"valueRequired\":true,\"valueName\":\"search_term_string\"}}],\"inLanguage\":\"sq\"},{\"@type\":\"Organization\",\"@id\":\"https:\\\/\\\/jpnrd.gov.mk\\\/#organization\",\"name\":\"\u0408\u041f \u041d\u0430\u0446\u0438\u043e\u043d\u0430\u043b\u043d\u0430 \u0420\u0430\u0434\u0438\u043e\u0434\u0438\u0444\u0443\u0437\u0438\u0458\u0430\",\"url\":\"https:\\\/\\\/jpnrd.gov.mk\\\/\",\"logo\":{\"@type\":\"ImageObject\",\"inLanguage\":\"sq\",\"@id\":\"https:\\\/\\\/jpnrd.gov.mk\\\/#\\\/schema\\\/logo\\\/image\\\/\",\"url\":\"https:\\\/\\\/jpnrd.gov.mk\\\/wp-content\\\/uploads\\\/2022\\\/04\\\/png-4.png\",\"contentUrl\":\"https:\\\/\\\/jpnrd.gov.mk\\\/wp-content\\\/uploads\\\/2022\\\/04\\\/png-4.png\",\"width\":193,\"height\":169,\"caption\":\"\u0408\u041f \u041d\u0430\u0446\u0438\u043e\u043d\u0430\u043b\u043d\u0430 \u0420\u0430\u0434\u0438\u043e\u0434\u0438\u0444\u0443\u0437\u0438\u0458\u0430\"},\"image\":{\"@id\":\"https:\\\/\\\/jpnrd.gov.mk\\\/#\\\/schema\\\/logo\\\/image\\\/\"},\"sameAs\":[\"https:\\\/\\\/www.facebook.com\\\/nationalbroadcasting\\\/\",\"https:\\\/\\\/www.instagram.com\\\/nacionalnaradiodifuzija\\\/\",\"https:\\\/\\\/www.linkedin.com\\\/company\\\/pe-national-broadcasting\\\/\"]}]}<\/script>\n<!-- \/ Yoast SEO plugin. -->","yoast_head_json":{"title":"\u0408\u041f \u041d\u0430\u0446\u0438\u043e\u043d\u0430\u043b\u043d\u0430 \u0420\u0430\u0434\u0438\u043e\u0434\u0438\u0444\u0443\u0437\u0438\u0458\u0430 - \u0411\u0440\u043e\u0434\u0431\u0435\u043d\u0434","description":"\u0411\u0440\u043e\u0434\u0431\u0435\u043d\u0434","robots":{"index":"index","follow":"follow","max-snippet":"max-snippet:-1","max-image-preview":"max-image-preview:large","max-video-preview":"max-video-preview:-1"},"canonical":"https:\/\/jpnrd.gov.mk\/sq\/broadband\/","og_locale":"sq_AL","og_type":"article","og_title":"\u0408\u041f \u041d\u0430\u0446\u0438\u043e\u043d\u0430\u043b\u043d\u0430 \u0420\u0430\u0434\u0438\u043e\u0434\u0438\u0444\u0443\u0437\u0438\u0458\u0430 - \u0411\u0440\u043e\u0434\u0431\u0435\u043d\u0434","og_description":"\u0411\u0440\u043e\u0434\u0431\u0435\u043d\u0434","og_url":"https:\/\/jpnrd.gov.mk\/sq\/broadband\/","og_site_name":"\u0408\u041f \u041d\u0430\u0446\u0438\u043e\u043d\u0430\u043b\u043d\u0430 \u0420\u0430\u0434\u0438\u043e\u0434\u0438\u0444\u0443\u0437\u0438\u0458\u0430","article_publisher":"https:\/\/www.facebook.com\/nationalbroadcasting\/","article_modified_time":"2022-11-16T12:52:04+00:00","og_image":[{"width":1784,"height":1184,"url":"https:\/\/jpnrd.gov.mk\/wp-content\/uploads\/2023\/03\/logo-jpmrd_cropped.jpg","type":"image\/jpeg"}],"twitter_card":"summary_large_image","twitter_misc":{"Est. reading time":"2 minuta"},"schema":{"@context":"https:\/\/schema.org","@graph":[{"@type":"WebPage","@id":"https:\/\/jpnrd.gov.mk\/broadband","url":"https:\/\/jpnrd.gov.mk\/broadband","name":"\u0408\u041f \u041d\u0430\u0446\u0438\u043e\u043d\u0430\u043b\u043d\u0430 \u0420\u0430\u0434\u0438\u043e\u0434\u0438\u0444\u0443\u0437\u0438\u0458\u0430 - \u0411\u0440\u043e\u0434\u0431\u0435\u043d\u0434","isPartOf":{"@id":"https:\/\/jpnrd.gov.mk\/#website"},"datePublished":"2022-06-02T13:43:44+00:00","dateModified":"2022-11-16T12:52:04+00:00","description":"\u0411\u0440\u043e\u0434\u0431\u0435\u043d\u0434","breadcrumb":{"@id":"https:\/\/jpnrd.gov.mk\/broadband#breadcrumb"},"inLanguage":"sq","potentialAction":[{"@type":"ReadAction","target":["https:\/\/jpnrd.gov.mk\/broadband"]}]},{"@type":"BreadcrumbList","@id":"https:\/\/jpnrd.gov.mk\/broadband#breadcrumb","itemListElement":[{"@type":"ListItem","position":1,"name":"Home","item":"https:\/\/jpnrd.gov.mk\/"},{"@type":"ListItem","position":2,"name":"\u0411\u0440\u043e\u0434\u0431\u0435\u043d\u0434"}]},{"@type":"WebSite","@id":"https:\/\/jpnrd.gov.mk\/#website","url":"https:\/\/jpnrd.gov.mk\/","name":"\u0408\u041f \u041d\u0430\u0446\u0438\u043e\u043d\u0430\u043b\u043d\u0430 \u0420\u0430\u0434\u0438\u043e\u0434\u0438\u0444\u0443\u0437\u0438\u0458\u0430","description":"","publisher":{"@id":"https:\/\/jpnrd.gov.mk\/#organization"},"potentialAction":[{"@type":"SearchAction","target":{"@type":"EntryPoint","urlTemplate":"https:\/\/jpnrd.gov.mk\/?s={search_term_string}"},"query-input":{"@type":"PropertyValueSpecification","valueRequired":true,"valueName":"search_term_string"}}],"inLanguage":"sq"},{"@type":"Organization","@id":"https:\/\/jpnrd.gov.mk\/#organization","name":"\u0408\u041f \u041d\u0430\u0446\u0438\u043e\u043d\u0430\u043b\u043d\u0430 \u0420\u0430\u0434\u0438\u043e\u0434\u0438\u0444\u0443\u0437\u0438\u0458\u0430","url":"https:\/\/jpnrd.gov.mk\/","logo":{"@type":"ImageObject","inLanguage":"sq","@id":"https:\/\/jpnrd.gov.mk\/#\/schema\/logo\/image\/","url":"https:\/\/jpnrd.gov.mk\/wp-content\/uploads\/2022\/04\/png-4.png","contentUrl":"https:\/\/jpnrd.gov.mk\/wp-content\/uploads\/2022\/04\/png-4.png","width":193,"height":169,"caption":"\u0408\u041f \u041d\u0430\u0446\u0438\u043e\u043d\u0430\u043b\u043d\u0430 \u0420\u0430\u0434\u0438\u043e\u0434\u0438\u0444\u0443\u0437\u0438\u0458\u0430"},"image":{"@id":"https:\/\/jpnrd.gov.mk\/#\/schema\/logo\/image\/"},"sameAs":["https:\/\/www.facebook.com\/nationalbroadcasting\/","https:\/\/www.instagram.com\/nacionalnaradiodifuzija\/","https:\/\/www.linkedin.com\/company\/pe-national-broadcasting\/"]}]}},"_links":{"self":[{"href":"https:\/\/jpnrd.gov.mk\/sq\/wp-json\/wp\/v2\/pages\/2635","targetHints":{"allow":["GET"]}}],"collection":[{"href":"https:\/\/jpnrd.gov.mk\/sq\/wp-json\/wp\/v2\/pages"}],"about":[{"href":"https:\/\/jpnrd.gov.mk\/sq\/wp-json\/wp\/v2\/types\/page"}],"author":[{"embeddable":true,"href":"https:\/\/jpnrd.gov.mk\/sq\/wp-json\/wp\/v2\/users\/2"}],"replies":[{"embeddable":true,"href":"https:\/\/jpnrd.gov.mk\/sq\/wp-json\/wp\/v2\/comments?post=2635"}],"version-history":[{"count":6,"href":"https:\/\/jpnrd.gov.mk\/sq\/wp-json\/wp\/v2\/pages\/2635\/revisions"}],"predecessor-version":[{"id":3542,"href":"https:\/\/jpnrd.gov.mk\/sq\/wp-json\/wp\/v2\/pages\/2635\/revisions\/3542"}],"wp:attachment":[{"href":"https:\/\/jpnrd.gov.mk\/sq\/wp-json\/wp\/v2\/media?parent=2635"}],"curies":[{"name":"wp","href":"https:\/\/api.w.org\/{rel}","templated":true}]}}