{"id":1880,"date":"2022-04-10T12:24:51","date_gmt":"2022-04-10T12:24:51","guid":{"rendered":"https:\/\/jpnrd.gov.mk\/?page_id=1880"},"modified":"2022-11-17T12:04:06","modified_gmt":"2022-11-17T12:04:06","slug":"sektor-za-normativno-pravni-i-opsti-raboti-i-covecki-resursi","status":"publish","type":"page","link":"https:\/\/jpnrd.gov.mk\/sq\/sektor-za-normativno-pravni-i-opsti-raboti-i-covecki-resursi","title":{"rendered":"Sektori i \u00e7\u00ebshtjeve normatike - juridike dhe t\u00eb p\u00ebrgjithshme dhe i burimeve njer\u00ebzore"},"content":{"rendered":"<div data-elementor-type=\"wp-page\" data-elementor-id=\"1880\" class=\"elementor elementor-1880\">\n\t\t\t\t\t\t<section class=\"elementor-section elementor-top-section elementor-element elementor-element-46aa747 elementor-section-boxed elementor-section-height-default elementor-section-height-default\" data-id=\"46aa747\" data-element_type=\"section\">\n\t\t\t\t\t\t<div class=\"elementor-container elementor-column-gap-default\">\n\t\t\t\t\t<div class=\"elementor-column elementor-col-100 elementor-top-column elementor-element elementor-element-87f907a\" data-id=\"87f907a\" data-element_type=\"column\">\n\t\t\t<div class=\"elementor-widget-wrap elementor-element-populated\">\n\t\t\t\t\t\t<div class=\"elementor-element elementor-element-cc8b781 elementor-widget elementor-widget-text-editor\" data-id=\"cc8b781\" data-element_type=\"widget\" data-widget_type=\"text-editor.default\">\n\t\t\t\t<div class=\"elementor-widget-container\">\n\t\t\t\t\t\t\t<p><strong>Sektori i pun\u00ebve juridike, t\u00eb kuadrit dhe<\/strong>\u00a0<strong>t\u00eb p\u00ebrgjithshme<\/strong>\u00a0<strong>i p\u00ebrmban k\u00ebto seksione:<\/strong><\/p><ul><li><p>Seksioni i pun\u00ebve juridike dhe i marr\u00ebdh\u00ebnieve t\u00eb pun\u00ebs<\/p><\/li><li><p>Seksioni i burimeve njer\u00ebzore<\/p><\/li><li><p>Seksioni i pun\u00ebve t\u00eb p\u00ebrgjithshme<\/p><\/li><\/ul><p><strong>Detyrat e seksionit t\u00eb pun\u00ebve juridike jan\u00eb:<\/strong><\/p><ul><li><p>\u00a0Siguron p\u00ebrkrahje juridike n\u00eb realizimin e t\u00eb drejtave dhe obligimeve t\u00eb NP.<\/p><\/li><li><p>\u00a0I organizon dhe p\u00ebrcjell procedurat p\u00ebr zgjidhje t\u00eb kontesteve (gjyq\u00ebsore, administrative etj. dhe zbaton analiza juridike n\u00eb em\u00ebr t\u00eb NP, n\u00eb \u00e7ka l\u00ebshon raporte p\u00ebr k\u00ebto procedura n\u00eb \u00e7do dy muaj;<\/p><\/li><li><p>\u00a0E p\u00ebrfaq\u00ebson NP para gjykatave kompetente, organeve shtet\u00ebrore dhe institucioneve tjera n\u00eb pajtim me udh\u00ebzimet e drejtorit;<\/p><\/li><li><p>\u00a0P\u00ebrpilon dokumente p\u00ebr ngritjen e procedurave para organeve gjyq\u00ebsore dhe administrative, p\u00ebr mbrojtjen e interesave t\u00eb NP;<\/p><\/li><li><p>\u00a0E p\u00ebrcjell\u00eb rregullativ\u00ebn ligjore dhe n\u00ebnligjore dhe p\u00ebr ndryshimet e miratuara dor\u00ebzon informata n\u00eb sektor\u00ebt kompetent;<\/p><\/li><li><p>\u00a0Jep mendim dhe propozime lidhur me ndryshimet dhe poloit\u00ebsimet ose miratimin e rregullativ\u00ebs ligjore t\u00eb lidhura me pun\u00ebn e NP;<\/p><\/li><li><p>\u00a0U jep mendim organeve t\u00eb drejtoris\u00eb shtet\u00ebrore, organizatave tjera dhe institucioneve sipas \u00e7\u00ebshtjeve t\u00eb p\u00ebrcaktuara lidhur me pun\u00ebn NP;<\/p><\/li><li><p>\u00a0E organizon pun\u00ebn e K\u00ebshillit Drejtues dhe K\u00ebshilli mbik\u00ebqyr\u00ebs, lidhur me respektimin e t\u00eb drejtave t\u00eb p\u00ebrcaktuara dhe obligimet e aspektit juridik, n\u00eb pajtim me aktet e miratura;<\/p><\/li><li><p>\u00a0E kontrollon dhe organizon p\u00ebrgatitjen e akteve q\u00eb i miraton drejtori,<\/p><\/li><li><p>\u00a0Mban evidenc\u00eb t\u00eb ve\u00e7ant\u00eb p\u00ebr pun\u00ebn e K\u00ebshillit drejtues dhe mbik\u00ebqyr\u00ebs, dhe evidence e ve\u00e7ant\u00eb p\u00ebr akte t\u00eb miratuar;<\/p><\/li><li><p>\u00a0I p\u00ebrcjell\u00eb obligimet nga ana e Qeveris\u00ebs s\u00eb Republik\u00ebs s\u00eb Maqedonis\u00eb s\u00eb Veriut, Ministria e Shoq\u00ebris\u00eb Informatike dhe e Administrat\u00ebs, AKE dhe etj, n\u00eb pjes\u00ebn e obligimeve ndaj NP;<\/p><\/li><li><p>\u00a0Jep komente dhe rekomandime p\u00ebr Sektorin e prokurimeve publike lidhur me dispozitat e p\u00ebrgatitura jep sqarime p\u00ebr zbatimin e ligjeve, akteve n\u00ebnligjore etj, p\u00ebrkat\u00ebsisht jep mendim lidhur me t\u00eb drejtat, detyrat dhe obligimet e NP n\u00eb pajtim me ligjin p\u00ebr furnizime publike;<\/p><\/li><li><p>\u00a0Jep mendim t\u00eb procedurave p\u00ebr furnizimin e mallrave, sh\u00ebrbimeve dhe pun\u00ebve p\u00ebr nevojat e NP nga aspekti i p\u00ebrputhshm\u00ebris\u00eb s\u00eb tyre me rregullativ\u00ebn ligjore,<\/p><\/li><li><p>\u00a0I p\u00ebrgatit marr\u00ebveshjet p\u00ebr prokurimet publike, marr\u00ebveshjet e shitblerjes, marr\u00ebveshjet e pun\u00ebs, marr\u00ebveshjet e bashk\u00ebpunimit teknik afarist dhe marr\u00ebveshje t\u00eb tjera me t\u00eb cilat rregullohen t\u00eb drejtat dhe obligimet e NP;<\/p><\/li><li><p>\u00a0P\u00ebrpilon dokumente p\u00ebr em\u00ebrimin e personave t\u00eb pun\u00ebsuar n\u00eb pjes\u00ebn e realizimit t\u00eb marr\u00ebveshjeve t\u00eb lidhura;<\/p><\/li><li><p>\u00a0Jep interpretim t\u00eb kontesteve t\u00eb p\u00ebrcaktuar n\u00eb pjes\u00ebn e marr\u00ebveshjeve t\u00eb lidhura;<\/p><\/li><li><p>\u00a0Ngrit proedura p\u00ebr rregullimin e marr\u00ebdh\u00ebnieve pron\u00ebsore-juridike n\u00eb pjes\u00ebn e pron\u00ebsis\u00eb, posedimit, shfryt\u00ebzimit etj, i sendeve nga ana e NP;<\/p><\/li><li><p>\u00a0Menaxhimi i regjistrit t\u00eb ve\u00e7ant\u00eb p\u00ebr dokumentacionin e plot\u00eb n\u00eb pjes\u00ebn e pun\u00ebve pron\u00ebsore juridike;<\/p><\/li><li><p>\u00a0E menaxhon, kontrollon procedur\u00ebn p\u00ebr pun\u00ebsim n\u00eb pajtim me Ligjin p\u00ebr marr\u00ebdh\u00ebnie pune dhe rregullativ\u00ebn tjet\u00ebr pozitive ligjore<\/p><\/li><\/ul><p><strong>Detyrat e Seksionit t\u00eb pun\u00ebve t\u00eb p\u00ebrgjithshme jan\u00eb:<\/strong><\/p><ul><li><p>\u00a0T\u00eb rregullohet m\u00ebnyra e pun\u00ebs n\u00eb Seksionin t\u00eb pun\u00ebve t\u00eb p\u00ebrgjithshme;<\/p><\/li><li><p>\u00a0Ta menaxhoj\u00eb procedur\u00ebn q\u00eb t\u00eb planifikohen, organizohen dhe realizohen aktivitetet e prokurimeve publike me q\u00ebllim t\u00eb sigurimit t\u00eb raportit efikas, transparent, t\u00eb paansh\u00ebm t\u00eb barabart\u00eb ndaj t\u00eb gjitha pal\u00ebve, gjithashtu edhe komunikimi ndaj t\u00eb gjith\u00eb operator\u00ebve ekonomike, me furnizim n\u00eb koh\u00eb dhe t\u00eb rregullt t\u00eb mallrave, sh\u00ebrbimeve dhe pun\u00ebve;<\/p><\/li><li><p>\u00a0T\u00eb mbahet procedur\u00eb dhe evidenc\u00eb p\u00ebr ndryshimin e masave p\u00ebr siguri dhe sh\u00ebndet gjat\u00eb pun\u00ebs:<\/p><\/li><li><p>\u00a0T\u00eb mbahet procedure dhe evidence p\u00ebr zbatimin e masave p\u00ebr mbrojtje sh\u00ebndet\u00ebsore;<\/p><\/li><li><p>\u00a0T\u00eb mbahet evidence p\u00ebr mbrojtje kund\u00ebr zjarrit;<\/p><\/li><li><p>\u00a0T\u00eb p\u00ebrcaktohet m\u00ebnyra e evidentimit, kontrollit, analiz\u00ebs dhe shfryt\u00ebzimit t\u00eb mjeteve zyrtare transportuese;<\/p><\/li><li><p>\u00a0T\u00eb mbahet procedura e cila rregullohet m\u00ebnyra e pun\u00ebs dhe rregullat e veprimit me materialin dokumentar dhe materialit arkivor n\u00eb pun\u00ebn e zyr\u00ebs dhe arkivit;<\/p><\/li><li><p>\u00a0Mir\u00ebmbajtja e higjien\u00ebs n\u00eb hap\u00ebsirat zyrtare.<\/p><\/li><\/ul><p>\u00a0<\/p>\t\t\t\t\t\t<\/div>\n\t\t\t\t<\/div>\n\t\t\t\t\t<\/div>\n\t\t<\/div>\n\t\t\t\t\t<\/div>\n\t\t<\/section>\n\t\t\t\t<\/div>","protected":false},"excerpt":{"rendered":"<p>\u0421\u0435\u043a\u0442\u043e\u0440\u043e\u0442 \u0437\u0430\u00a0\u0437\u0430\u00a0\u043d\u043e\u0440\u043c\u0430\u0442\u0438\u0432\u043d\u043e \u2013 \u043f\u0440\u0430\u0432\u043d\u0438 \u0438 \u043e\u043f\u0448\u0442\u0438 \u0440\u0430\u0431\u043e\u0442\u0438 \u0438 \u0447\u043e\u0432\u0435\u0447\u043a\u0438\u00a0\u0440\u0435\u0441\u0443\u0440\u0441\u0438\u00a0\u0433\u0438 \u0441\u043e\u0434\u0440\u0436\u0438 \u0441\u043b\u0435\u0434\u043d\u0438\u0442\u0435\u00a0\u043e\u0434\u0434\u0435\u043b\u0435\u043d\u0438\u0458\u0430: \u041e\u0414\u0414\u0415\u041b\u0415\u041d\u0418\u0415 \u0417\u0410 \u041d\u041e\u0420\u041c\u0410\u0422\u0418\u0412\u041d\u041e-\u041f\u0420\u0410\u0412\u041d\u0418 \u0420\u0410\u0411\u041e\u0422\u0418 \u041e\u0414\u0414\u0415\u041b\u0415\u041d\u0418\u0415 \u0417\u0410 \u0427\u041e\u0412\u0415\u0427\u041a\u0418 \u0420\u0415\u0421\u0423\u0420\u0421\u0418 \u041e\u0414\u0414\u0415\u041b\u0415\u041d\u0418\u0415 \u0417\u0410 \u041e\u041f\u0428\u0422\u0418 \u0420\u0410\u0411\u041e\u0422\u0418 \u0417\u0430\u0434\u0430\u0447\u0430 \u043d\u0430 \u043e\u0434\u0434\u0435\u043b\u0435\u043d\u0438\u0435\u0442\u043e \u0437\u0430 \u043f\u0440\u0430\u0432\u043d\u0438 \u0440\u0430\u0431\u043e\u0442\u0438 \u0435: \u00a0\u041e\u0431\u0435\u0437\u0431\u0435\u0434\u0443\u0432\u0430 \u043f\u0440\u0430\u0432\u043d\u0430 \u043f\u043e\u0434\u0434\u0440\u0448\u043a\u0430 \u0432\u043e \u043e\u0441\u0442\u0432\u0430\u0440\u0443\u0432\u0430\u045a\u0435 \u043d\u0430 \u043f\u0440\u0430\u0432\u0430\u0442\u0430 \u0438 \u043e\u0431\u0432\u0440\u0441\u043a\u0438\u0442\u0435 \u043d\u0430 \u0408\u041f. \u00a0\u0408\u0430 \u043e\u0440\u0433\u0430\u043d\u0438\u0437\u0438\u0440\u0430 \u0438 \u0433\u0438 \u0441\u043b\u0435\u0434\u0438 \u043f\u043e\u0441\u0442\u0430\u043f\u043a\u0438\u0442\u0435 \u0437\u0430 \u0440\u0435\u0448\u0430\u0432\u0430\u045a\u0435 \u043d\u0430 \u0441\u043f\u043e\u0440\u043e\u0432\u0438\u0442\u0435 (\u0441\u0443\u0434\u0441\u043a\u0438, \u0443\u043f\u0440\u0430\u0432\u043d\u0438 \u0438 \u0441\u043b) [&hellip;]<\/p>","protected":false},"author":2,"featured_media":0,"parent":0,"menu_order":0,"comment_status":"closed","ping_status":"closed","template":"","meta":{"_acf_changed":false,"inline_featured_image":false,"footnotes":""},"class_list":["post-1880","page","type-page","status-publish","hentry"],"acf":[],"yoast_head":"<!-- This site is optimized with the Yoast SEO plugin v27.4 - https:\/\/yoast.com\/product\/yoast-seo-wordpress\/ -->\n<title>\u0408\u041f \u041d\u0430\u0446\u0438\u043e\u043d\u0430\u043b\u043d\u0430 \u0420\u0430\u0434\u0438\u043e\u0434\u0438\u0444\u0443\u0437\u0438\u0458\u0430 - \u0421\u0435\u043a\u0442\u043e\u0440 \u0437\u0430 \u041d\u043e\u0440\u043c\u0430\u0442\u0438\u0432\u043d\u043e \u2013 \u041f\u0440\u0430\u0432\u043d\u0438 \u0438 \u041e\u043f\u0448\u0442\u0438 \u0420\u0430\u0431\u043e\u0442\u0438 \u0438 \u0427\u043e\u0432\u0435\u0447\u043a\u0438 \u0420\u0435\u0441\u0443\u0440\u0441\u0438<\/title>\n<meta name=\"description\" content=\"\u0421\u0435\u043a\u0442\u043e\u0440 \u0437\u0430 \u041d\u043e\u0440\u043c\u0430\u0442\u0438\u0432\u043d\u043e \u2013 \u041f\u0440\u0430\u0432\u043d\u0438 \u0438 \u041e\u043f\u0448\u0442\u0438 \u0420\u0430\u0431\u043e\u0442\u0438 \u0438 \u0427\u043e\u0432\u0435\u0447\u043a\u0438 \u0420\u0435\u0441\u0443\u0440\u0441\u0438\" \/>\n<meta name=\"robots\" content=\"index, follow, max-snippet:-1, max-image-preview:large, max-video-preview:-1\" \/>\n<link rel=\"canonical\" href=\"https:\/\/jpnrd.gov.mk\/sq\/sektor-za-normativno-pravni-i-opsti-raboti-i-covecki-resursi\/\" \/>\n<meta property=\"og:locale\" content=\"sq_AL\" \/>\n<meta property=\"og:type\" content=\"article\" \/>\n<meta property=\"og:title\" content=\"\u0408\u041f \u041d\u0430\u0446\u0438\u043e\u043d\u0430\u043b\u043d\u0430 \u0420\u0430\u0434\u0438\u043e\u0434\u0438\u0444\u0443\u0437\u0438\u0458\u0430 - \u0421\u0435\u043a\u0442\u043e\u0440 \u0437\u0430 \u041d\u043e\u0440\u043c\u0430\u0442\u0438\u0432\u043d\u043e \u2013 \u041f\u0440\u0430\u0432\u043d\u0438 \u0438 \u041e\u043f\u0448\u0442\u0438 \u0420\u0430\u0431\u043e\u0442\u0438 \u0438 \u0427\u043e\u0432\u0435\u0447\u043a\u0438 \u0420\u0435\u0441\u0443\u0440\u0441\u0438\" \/>\n<meta property=\"og:description\" content=\"\u0421\u0435\u043a\u0442\u043e\u0440 \u0437\u0430 \u041d\u043e\u0440\u043c\u0430\u0442\u0438\u0432\u043d\u043e \u2013 \u041f\u0440\u0430\u0432\u043d\u0438 \u0438 \u041e\u043f\u0448\u0442\u0438 \u0420\u0430\u0431\u043e\u0442\u0438 \u0438 \u0427\u043e\u0432\u0435\u0447\u043a\u0438 \u0420\u0435\u0441\u0443\u0440\u0441\u0438\" \/>\n<meta property=\"og:url\" content=\"https:\/\/jpnrd.gov.mk\/sq\/sektor-za-normativno-pravni-i-opsti-raboti-i-covecki-resursi\/\" \/>\n<meta property=\"og:site_name\" content=\"\u0408\u041f \u041d\u0430\u0446\u0438\u043e\u043d\u0430\u043b\u043d\u0430 \u0420\u0430\u0434\u0438\u043e\u0434\u0438\u0444\u0443\u0437\u0438\u0458\u0430\" \/>\n<meta property=\"article:publisher\" content=\"https:\/\/www.facebook.com\/nationalbroadcasting\/\" \/>\n<meta property=\"article:modified_time\" content=\"2022-11-17T12:04:06+00:00\" \/>\n<meta property=\"og:image\" content=\"https:\/\/jpnrd.gov.mk\/wp-content\/uploads\/2023\/03\/logo-jpmrd_cropped.jpg\" \/>\n\t<meta property=\"og:image:width\" content=\"1784\" \/>\n\t<meta property=\"og:image:height\" content=\"1184\" \/>\n\t<meta property=\"og:image:type\" content=\"image\/jpeg\" \/>\n<meta name=\"twitter:card\" content=\"summary_large_image\" \/>\n<meta name=\"twitter:label1\" content=\"Est. reading time\" \/>\n\t<meta name=\"twitter:data1\" content=\"3 minuta\" \/>\n<script type=\"application\/ld+json\" class=\"yoast-schema-graph\">{\"@context\":\"https:\\\/\\\/schema.org\",\"@graph\":[{\"@type\":\"WebPage\",\"@id\":\"https:\\\/\\\/jpnrd.gov.mk\\\/sektor-za-normativno-pravni-i-opsti-raboti-i-covecki-resursi\",\"url\":\"https:\\\/\\\/jpnrd.gov.mk\\\/sektor-za-normativno-pravni-i-opsti-raboti-i-covecki-resursi\",\"name\":\"\u0408\u041f \u041d\u0430\u0446\u0438\u043e\u043d\u0430\u043b\u043d\u0430 \u0420\u0430\u0434\u0438\u043e\u0434\u0438\u0444\u0443\u0437\u0438\u0458\u0430 - \u0421\u0435\u043a\u0442\u043e\u0440 \u0437\u0430 \u041d\u043e\u0440\u043c\u0430\u0442\u0438\u0432\u043d\u043e \u2013 \u041f\u0440\u0430\u0432\u043d\u0438 \u0438 \u041e\u043f\u0448\u0442\u0438 \u0420\u0430\u0431\u043e\u0442\u0438 \u0438 \u0427\u043e\u0432\u0435\u0447\u043a\u0438 \u0420\u0435\u0441\u0443\u0440\u0441\u0438\",\"isPartOf\":{\"@id\":\"https:\\\/\\\/jpnrd.gov.mk\\\/#website\"},\"datePublished\":\"2022-04-10T12:24:51+00:00\",\"dateModified\":\"2022-11-17T12:04:06+00:00\",\"description\":\"\u0421\u0435\u043a\u0442\u043e\u0440 \u0437\u0430 \u041d\u043e\u0440\u043c\u0430\u0442\u0438\u0432\u043d\u043e \u2013 \u041f\u0440\u0430\u0432\u043d\u0438 \u0438 \u041e\u043f\u0448\u0442\u0438 \u0420\u0430\u0431\u043e\u0442\u0438 \u0438 \u0427\u043e\u0432\u0435\u0447\u043a\u0438 \u0420\u0435\u0441\u0443\u0440\u0441\u0438\",\"breadcrumb\":{\"@id\":\"https:\\\/\\\/jpnrd.gov.mk\\\/sektor-za-normativno-pravni-i-opsti-raboti-i-covecki-resursi#breadcrumb\"},\"inLanguage\":\"sq\",\"potentialAction\":[{\"@type\":\"ReadAction\",\"target\":[\"https:\\\/\\\/jpnrd.gov.mk\\\/sektor-za-normativno-pravni-i-opsti-raboti-i-covecki-resursi\"]}]},{\"@type\":\"BreadcrumbList\",\"@id\":\"https:\\\/\\\/jpnrd.gov.mk\\\/sektor-za-normativno-pravni-i-opsti-raboti-i-covecki-resursi#breadcrumb\",\"itemListElement\":[{\"@type\":\"ListItem\",\"position\":1,\"name\":\"Home\",\"item\":\"https:\\\/\\\/jpnrd.gov.mk\\\/\"},{\"@type\":\"ListItem\",\"position\":2,\"name\":\"\u0421\u0435\u043a\u0442\u043e\u0440 \u0437\u0430 \u041d\u043e\u0440\u043c\u0430\u0442\u0438\u0432\u043d\u043e \u2013 \u041f\u0440\u0430\u0432\u043d\u0438 \u0438 \u041e\u043f\u0448\u0442\u0438 \u0420\u0430\u0431\u043e\u0442\u0438 \u0438 \u0427\u043e\u0432\u0435\u0447\u043a\u0438 \u0420\u0435\u0441\u0443\u0440\u0441\u0438\"}]},{\"@type\":\"WebSite\",\"@id\":\"https:\\\/\\\/jpnrd.gov.mk\\\/#website\",\"url\":\"https:\\\/\\\/jpnrd.gov.mk\\\/\",\"name\":\"\u0408\u041f \u041d\u0430\u0446\u0438\u043e\u043d\u0430\u043b\u043d\u0430 \u0420\u0430\u0434\u0438\u043e\u0434\u0438\u0444\u0443\u0437\u0438\u0458\u0430\",\"description\":\"\",\"publisher\":{\"@id\":\"https:\\\/\\\/jpnrd.gov.mk\\\/#organization\"},\"potentialAction\":[{\"@type\":\"SearchAction\",\"target\":{\"@type\":\"EntryPoint\",\"urlTemplate\":\"https:\\\/\\\/jpnrd.gov.mk\\\/?s={search_term_string}\"},\"query-input\":{\"@type\":\"PropertyValueSpecification\",\"valueRequired\":true,\"valueName\":\"search_term_string\"}}],\"inLanguage\":\"sq\"},{\"@type\":\"Organization\",\"@id\":\"https:\\\/\\\/jpnrd.gov.mk\\\/#organization\",\"name\":\"\u0408\u041f \u041d\u0430\u0446\u0438\u043e\u043d\u0430\u043b\u043d\u0430 \u0420\u0430\u0434\u0438\u043e\u0434\u0438\u0444\u0443\u0437\u0438\u0458\u0430\",\"url\":\"https:\\\/\\\/jpnrd.gov.mk\\\/\",\"logo\":{\"@type\":\"ImageObject\",\"inLanguage\":\"sq\",\"@id\":\"https:\\\/\\\/jpnrd.gov.mk\\\/#\\\/schema\\\/logo\\\/image\\\/\",\"url\":\"https:\\\/\\\/jpnrd.gov.mk\\\/wp-content\\\/uploads\\\/2022\\\/04\\\/png-4.png\",\"contentUrl\":\"https:\\\/\\\/jpnrd.gov.mk\\\/wp-content\\\/uploads\\\/2022\\\/04\\\/png-4.png\",\"width\":193,\"height\":169,\"caption\":\"\u0408\u041f \u041d\u0430\u0446\u0438\u043e\u043d\u0430\u043b\u043d\u0430 \u0420\u0430\u0434\u0438\u043e\u0434\u0438\u0444\u0443\u0437\u0438\u0458\u0430\"},\"image\":{\"@id\":\"https:\\\/\\\/jpnrd.gov.mk\\\/#\\\/schema\\\/logo\\\/image\\\/\"},\"sameAs\":[\"https:\\\/\\\/www.facebook.com\\\/nationalbroadcasting\\\/\",\"https:\\\/\\\/www.instagram.com\\\/nacionalnaradiodifuzija\\\/\",\"https:\\\/\\\/www.linkedin.com\\\/company\\\/pe-national-broadcasting\\\/\"]}]}<\/script>\n<!-- \/ Yoast SEO plugin. -->","yoast_head_json":{"title":"\u0408\u041f \u041d\u0430\u0446\u0438\u043e\u043d\u0430\u043b\u043d\u0430 \u0420\u0430\u0434\u0438\u043e\u0434\u0438\u0444\u0443\u0437\u0438\u0458\u0430 - \u0421\u0435\u043a\u0442\u043e\u0440 \u0437\u0430 \u041d\u043e\u0440\u043c\u0430\u0442\u0438\u0432\u043d\u043e \u2013 \u041f\u0440\u0430\u0432\u043d\u0438 \u0438 \u041e\u043f\u0448\u0442\u0438 \u0420\u0430\u0431\u043e\u0442\u0438 \u0438 \u0427\u043e\u0432\u0435\u0447\u043a\u0438 \u0420\u0435\u0441\u0443\u0440\u0441\u0438","description":"\u0421\u0435\u043a\u0442\u043e\u0440 \u0437\u0430 \u041d\u043e\u0440\u043c\u0430\u0442\u0438\u0432\u043d\u043e \u2013 \u041f\u0440\u0430\u0432\u043d\u0438 \u0438 \u041e\u043f\u0448\u0442\u0438 \u0420\u0430\u0431\u043e\u0442\u0438 \u0438 \u0427\u043e\u0432\u0435\u0447\u043a\u0438 \u0420\u0435\u0441\u0443\u0440\u0441\u0438","robots":{"index":"index","follow":"follow","max-snippet":"max-snippet:-1","max-image-preview":"max-image-preview:large","max-video-preview":"max-video-preview:-1"},"canonical":"https:\/\/jpnrd.gov.mk\/sq\/sektor-za-normativno-pravni-i-opsti-raboti-i-covecki-resursi\/","og_locale":"sq_AL","og_type":"article","og_title":"\u0408\u041f \u041d\u0430\u0446\u0438\u043e\u043d\u0430\u043b\u043d\u0430 \u0420\u0430\u0434\u0438\u043e\u0434\u0438\u0444\u0443\u0437\u0438\u0458\u0430 - \u0421\u0435\u043a\u0442\u043e\u0440 \u0437\u0430 \u041d\u043e\u0440\u043c\u0430\u0442\u0438\u0432\u043d\u043e \u2013 \u041f\u0440\u0430\u0432\u043d\u0438 \u0438 \u041e\u043f\u0448\u0442\u0438 \u0420\u0430\u0431\u043e\u0442\u0438 \u0438 \u0427\u043e\u0432\u0435\u0447\u043a\u0438 \u0420\u0435\u0441\u0443\u0440\u0441\u0438","og_description":"\u0421\u0435\u043a\u0442\u043e\u0440 \u0437\u0430 \u041d\u043e\u0440\u043c\u0430\u0442\u0438\u0432\u043d\u043e \u2013 \u041f\u0440\u0430\u0432\u043d\u0438 \u0438 \u041e\u043f\u0448\u0442\u0438 \u0420\u0430\u0431\u043e\u0442\u0438 \u0438 \u0427\u043e\u0432\u0435\u0447\u043a\u0438 \u0420\u0435\u0441\u0443\u0440\u0441\u0438","og_url":"https:\/\/jpnrd.gov.mk\/sq\/sektor-za-normativno-pravni-i-opsti-raboti-i-covecki-resursi\/","og_site_name":"\u0408\u041f \u041d\u0430\u0446\u0438\u043e\u043d\u0430\u043b\u043d\u0430 \u0420\u0430\u0434\u0438\u043e\u0434\u0438\u0444\u0443\u0437\u0438\u0458\u0430","article_publisher":"https:\/\/www.facebook.com\/nationalbroadcasting\/","article_modified_time":"2022-11-17T12:04:06+00:00","og_image":[{"width":1784,"height":1184,"url":"https:\/\/jpnrd.gov.mk\/wp-content\/uploads\/2023\/03\/logo-jpmrd_cropped.jpg","type":"image\/jpeg"}],"twitter_card":"summary_large_image","twitter_misc":{"Est. reading time":"3 minuta"},"schema":{"@context":"https:\/\/schema.org","@graph":[{"@type":"WebPage","@id":"https:\/\/jpnrd.gov.mk\/sektor-za-normativno-pravni-i-opsti-raboti-i-covecki-resursi","url":"https:\/\/jpnrd.gov.mk\/sektor-za-normativno-pravni-i-opsti-raboti-i-covecki-resursi","name":"\u0408\u041f \u041d\u0430\u0446\u0438\u043e\u043d\u0430\u043b\u043d\u0430 \u0420\u0430\u0434\u0438\u043e\u0434\u0438\u0444\u0443\u0437\u0438\u0458\u0430 - \u0421\u0435\u043a\u0442\u043e\u0440 \u0437\u0430 \u041d\u043e\u0440\u043c\u0430\u0442\u0438\u0432\u043d\u043e \u2013 \u041f\u0440\u0430\u0432\u043d\u0438 \u0438 \u041e\u043f\u0448\u0442\u0438 \u0420\u0430\u0431\u043e\u0442\u0438 \u0438 \u0427\u043e\u0432\u0435\u0447\u043a\u0438 \u0420\u0435\u0441\u0443\u0440\u0441\u0438","isPartOf":{"@id":"https:\/\/jpnrd.gov.mk\/#website"},"datePublished":"2022-04-10T12:24:51+00:00","dateModified":"2022-11-17T12:04:06+00:00","description":"\u0421\u0435\u043a\u0442\u043e\u0440 \u0437\u0430 \u041d\u043e\u0440\u043c\u0430\u0442\u0438\u0432\u043d\u043e \u2013 \u041f\u0440\u0430\u0432\u043d\u0438 \u0438 \u041e\u043f\u0448\u0442\u0438 \u0420\u0430\u0431\u043e\u0442\u0438 \u0438 \u0427\u043e\u0432\u0435\u0447\u043a\u0438 \u0420\u0435\u0441\u0443\u0440\u0441\u0438","breadcrumb":{"@id":"https:\/\/jpnrd.gov.mk\/sektor-za-normativno-pravni-i-opsti-raboti-i-covecki-resursi#breadcrumb"},"inLanguage":"sq","potentialAction":[{"@type":"ReadAction","target":["https:\/\/jpnrd.gov.mk\/sektor-za-normativno-pravni-i-opsti-raboti-i-covecki-resursi"]}]},{"@type":"BreadcrumbList","@id":"https:\/\/jpnrd.gov.mk\/sektor-za-normativno-pravni-i-opsti-raboti-i-covecki-resursi#breadcrumb","itemListElement":[{"@type":"ListItem","position":1,"name":"Home","item":"https:\/\/jpnrd.gov.mk\/"},{"@type":"ListItem","position":2,"name":"\u0421\u0435\u043a\u0442\u043e\u0440 \u0437\u0430 \u041d\u043e\u0440\u043c\u0430\u0442\u0438\u0432\u043d\u043e \u2013 \u041f\u0440\u0430\u0432\u043d\u0438 \u0438 \u041e\u043f\u0448\u0442\u0438 \u0420\u0430\u0431\u043e\u0442\u0438 \u0438 \u0427\u043e\u0432\u0435\u0447\u043a\u0438 \u0420\u0435\u0441\u0443\u0440\u0441\u0438"}]},{"@type":"WebSite","@id":"https:\/\/jpnrd.gov.mk\/#website","url":"https:\/\/jpnrd.gov.mk\/","name":"\u0408\u041f \u041d\u0430\u0446\u0438\u043e\u043d\u0430\u043b\u043d\u0430 \u0420\u0430\u0434\u0438\u043e\u0434\u0438\u0444\u0443\u0437\u0438\u0458\u0430","description":"","publisher":{"@id":"https:\/\/jpnrd.gov.mk\/#organization"},"potentialAction":[{"@type":"SearchAction","target":{"@type":"EntryPoint","urlTemplate":"https:\/\/jpnrd.gov.mk\/?s={search_term_string}"},"query-input":{"@type":"PropertyValueSpecification","valueRequired":true,"valueName":"search_term_string"}}],"inLanguage":"sq"},{"@type":"Organization","@id":"https:\/\/jpnrd.gov.mk\/#organization","name":"\u0408\u041f \u041d\u0430\u0446\u0438\u043e\u043d\u0430\u043b\u043d\u0430 \u0420\u0430\u0434\u0438\u043e\u0434\u0438\u0444\u0443\u0437\u0438\u0458\u0430","url":"https:\/\/jpnrd.gov.mk\/","logo":{"@type":"ImageObject","inLanguage":"sq","@id":"https:\/\/jpnrd.gov.mk\/#\/schema\/logo\/image\/","url":"https:\/\/jpnrd.gov.mk\/wp-content\/uploads\/2022\/04\/png-4.png","contentUrl":"https:\/\/jpnrd.gov.mk\/wp-content\/uploads\/2022\/04\/png-4.png","width":193,"height":169,"caption":"\u0408\u041f \u041d\u0430\u0446\u0438\u043e\u043d\u0430\u043b\u043d\u0430 \u0420\u0430\u0434\u0438\u043e\u0434\u0438\u0444\u0443\u0437\u0438\u0458\u0430"},"image":{"@id":"https:\/\/jpnrd.gov.mk\/#\/schema\/logo\/image\/"},"sameAs":["https:\/\/www.facebook.com\/nationalbroadcasting\/","https:\/\/www.instagram.com\/nacionalnaradiodifuzija\/","https:\/\/www.linkedin.com\/company\/pe-national-broadcasting\/"]}]}},"_links":{"self":[{"href":"https:\/\/jpnrd.gov.mk\/sq\/wp-json\/wp\/v2\/pages\/1880","targetHints":{"allow":["GET"]}}],"collection":[{"href":"https:\/\/jpnrd.gov.mk\/sq\/wp-json\/wp\/v2\/pages"}],"about":[{"href":"https:\/\/jpnrd.gov.mk\/sq\/wp-json\/wp\/v2\/types\/page"}],"author":[{"embeddable":true,"href":"https:\/\/jpnrd.gov.mk\/sq\/wp-json\/wp\/v2\/users\/2"}],"replies":[{"embeddable":true,"href":"https:\/\/jpnrd.gov.mk\/sq\/wp-json\/wp\/v2\/comments?post=1880"}],"version-history":[{"count":3,"href":"https:\/\/jpnrd.gov.mk\/sq\/wp-json\/wp\/v2\/pages\/1880\/revisions"}],"predecessor-version":[{"id":3559,"href":"https:\/\/jpnrd.gov.mk\/sq\/wp-json\/wp\/v2\/pages\/1880\/revisions\/3559"}],"wp:attachment":[{"href":"https:\/\/jpnrd.gov.mk\/sq\/wp-json\/wp\/v2\/media?parent=1880"}],"curies":[{"name":"wp","href":"https:\/\/api.w.org\/{rel}","templated":true}]}}