{"id":1877,"date":"2022-04-10T11:45:12","date_gmt":"2022-04-10T11:45:12","guid":{"rendered":"https:\/\/jpnrd.gov.mk\/?page_id=1877"},"modified":"2022-11-17T12:03:06","modified_gmt":"2022-11-17T12:03:06","slug":"sektor-emisiona-tehnika","status":"publish","type":"page","link":"https:\/\/jpnrd.gov.mk\/sq\/sektor-emisiona-tehnika","title":{"rendered":"Sektori i teknik\u00ebs s\u00eb transmetimit"},"content":{"rendered":"<div data-elementor-type=\"wp-page\" data-elementor-id=\"1877\" class=\"elementor elementor-1877\">\n\t\t\t\t\t\t<section class=\"elementor-section elementor-top-section elementor-element elementor-element-e7ab5b8 elementor-section-boxed elementor-section-height-default elementor-section-height-default\" data-id=\"e7ab5b8\" data-element_type=\"section\">\n\t\t\t\t\t\t<div class=\"elementor-container elementor-column-gap-default\">\n\t\t\t\t\t<div class=\"elementor-column elementor-col-100 elementor-top-column elementor-element elementor-element-4c2258d\" data-id=\"4c2258d\" data-element_type=\"column\">\n\t\t\t<div class=\"elementor-widget-wrap elementor-element-populated\">\n\t\t\t\t\t\t<div class=\"elementor-element elementor-element-52ca17f elementor-widget elementor-widget-text-editor\" data-id=\"52ca17f\" data-element_type=\"widget\" data-widget_type=\"text-editor.default\">\n\t\t\t\t<div class=\"elementor-widget-container\">\n\t\t\t\t\t\t\t<p><strong>Sektori i\u00a0<\/strong><strong>teknik\u00ebs s\u00eb transmetuesit\u00a0<\/strong><strong>p\u00ebrb\u00ebhet nga k\u00ebto<\/strong><strong>seksione:<\/strong><\/p><ul><li><p><strong>NJ\u00cbSIA E RAJONEVE RADIODIFUZUESE<\/strong><strong>\u2013<\/strong><strong>LINDJE<\/strong><\/p><\/li><\/ul><p><strong>\u2013\u00a0<\/strong>OBJEKTI RADIODIFUZUES - TURTEL<\/p><p><strong>\u2013<\/strong>\u00a0OBJEKTI RADIODIFUZUES - GOLAK<\/p><p><strong>\u2013<\/strong>\u00a0OBJEKTI RADIODIFUZUES - STRUMIC\u00cb<\/p><p><strong>\u2013<\/strong>\u00a0OBJEKTI RADIODIFUZUES - GJEVGJELI<\/p><ul><li><p><strong>NJ\u00cbSIA E RAJONEVE RADIODIFUZUESE - PER\u00cbNDIM<\/strong><\/p><\/li><\/ul><p><strong>\u2013\u00a0<\/strong>OBJEKTI RADIODIFUZUES - PELISTER<\/p><p><strong>\u2013<\/strong>\u00a0OBJEKTI RADIODIFUZUES - MALI VLAJ DHE OH\u00cbR<\/p><p><strong>\u2013<\/strong>\u00a0OBJEKTI RADIODIFUZUES - MANASTIR<\/p><ul><li><p><strong>NJ\u00cbSIA E RAJONEVE RADIODIFUZUESE - QEND\u00cbR<\/strong><\/p><\/li><\/ul><p><strong>\u2013\u00a0<\/strong>OBJEKTI RADIODIFUZUES - MAJA E ZEZ\u00cb<\/p><p><strong>\u2013<\/strong>\u00a0OBJEKTI RADIODIFUZUES  - KODRA E DIELLIT<\/p><p><strong>\u2013<\/strong>\u00a0OBJEKTI RADIODIFUZUES - GOSTIVAR<\/p><ul><li><p><strong>NJ\u00cbSIA QENDRORE E VAL\u00cbVE T\u00cb MESME \u2013 OV\u00c7E-POLE<\/strong><\/p><\/li><\/ul><p><strong>\u2013\u00a0<\/strong>OBJEKTI RADIODIFUZUES - OV\u00c7EPOLE<\/p><ul><li><p><strong>NJ\u00cbSIA E LABORATORIT, E MIR\u00cbMBAJTJES TEKNIKE DHE E SERVISIMIT<\/strong><\/p><\/li><\/ul><p><strong>\u2013\u00a0<\/strong>REPARTI I MIR\u00cbMBAJTJES INTERVENUESE DHE T\u00cb VAZHDUESHME<\/p><p><strong>\u2013<\/strong>\u00a0REPARTI I MIR\u00cbMBAJTJES LABORATORIKE DHE I SERVISIMIT<\/p><p><strong>NJ\u00cb PJES\u00cb E AKTIVITETEVE T\u00cb NJ\u00cbSIS\u00cb N\u00cb SEKTORIN E TEKNIK\u00cbS S\u00cb TRANSMETIMIT JAN\u00cb:<\/strong><strong>:<\/strong><\/p><ul><li><p>Menaxhimi, planifikimi, organizimi, udh\u00ebheqja dhe kontrollimi i pun\u00ebs s\u00eb nj\u00ebsis\u00eb.<\/p><\/li><li><p>Mbajtja e evidenc\u00ebs p\u00ebrkat\u00ebse, p\u00ebrcaktimi dhe menaxhimi i \u00e7\u00ebshtjeve operative dhe administrative t\u00eb nj\u00ebsis\u00eb.<\/p><\/li><li><p>Kujdesi i p\u00ebrdorimit t\u00eb duhur t\u00eb pron\u00ebs dhe mjeteve p\u00ebr pun\u00ebn e nj\u00ebsis\u00eb.<\/p><\/li><li><p>P\u00ebrgatit, propozon dhe kujdeset p\u00ebr realizimin e planit vjetor t\u00eb pun\u00ebs s\u00eb nj\u00ebsis\u00eb.<\/p><\/li><li><p>P\u00ebrgatit, propozon dhe kujdeset p\u00ebr realizimin e planeve vjetore t\u00eb investimeve dhe financimeve t\u00eb nj\u00ebsis\u00eb.<\/p><\/li><li><p>P\u00ebrgatit specifikimet teknike p\u00ebr procedurat e tenderimit brenda fush\u00ebveprimit t\u00eb nj\u00ebsis\u00eb.<\/p><\/li><li><p>Shp\u00ebrndan detyrat dhe jep udh\u00ebzime p\u00ebr pun\u00ebn brenda nj\u00ebsis\u00eb.<\/p><\/li><li><p>Planifikon dhe kontrollon aktivitetet e p\u00ebrditshme brenda nj\u00ebsis\u00eb.<\/p><\/li><li><p>Siguron aft\u00ebsimin profesional dhe p\u00ebrsosm\u00ebrin\u00eb e punonj\u00ebsve t\u00eb nj\u00ebsis\u00eb, mbik\u00ebqyrjen e bashk\u00ebpun\u00ebtor\u00ebve t\u00eb tjer\u00eb.<\/p><\/li><li><p>Merr masa p\u00ebr p\u00ebrcaktimin e p\u00ebrgjegj\u00ebsis\u00eb p\u00ebr shkelje t\u00eb detyr\u00ebs zyrtare.<\/p><\/li><li><p>Organizon dhe menaxhon mir\u00ebmbajtjen dhe riparimin e pajisjeve, aparaturave elektronike dhe sistemeve, si dhe lokalizon dhe eliminon defektet e pajisjeve dhe aparaturave.<\/p><\/li><li><p>Mbik\u00ebqyr instalimin e pajisjeve, aparaturave dhe sistemeve.<\/p><\/li><li><p>Bashk\u00ebpunon teknikisht dhe konsultohet me ekspert\u00eb t\u00eb tjer\u00eb p\u00ebrkat\u00ebs.<\/p><\/li><\/ul><p><strong>Aktivitetet p\u00ebr m\u00ebnjanimin e defekteve:<\/strong><\/p><p>Pas marrjes s\u00eb informacionit nga punonj\u00ebsit e terminalit p\u00ebr defekt t\u00eb caktuar, udh\u00ebheq\u00ebsit e sektor\u00ebve veprojn\u00eb sipas procedur\u00ebs s\u00eb mir\u00ebmbajtjes.<\/p><p>Obligimi i punonj\u00ebsve q\u00eb kan\u00eb marr\u00eb urdh\u00ebres\u00eb pune dhe udh\u00ebtimi nga udh\u00ebheq\u00ebsi i tyre p\u00ebr t'u paraqitur n\u00eb terminal n\u00eb sektorin e telekomunikacionit dhe p\u00ebr t\u00eb dh\u00ebn\u00eb informacione p\u00ebr punonj\u00ebsit q\u00eb nisen n\u00eb rrug\u00eb, vendin dhe llojin e intervenimit, si dhe koh\u00ebn e nisjes. Pas kthimit nga udh\u00ebtimi, atyre u k\u00ebrkohet gjithashtu t\u00eb raportojn\u00eb n\u00eb terminal dhe t\u00eb japin informacione p\u00ebr intervenimin dhe koh\u00ebn e mb\u00ebrritjes nga udh\u00ebtimi.<\/p>\t\t\t\t\t\t<\/div>\n\t\t\t\t<\/div>\n\t\t\t\t\t<\/div>\n\t\t<\/div>\n\t\t\t\t\t<\/div>\n\t\t<\/section>\n\t\t\t\t<\/div>","protected":false},"excerpt":{"rendered":"<p>\u0421\u0435\u043a\u0442\u043e\u0440\u043e\u0442\u00a0\u0415\u043c\u0438\u0441\u0438\u043e\u043d\u0430 \u0422\u0435\u0445\u043d\u0438\u043a\u0430\u00a0\u0433\u0438 \u0441\u043e\u0434\u0440\u0436\u0438 \u0441\u043b\u0435\u0434\u043d\u0438\u0442\u0435 \u043e\u0434\u0434\u0435\u043b\u0435\u043d\u0438\u0430: \u041e\u0414\u0414\u0415\u041b\u0415\u041d\u0418\u0415 \u0420\u0410\u0414\u0418\u041e\u0414\u0418\u0424\u0423\u0417\u041d\u0418 \u0420\u0415\u0413\u0418\u041e\u041d\u0418\u2013\u0418\u0421\u0422\u041e\u041a \u2013\u00a0\u0420\u0410\u0414\u0418\u041e\u0414\u0418\u0424\u0423\u0417\u0415\u041d \u041e\u0411\u0408\u0415\u041a\u0422 \u0422\u0423\u0420\u0422\u0415\u041b \u2013\u00a0\u0420\u0410\u0414\u0418\u041e\u0414\u0418\u0424\u0423\u0417\u0415\u041d \u041e\u0411\u0408\u0415\u041a\u0422 \u0413\u041e\u041b\u0410\u041a \u2013\u00a0\u0420\u0410\u0414\u0418\u041e\u0414\u0418\u0424\u0423\u0417\u0415\u041d \u041e\u0411\u0408\u0415\u041a\u0422 \u0421\u0422\u0420\u0423\u041c\u0418\u0426\u0410 \u2013\u00a0\u0420\u0410\u0414\u0418\u041e\u0414\u0418\u0424\u0423\u0417\u0415\u041d \u041e\u0411\u0408\u0415\u041a\u0422 \u0413\u0415\u0412\u0413\u0415\u041b\u0418\u0408\u0410 \u041e\u0414\u0414\u0415\u041b\u0415\u041d\u0418\u0415 \u0420\u0410\u0414\u0418\u041e\u0414\u0418\u0424\u0423\u0417\u041d\u0418 \u0420\u0415\u0413\u0418\u041e\u041d\u0418-\u0417\u0410\u041f\u0410\u0414 \u2013\u00a0\u0420\u0410\u0414\u0418\u041e\u0414\u0418\u0424\u0423\u0417\u0415\u041d \u041e\u0411\u0408\u0415\u041a\u0422 \u041f\u0415\u041b\u0418\u0421\u0422\u0415\u0420 \u2013\u00a0\u0420\u0410\u0414\u0418\u041e\u0414\u0418\u0424\u0423\u0417\u0415\u041d \u041e\u0411\u0408\u0415\u041a\u0422 \u041c\u0410\u041b\u0418 \u0412\u041b\u0410\u0408 \u0418 \u041e\u0425\u0420\u0418\u0414 \u2013\u00a0\u0420\u0410\u0414\u0418\u041e\u0414\u0418\u0424\u0423\u0417\u0415\u041d \u041e\u0411\u0408\u0415\u041a\u0422 \u0411\u0418\u0422\u041e\u041b\u0410 \u041e\u0414\u0414\u0415\u041b\u0415\u041d\u0418\u0415 \u0420\u0410\u0414\u0418\u041e\u0414\u0418\u0424\u0423\u0417\u041d\u0418 \u0420\u0415\u0413\u0418\u041e\u041d\u0418-\u0426\u0415\u041d\u0422\u0410\u0420 \u2013\u00a0\u0420\u0410\u0414\u0418\u041e\u0414\u0418\u0424\u0423\u0417\u0415\u041d \u041e\u0411\u0408\u0415\u041a\u0422 \u0426\u0420\u041d \u0412\u0420\u0412 \u2013\u00a0\u0420\u0410\u0414\u0418\u041e\u0414\u0418\u0424\u0423\u0417\u0415\u041d \u041e\u0411\u0408\u0415\u041a\u0422 \u041f\u041e\u041f\u041e\u0412\u0410 \u0428\u0410\u041f\u041a\u0410 \u2013\u00a0\u0420\u0410\u0414\u0418\u041e\u0414\u0418\u0424\u0423\u0417\u0415\u041d \u041e\u0411\u0408\u0415\u041a\u0422 \u0413\u041e\u0421\u0422\u0418\u0412\u0410\u0420 \u041e\u0414\u0414\u0415\u041b\u0415\u041d\u0418\u0415 \u0421\u0420\u0415\u0414\u041d\u041e\u0411\u0420\u0410\u041d\u041e\u0412 \u0426\u0415\u041d\u0422\u0410\u0420-\u041e\u0412\u0427\u0415 \u041f\u041e\u041b\u0415 \u2013\u00a0\u0420\u0410\u0414\u0418\u041e\u0414\u0418\u0424\u0423\u0417\u0415\u041d \u041e\u0411\u0408\u0415\u041a\u0422 [&hellip;]<\/p>","protected":false},"author":2,"featured_media":0,"parent":0,"menu_order":0,"comment_status":"closed","ping_status":"closed","template":"","meta":{"_acf_changed":false,"inline_featured_image":false,"footnotes":""},"class_list":["post-1877","page","type-page","status-publish","hentry"],"acf":[],"yoast_head":"<!-- This site is optimized with the Yoast SEO plugin v27.4 - https:\/\/yoast.com\/product\/yoast-seo-wordpress\/ -->\n<title>\u0408\u041f \u041d\u0430\u0446\u0438\u043e\u043d\u0430\u043b\u043d\u0430 \u0420\u0430\u0434\u0438\u043e\u0434\u0438\u0444\u0443\u0437\u0438\u0458\u0430 - \u0421\u0435\u043a\u0442\u043e\u0440 \u0415\u043c\u0438\u0441\u0438\u043e\u043d\u0430 \u0422\u0435\u0445\u043d\u0438\u043a\u0430<\/title>\n<meta name=\"description\" content=\"\u0421\u0435\u043a\u0442\u043e\u0440 \u0415\u043c\u0438\u0441\u0438\u043e\u043d\u0430 \u0422\u0435\u0445\u043d\u0438\u043a\u0430\" \/>\n<meta name=\"robots\" content=\"index, follow, max-snippet:-1, max-image-preview:large, max-video-preview:-1\" \/>\n<link rel=\"canonical\" href=\"https:\/\/jpnrd.gov.mk\/sq\/sektor-emisiona-tehnika\/\" \/>\n<meta property=\"og:locale\" content=\"sq_AL\" \/>\n<meta property=\"og:type\" content=\"article\" \/>\n<meta property=\"og:title\" content=\"\u0408\u041f \u041d\u0430\u0446\u0438\u043e\u043d\u0430\u043b\u043d\u0430 \u0420\u0430\u0434\u0438\u043e\u0434\u0438\u0444\u0443\u0437\u0438\u0458\u0430 - \u0421\u0435\u043a\u0442\u043e\u0440 \u0415\u043c\u0438\u0441\u0438\u043e\u043d\u0430 \u0422\u0435\u0445\u043d\u0438\u043a\u0430\" \/>\n<meta property=\"og:description\" content=\"\u0421\u0435\u043a\u0442\u043e\u0440 \u0415\u043c\u0438\u0441\u0438\u043e\u043d\u0430 \u0422\u0435\u0445\u043d\u0438\u043a\u0430\" \/>\n<meta property=\"og:url\" content=\"https:\/\/jpnrd.gov.mk\/sq\/sektor-emisiona-tehnika\/\" \/>\n<meta property=\"og:site_name\" content=\"\u0408\u041f \u041d\u0430\u0446\u0438\u043e\u043d\u0430\u043b\u043d\u0430 \u0420\u0430\u0434\u0438\u043e\u0434\u0438\u0444\u0443\u0437\u0438\u0458\u0430\" \/>\n<meta property=\"article:publisher\" content=\"https:\/\/www.facebook.com\/nationalbroadcasting\/\" \/>\n<meta property=\"article:modified_time\" content=\"2022-11-17T12:03:06+00:00\" \/>\n<meta property=\"og:image\" content=\"https:\/\/jpnrd.gov.mk\/wp-content\/uploads\/2023\/03\/logo-jpmrd_cropped.jpg\" \/>\n\t<meta property=\"og:image:width\" content=\"1784\" \/>\n\t<meta property=\"og:image:height\" content=\"1184\" \/>\n\t<meta property=\"og:image:type\" content=\"image\/jpeg\" \/>\n<meta name=\"twitter:card\" content=\"summary_large_image\" \/>\n<meta name=\"twitter:label1\" content=\"Est. reading time\" \/>\n\t<meta name=\"twitter:data1\" content=\"2 minuta\" \/>\n<script type=\"application\/ld+json\" class=\"yoast-schema-graph\">{\"@context\":\"https:\\\/\\\/schema.org\",\"@graph\":[{\"@type\":\"WebPage\",\"@id\":\"https:\\\/\\\/jpnrd.gov.mk\\\/sektor-emisiona-tehnika\",\"url\":\"https:\\\/\\\/jpnrd.gov.mk\\\/sektor-emisiona-tehnika\",\"name\":\"\u0408\u041f \u041d\u0430\u0446\u0438\u043e\u043d\u0430\u043b\u043d\u0430 \u0420\u0430\u0434\u0438\u043e\u0434\u0438\u0444\u0443\u0437\u0438\u0458\u0430 - \u0421\u0435\u043a\u0442\u043e\u0440 \u0415\u043c\u0438\u0441\u0438\u043e\u043d\u0430 \u0422\u0435\u0445\u043d\u0438\u043a\u0430\",\"isPartOf\":{\"@id\":\"https:\\\/\\\/jpnrd.gov.mk\\\/#website\"},\"datePublished\":\"2022-04-10T11:45:12+00:00\",\"dateModified\":\"2022-11-17T12:03:06+00:00\",\"description\":\"\u0421\u0435\u043a\u0442\u043e\u0440 \u0415\u043c\u0438\u0441\u0438\u043e\u043d\u0430 \u0422\u0435\u0445\u043d\u0438\u043a\u0430\",\"breadcrumb\":{\"@id\":\"https:\\\/\\\/jpnrd.gov.mk\\\/sektor-emisiona-tehnika#breadcrumb\"},\"inLanguage\":\"sq\",\"potentialAction\":[{\"@type\":\"ReadAction\",\"target\":[\"https:\\\/\\\/jpnrd.gov.mk\\\/sektor-emisiona-tehnika\"]}]},{\"@type\":\"BreadcrumbList\",\"@id\":\"https:\\\/\\\/jpnrd.gov.mk\\\/sektor-emisiona-tehnika#breadcrumb\",\"itemListElement\":[{\"@type\":\"ListItem\",\"position\":1,\"name\":\"Home\",\"item\":\"https:\\\/\\\/jpnrd.gov.mk\\\/\"},{\"@type\":\"ListItem\",\"position\":2,\"name\":\"\u0421\u0435\u043a\u0442\u043e\u0440 \u0415\u043c\u0438\u0441\u0438\u043e\u043d\u0430 \u0422\u0435\u0445\u043d\u0438\u043a\u0430\"}]},{\"@type\":\"WebSite\",\"@id\":\"https:\\\/\\\/jpnrd.gov.mk\\\/#website\",\"url\":\"https:\\\/\\\/jpnrd.gov.mk\\\/\",\"name\":\"\u0408\u041f \u041d\u0430\u0446\u0438\u043e\u043d\u0430\u043b\u043d\u0430 \u0420\u0430\u0434\u0438\u043e\u0434\u0438\u0444\u0443\u0437\u0438\u0458\u0430\",\"description\":\"\",\"publisher\":{\"@id\":\"https:\\\/\\\/jpnrd.gov.mk\\\/#organization\"},\"potentialAction\":[{\"@type\":\"SearchAction\",\"target\":{\"@type\":\"EntryPoint\",\"urlTemplate\":\"https:\\\/\\\/jpnrd.gov.mk\\\/?s={search_term_string}\"},\"query-input\":{\"@type\":\"PropertyValueSpecification\",\"valueRequired\":true,\"valueName\":\"search_term_string\"}}],\"inLanguage\":\"sq\"},{\"@type\":\"Organization\",\"@id\":\"https:\\\/\\\/jpnrd.gov.mk\\\/#organization\",\"name\":\"\u0408\u041f \u041d\u0430\u0446\u0438\u043e\u043d\u0430\u043b\u043d\u0430 \u0420\u0430\u0434\u0438\u043e\u0434\u0438\u0444\u0443\u0437\u0438\u0458\u0430\",\"url\":\"https:\\\/\\\/jpnrd.gov.mk\\\/\",\"logo\":{\"@type\":\"ImageObject\",\"inLanguage\":\"sq\",\"@id\":\"https:\\\/\\\/jpnrd.gov.mk\\\/#\\\/schema\\\/logo\\\/image\\\/\",\"url\":\"https:\\\/\\\/jpnrd.gov.mk\\\/wp-content\\\/uploads\\\/2022\\\/04\\\/png-4.png\",\"contentUrl\":\"https:\\\/\\\/jpnrd.gov.mk\\\/wp-content\\\/uploads\\\/2022\\\/04\\\/png-4.png\",\"width\":193,\"height\":169,\"caption\":\"\u0408\u041f \u041d\u0430\u0446\u0438\u043e\u043d\u0430\u043b\u043d\u0430 \u0420\u0430\u0434\u0438\u043e\u0434\u0438\u0444\u0443\u0437\u0438\u0458\u0430\"},\"image\":{\"@id\":\"https:\\\/\\\/jpnrd.gov.mk\\\/#\\\/schema\\\/logo\\\/image\\\/\"},\"sameAs\":[\"https:\\\/\\\/www.facebook.com\\\/nationalbroadcasting\\\/\",\"https:\\\/\\\/www.instagram.com\\\/nacionalnaradiodifuzija\\\/\",\"https:\\\/\\\/www.linkedin.com\\\/company\\\/pe-national-broadcasting\\\/\"]}]}<\/script>\n<!-- \/ Yoast SEO plugin. -->","yoast_head_json":{"title":"\u0408\u041f \u041d\u0430\u0446\u0438\u043e\u043d\u0430\u043b\u043d\u0430 \u0420\u0430\u0434\u0438\u043e\u0434\u0438\u0444\u0443\u0437\u0438\u0458\u0430 - \u0421\u0435\u043a\u0442\u043e\u0440 \u0415\u043c\u0438\u0441\u0438\u043e\u043d\u0430 \u0422\u0435\u0445\u043d\u0438\u043a\u0430","description":"\u0421\u0435\u043a\u0442\u043e\u0440 \u0415\u043c\u0438\u0441\u0438\u043e\u043d\u0430 \u0422\u0435\u0445\u043d\u0438\u043a\u0430","robots":{"index":"index","follow":"follow","max-snippet":"max-snippet:-1","max-image-preview":"max-image-preview:large","max-video-preview":"max-video-preview:-1"},"canonical":"https:\/\/jpnrd.gov.mk\/sq\/sektor-emisiona-tehnika\/","og_locale":"sq_AL","og_type":"article","og_title":"\u0408\u041f \u041d\u0430\u0446\u0438\u043e\u043d\u0430\u043b\u043d\u0430 \u0420\u0430\u0434\u0438\u043e\u0434\u0438\u0444\u0443\u0437\u0438\u0458\u0430 - \u0421\u0435\u043a\u0442\u043e\u0440 \u0415\u043c\u0438\u0441\u0438\u043e\u043d\u0430 \u0422\u0435\u0445\u043d\u0438\u043a\u0430","og_description":"\u0421\u0435\u043a\u0442\u043e\u0440 \u0415\u043c\u0438\u0441\u0438\u043e\u043d\u0430 \u0422\u0435\u0445\u043d\u0438\u043a\u0430","og_url":"https:\/\/jpnrd.gov.mk\/sq\/sektor-emisiona-tehnika\/","og_site_name":"\u0408\u041f \u041d\u0430\u0446\u0438\u043e\u043d\u0430\u043b\u043d\u0430 \u0420\u0430\u0434\u0438\u043e\u0434\u0438\u0444\u0443\u0437\u0438\u0458\u0430","article_publisher":"https:\/\/www.facebook.com\/nationalbroadcasting\/","article_modified_time":"2022-11-17T12:03:06+00:00","og_image":[{"width":1784,"height":1184,"url":"https:\/\/jpnrd.gov.mk\/wp-content\/uploads\/2023\/03\/logo-jpmrd_cropped.jpg","type":"image\/jpeg"}],"twitter_card":"summary_large_image","twitter_misc":{"Est. reading time":"2 minuta"},"schema":{"@context":"https:\/\/schema.org","@graph":[{"@type":"WebPage","@id":"https:\/\/jpnrd.gov.mk\/sektor-emisiona-tehnika","url":"https:\/\/jpnrd.gov.mk\/sektor-emisiona-tehnika","name":"\u0408\u041f \u041d\u0430\u0446\u0438\u043e\u043d\u0430\u043b\u043d\u0430 \u0420\u0430\u0434\u0438\u043e\u0434\u0438\u0444\u0443\u0437\u0438\u0458\u0430 - \u0421\u0435\u043a\u0442\u043e\u0440 \u0415\u043c\u0438\u0441\u0438\u043e\u043d\u0430 \u0422\u0435\u0445\u043d\u0438\u043a\u0430","isPartOf":{"@id":"https:\/\/jpnrd.gov.mk\/#website"},"datePublished":"2022-04-10T11:45:12+00:00","dateModified":"2022-11-17T12:03:06+00:00","description":"\u0421\u0435\u043a\u0442\u043e\u0440 \u0415\u043c\u0438\u0441\u0438\u043e\u043d\u0430 \u0422\u0435\u0445\u043d\u0438\u043a\u0430","breadcrumb":{"@id":"https:\/\/jpnrd.gov.mk\/sektor-emisiona-tehnika#breadcrumb"},"inLanguage":"sq","potentialAction":[{"@type":"ReadAction","target":["https:\/\/jpnrd.gov.mk\/sektor-emisiona-tehnika"]}]},{"@type":"BreadcrumbList","@id":"https:\/\/jpnrd.gov.mk\/sektor-emisiona-tehnika#breadcrumb","itemListElement":[{"@type":"ListItem","position":1,"name":"Home","item":"https:\/\/jpnrd.gov.mk\/"},{"@type":"ListItem","position":2,"name":"\u0421\u0435\u043a\u0442\u043e\u0440 \u0415\u043c\u0438\u0441\u0438\u043e\u043d\u0430 \u0422\u0435\u0445\u043d\u0438\u043a\u0430"}]},{"@type":"WebSite","@id":"https:\/\/jpnrd.gov.mk\/#website","url":"https:\/\/jpnrd.gov.mk\/","name":"\u0408\u041f \u041d\u0430\u0446\u0438\u043e\u043d\u0430\u043b\u043d\u0430 \u0420\u0430\u0434\u0438\u043e\u0434\u0438\u0444\u0443\u0437\u0438\u0458\u0430","description":"","publisher":{"@id":"https:\/\/jpnrd.gov.mk\/#organization"},"potentialAction":[{"@type":"SearchAction","target":{"@type":"EntryPoint","urlTemplate":"https:\/\/jpnrd.gov.mk\/?s={search_term_string}"},"query-input":{"@type":"PropertyValueSpecification","valueRequired":true,"valueName":"search_term_string"}}],"inLanguage":"sq"},{"@type":"Organization","@id":"https:\/\/jpnrd.gov.mk\/#organization","name":"\u0408\u041f \u041d\u0430\u0446\u0438\u043e\u043d\u0430\u043b\u043d\u0430 \u0420\u0430\u0434\u0438\u043e\u0434\u0438\u0444\u0443\u0437\u0438\u0458\u0430","url":"https:\/\/jpnrd.gov.mk\/","logo":{"@type":"ImageObject","inLanguage":"sq","@id":"https:\/\/jpnrd.gov.mk\/#\/schema\/logo\/image\/","url":"https:\/\/jpnrd.gov.mk\/wp-content\/uploads\/2022\/04\/png-4.png","contentUrl":"https:\/\/jpnrd.gov.mk\/wp-content\/uploads\/2022\/04\/png-4.png","width":193,"height":169,"caption":"\u0408\u041f \u041d\u0430\u0446\u0438\u043e\u043d\u0430\u043b\u043d\u0430 \u0420\u0430\u0434\u0438\u043e\u0434\u0438\u0444\u0443\u0437\u0438\u0458\u0430"},"image":{"@id":"https:\/\/jpnrd.gov.mk\/#\/schema\/logo\/image\/"},"sameAs":["https:\/\/www.facebook.com\/nationalbroadcasting\/","https:\/\/www.instagram.com\/nacionalnaradiodifuzija\/","https:\/\/www.linkedin.com\/company\/pe-national-broadcasting\/"]}]}},"_links":{"self":[{"href":"https:\/\/jpnrd.gov.mk\/sq\/wp-json\/wp\/v2\/pages\/1877","targetHints":{"allow":["GET"]}}],"collection":[{"href":"https:\/\/jpnrd.gov.mk\/sq\/wp-json\/wp\/v2\/pages"}],"about":[{"href":"https:\/\/jpnrd.gov.mk\/sq\/wp-json\/wp\/v2\/types\/page"}],"author":[{"embeddable":true,"href":"https:\/\/jpnrd.gov.mk\/sq\/wp-json\/wp\/v2\/users\/2"}],"replies":[{"embeddable":true,"href":"https:\/\/jpnrd.gov.mk\/sq\/wp-json\/wp\/v2\/comments?post=1877"}],"version-history":[{"count":3,"href":"https:\/\/jpnrd.gov.mk\/sq\/wp-json\/wp\/v2\/pages\/1877\/revisions"}],"predecessor-version":[{"id":3556,"href":"https:\/\/jpnrd.gov.mk\/sq\/wp-json\/wp\/v2\/pages\/1877\/revisions\/3556"}],"wp:attachment":[{"href":"https:\/\/jpnrd.gov.mk\/sq\/wp-json\/wp\/v2\/media?parent=1877"}],"curies":[{"name":"wp","href":"https:\/\/api.w.org\/{rel}","templated":true}]}}