{"id":1874,"date":"2022-04-10T11:31:33","date_gmt":"2022-04-10T11:31:33","guid":{"rendered":"https:\/\/jpnrd.gov.mk\/?page_id=1874"},"modified":"2022-11-17T12:00:33","modified_gmt":"2022-11-17T12:00:33","slug":"sektor-infrastruktura","status":"publish","type":"page","link":"https:\/\/jpnrd.gov.mk\/sq\/sektor-infrastruktura","title":{"rendered":"Sektori i infrastruktur\u00ebs"},"content":{"rendered":"<div data-elementor-type=\"wp-page\" data-elementor-id=\"1874\" class=\"elementor elementor-1874\">\n\t\t\t\t\t\t<section class=\"elementor-section elementor-top-section elementor-element elementor-element-34653e5 elementor-section-boxed elementor-section-height-default elementor-section-height-default\" data-id=\"34653e5\" data-element_type=\"section\">\n\t\t\t\t\t\t<div class=\"elementor-container elementor-column-gap-default\">\n\t\t\t\t\t<div class=\"elementor-column elementor-col-100 elementor-top-column elementor-element elementor-element-99f1771\" data-id=\"99f1771\" data-element_type=\"column\">\n\t\t\t<div class=\"elementor-widget-wrap elementor-element-populated\">\n\t\t\t\t\t\t<div class=\"elementor-element elementor-element-d622c2f elementor-widget elementor-widget-text-editor\" data-id=\"d622c2f\" data-element_type=\"widget\" data-widget_type=\"text-editor.default\">\n\t\t\t\t<div class=\"elementor-widget-container\">\n\t\t\t\t\t\t\t<p><strong>Sektori i infrastruktur\u00ebs<\/strong>\u00a0<strong>p\u00ebrb\u00ebhet nga k\u00ebto seksione:<\/strong><\/p><ul><li><p>SEKSIONI I SISTEMEVE T\u00cb ANTEN\u00cbS, I PUN\u00cbS ND\u00cbRTIMORE DHE I KONSTRUKSIONIT T\u00cb \u00c7ELIKUT<\/p><\/li><li><p>SEKSIONI I ENERGJETIK\u00cbS<\/p><\/li><\/ul><p><strong>DEFINICIONE<\/strong><\/p><p><strong>Sistemi i antenave:<\/strong>\u00a0Paraqet numrin e antenave, pajisjet e antenave, kabllot, mbajt\u00ebsit p\u00ebr kabllo, ndar\u00ebsit dhe materialet tjera t\u00eb cilat paraqesin nj\u00eb t\u00ebr\u00ebsi t\u00eb pandar\u00eb. N\u00eb pajtim me drejtimin e l\u00ebvizjes s\u00eb sinjalit dallojm\u00eb sisteme t\u00eb antenave t\u00eb pranimit dhe transmetimit. N\u00eb pajtim me perimetrin frekuentues dallojm\u00eb sisteme t\u00eb antenave p\u00ebr perimetra t\u00eb ndrysh\u00ebm t\u00eb frekuencave t\u00eb cilat p\u00ebrdoren n\u00eb NP RDN. Sistemet e antenave jan\u00eb t\u00eb p\u00ebrb\u00ebra nga antenat t\u00eb cilat dallojn\u00eb sipas dukjes fizike q\u00eb e definojn\u00eb emrin e tyre, forc\u00ebn, q\u00ebndrueshm\u00ebrin\u00eb e ndikimit t\u00eb jasht\u00ebm etj.<\/p><p><strong>Agregati:<\/strong>\u00a0\u00cbsht\u00eb pajisje e cila sh\u00ebrben p\u00ebr prodhimin e energjis\u00eb elektrike dhe paraqet nj\u00eb struktur\u00eb e p\u00ebrb\u00ebr\u00eb nga gjeneratori, motori, referuari p\u00ebr derivate, kabllo t\u00eb tensionit, tabela elektrike dhe elemente tjera p\u00ebrcjell\u00ebse t\u00eb cilat paraqesin nj\u00eb t\u00ebr\u00ebsi t\u00eb pandar\u00eb p\u00ebr funksionim nominal t\u00eb agregatit.<\/p><p><strong>Objekti i radiodifuzionit:<\/strong>\u00a0Paraqet objekt me t\u00eb cilin menaxhon NP RDN. Objekti mund t\u00eb jet\u00eb n\u00eb llojin e objektit me mur, nd\u00ebrtim i kontejnerit, nd\u00ebrtim i p\u00ebrzier. N\u00eb kuad\u00ebr t\u00eb objektit detyrimisht n\u00ebnkuptohet qasja e rrug\u00ebs, shtylla e anten\u00ebs, shtyllat e larg p\u00ebrgjuesve ose cilado qoft\u00eb infrastruktur\u00eb e cila mund t\u00eb jet\u00eb l\u00ebnd\u00eb e pun\u00ebve nd\u00ebrtimore.<\/p><p><strong>Shtylla e anten\u00ebs:<\/strong>\u00a0Paraqet \u00e7far\u00ebdo konstruksioni t\u00eb \u00e7elikt\u00eb n\u00eb form\u00eb t\u00eb platform\u00ebs, shtyll\u00eb vet\u00ebmbajt\u00ebse (me grila ose i gypit), shtyll\u00eb e p\u00ebrforcuar me sajll\u00eb, sajll\u00eb dhe elemente t\u00eb tjera t\u00eb cilat paraqesin nj\u00eb t\u00ebr\u00ebsi t\u00eb pandar\u00eb p\u00ebr funksionimin nominal t\u00eb shtyllave t\u00eb anten\u00ebs.<\/p><p><strong>Establishmenti elektronik:<\/strong>\u00a0paraqet sistem t\u00eb kompletuar nga pajiset elektro energjetike dhe pajisje tjera, q\u00eb jan\u00eb t\u00eb lidhura t\u00eb kryejn\u00eb funksion teknologjik.<\/p><p><strong>Establishmenti me tension t\u00eb mes\u00ebm:<\/strong>\u00a0Paraqet nj\u00eb sistem t\u00eb kompletuar t\u00eb pajisjeve elektroenergjetike e cila klasifikohet me tension t\u00eb rrym\u00ebs prej 1 kV \u0434\u043e 35 kV (larg\u00ebp\u00ebr\u00e7ues, trafostacion, VN siguresa, shp\u00ebrndar\u00ebs me tension, deg\u00ebzues, shtylla, orman\u00eb t\u00eb shp\u00ebrndarjes etj).<\/p><p><strong>Establishmenti me tension t\u00eb ul\u00ebt:<\/strong>\u00a0Paraqet nj\u00eb sistem t\u00eb kompletuar t\u00eb pajisjeve elektroenergjetike e cila klasifikohet me tension t\u00eb rrym\u00ebs prej 1 kV (largp\u00ebr\u00e7ues, trafostacion, siguresa, shp\u00ebrndar\u00ebs me tension, deg\u00ebzues, shtylla, orman\u00eb t\u00eb shp\u00ebrndarjes, instalime t\u00eb sht\u00ebpiz\u00ebs etj).<\/p><p><strong>Planifikimi i sistemeve t\u00eb anten\u00ebs<\/strong><\/p><p>N\u00eb\u00a0<strong>NP Radiodifuzioni Nacional \u2013 Shkup<\/strong>n\u00eb pajtim me nevojat ndryshohet rrjeti ekzistues i sistemit t\u00eb antenave. Planifikimi realizohet me ndihm\u00ebn e personave profesionist\u00eb t\u00eb brendsh\u00ebm dhe t\u00eb jasht\u00eb, me t\u00eb cil\u00ebt\u00a0<strong>NP Radiodifuzioni Nacional \u2013 Shkup<\/strong>\u00a0p\u00ebrfshin\u00eb marr\u00ebveshje p\u00ebr bashk\u00ebpunim afarist.<\/p><p>Baza e objekteve p\u00ebrdoret si baza e reagimit, mir\u00ebmbajtjes dhe zhvillimit t\u00eb sistemeve t\u00eb anten\u00ebs dhe infrastruktur\u00ebs tjet\u00ebr. Kjo \u00ebsht\u00eb form\u00eb elektronike e shkrimit dhe at\u00eb, var\u00ebsisht nga nevoja, e plot\u00ebson inxhinieri i sistemeve t\u00eb anten\u00ebs dhe tekniku p\u00ebrgjegj\u00ebs p\u00ebr pun\u00ebt nd\u00ebrtimore.<\/p><p><strong>Planifikimi i sistemeve t\u00eb anten\u00ebs<\/strong><\/p><p>Mir\u00ebmbajtja e sistemeve t\u00eb anten\u00ebs b\u00ebhet kur do t\u00eb paraqitet nevoja n\u00eb baz\u00eb t\u00eb k\u00ebrkes\u00ebs p\u00ebr defekt ose n\u00eb pajtim me matjet dhe mir\u00ebmbajtjet preventive. Informata p\u00ebr defekt n\u00eb sistemin e anten\u00ebs merret me k\u00ebrkes\u00eb t\u00eb ekipit t\u00eb servisit prej sektorit ose sektor\u00ebve t\u00eb tjer\u00eb, n\u00eb baz\u00eb t\u00eb matjeve t\u00eb realizuara gjat\u00eb kontrollit t\u00eb rregullt dhe mir\u00ebmbajtjes preventive ose me k\u00ebrkes\u00eb (ankes\u00eb) nga qytetar\u00ebt p\u00ebr shkak t\u00eb sinjalit jo t\u00eb mir\u00eb pranues.<\/p><p>K\u00ebrkesat nga ana e qytetar\u00ebve (kan\u00eb t\u00eb b\u00ebjn\u00eb n\u00eb lagje, sinjal t\u00eb keq etj.) pranohen p\u00ebrmes Agjencis\u00eb t\u00eb Komunikimeve Elektronike t\u00eb Republik\u00ebs s\u00eb Maqedonis\u00eb s\u00eb Veriut ose direkt d\u00ebrgohen n\u00eb\u00a0<strong>NP Radiodifuzioni Nacional \u2013 Shkup<\/strong>.<\/p><p>Minitorimi, p\u00ebrkat\u00ebsisht kontrolli I gjendjes s\u00eb objekteve t\u00eb\u00a0<strong>NP Radiodifuzioni Nacional \u2013 Shkup<\/strong>\u00a0e blejn\u00eb vet ekipet t\u00eb cilat marrin pjes\u00eb n\u00eb mir\u00ebmbajtjen e rrjetit. Pas konstatimit t\u00eb problemit me objekte e p\u00ebrcjellin gojarisht informat\u00ebn deri te udh\u00ebheq\u00ebsi i sektorit p\u00ebrkat\u00ebs dhe deri te tekniku p\u00ebr pun\u00eb nd\u00ebrtimore. Pas k\u00ebrkes\u00ebs, tekniku i pun\u00ebve nd\u00ebrtimore \u00ebsht\u00eb i obliguar t\u00eb b\u00ebj\u00eb kontrollin aty p\u00ebr aty n\u00eb objekt dhe n\u00eb baz\u00eb t\u00eb kontrollit formon speifikacion t\u00eb pun\u00ebve t\u00eb nevojshme, material, pun\u00eb dore dhe specifikacione t\u00eb tjera t\u00eb cilat jan\u00eb t\u00eb nevojshme p\u00ebr sanimin e objektit. Tekniku i pun\u00ebve nd\u00ebrtimore \u00ebsht\u00eb i obliguar ta b\u00ebj\u00eb t\u00eb nj\u00ebjt\u00ebn edhe gjat\u00eb vizitave preventive t\u00eb objekteve.<\/p><p>Tekniku p\u00ebr pun\u00eb nd\u00ebrtimore n\u00eb nivel t\u00eb gjysm\u00eb vjetorit p\u00ebrpilon raport p\u00ebr gjendjen e objekteve nd\u00ebrtimore (form\u00eb e lir\u00eb) n\u00eb t\u00eb cilin jep p\u00ebrshkrim t\u00eb shkurt\u00ebr t\u00eb pun\u00ebs s\u00eb kryer n\u00eb periudh\u00ebn paraprake si propozim t\u00eb aktiviteteve p\u00ebr periudh\u00ebn e ardhshme dhe t\u00eb nj\u00ebjtin e dor\u00ebzon te udh\u00ebheq\u00ebsi i sektorit p\u00ebr teknik\u00eb t\u00eb p\u00ebrbashk\u00ebt p\u00ebrmes udh\u00ebheq\u00ebsit t\u00eb seksionit. Intervenimet e im\u00ebta (t\u00eb marangozit, ngjyrosjet, elektrike etj.) lidhur me objektet nd\u00ebrtimore i b\u00ebjn\u00eb vet teknik\u00ebt e seksionit (n\u00eb procedur\u00eb sikur se p\u00ebr sistemet e antenave).<\/p><p>Seksioni i energjetik\u00ebs<strong>Seksioni i energjetik\u00ebs<\/strong><\/p><p>Aktiviteti kryesor n\u00eb seksionin e energjetik\u00ebs \u00ebsht\u00eb planifikimi, zhvillimi dhe mir\u00ebmbajtja e kapaciteteve energjetike.<\/p><p><strong>NP Radiodifuzioni Nacional \u2013 Shkup<\/strong>\u00a0disponon me kapacitete energjetike t\u00eb llojit (trafostacione, agregate, instalime elektrike dhe nj\u00eb pjes\u00eb e vog\u00ebl p\u00ebr largp\u00ebr\u00e7ues t\u00eb tensionit t\u00eb ul\u00ebt).<\/p><p>Mir\u00ebmbajtja e kapaciteteve energjetike \u00ebsht\u00eb aktivitet i nd\u00ebrlikuar dhe t\u00eb gjitha intervenimet e m\u00ebdha lidhur me k\u00ebto realizohen nga ana e organizatave profesionale t\u00eb zgjedhura eksterne.<\/p><p>Intervenimet e im\u00ebta lidhur me instalimet elektrike b\u00ebhen nga ana e teknik\u00ebve elektrik nga seksioni n\u00eb procedur\u00eb t\u00eb nj\u00ebjt\u00eb sikurse edhe tek sistemet e antenave dhe pun\u00ebt nd\u00ebrtimore n\u00eb pajtim ma urdh\u00ebres\u00ebn e pun\u00ebs.<\/p><p>Projektimi i tensioneve elektrike b\u00ebhet nga ana e n\u00ebnkontraktuesve ekstern nd\u00ebrsa p\u00ebr organizimin e tyre dhe zbatimin kualitativ \u00ebsht\u00eb p\u00ebrgjegj\u00ebs udh\u00ebheq\u00ebsi i seksionit p\u00ebrkat\u00ebs t\u00eb sektorit n\u00eb bashk\u00ebpunim me udh\u00ebheq\u00ebsin e teknik\u00ebs s\u00eb p\u00ebrbashk\u00ebt.<\/p>\t\t\t\t\t\t<\/div>\n\t\t\t\t<\/div>\n\t\t\t\t\t<\/div>\n\t\t<\/div>\n\t\t\t\t\t<\/div>\n\t\t<\/section>\n\t\t\t\t<\/div>","protected":false},"excerpt":{"rendered":"<p>\u0421\u0435\u043a\u0442\u043e\u0440\u043e\u0442 \u0437\u0430\u00a0\u0418\u043d\u0444\u0440\u0430\u0441\u0442\u0440\u0443\u043a\u0442\u0443\u0440\u0430\u00a0\u0433\u0438 \u0441\u043e\u0434\u0440\u0436\u0438 \u0441\u043b\u0435\u0434\u043d\u0438\u0442\u0435 \u043e\u0434\u0434\u0435\u043b\u0435\u043d\u0438\u0430: \u041e\u0414\u0414\u0415\u041b\u0415\u041d\u0418\u0415 \u0410\u041d\u0422\u0415\u041d\u0421\u041a\u0418 \u0421\u0418\u0421\u0422\u0415\u041c\u0418 \u0427\u0415\u041b\u0418\u0427\u041d\u0418 \u041a\u041e\u041d\u0421\u0422\u0420\u0423\u041a\u0426\u0418\u0418 \u0418 \u0413\u0420\u0410\u0414\u0415\u0416\u041d\u0418 \u0420\u0410\u0411\u041e\u0422\u0418 \u041e\u0414\u0414\u0415\u041b\u0415\u041d\u0418\u0415 \u0415\u041d\u0415\u0420\u0413\u0415\u0422\u0418\u041a\u0410 \u0414\u0415\u0424\u0418\u041d\u0418\u0426\u0418\u0418 \u0410\u043d\u0442\u0435\u043d\u0441\u043a\u0438 \u0441\u0438\u0441\u0442\u0435\u043c:\u00a0\u041f\u0440\u0435\u0434\u0441\u0442\u0430\u0432\u0443\u0432\u0430 \u0437\u0431\u0438\u0440 \u043e\u0434 \u0430\u043d\u0442\u0435\u043d\u0438, \u0430\u043d\u0442\u0435\u043d\u0441\u043a\u0438 \u043f\u0440\u0438\u0431\u043e\u0440, \u043a\u0430\u0431\u043b\u0438, \u0434\u0440\u0436\u0430\u0447\u0438 \u0437\u0430 \u043a\u0430\u0431\u043b\u0438, \u0440\u0430\u0437\u0434\u0435\u043b\u043d\u0438\u0446\u0438 \u0438 \u0434\u0440\u0443\u0433\u0438 \u043c\u0430\u0442\u0435\u0440\u0438\u0458\u0430\u043b\u0438 \u043a\u043e\u0438 \u043f\u0440\u0435\u0434\u0441\u0442\u0430\u0432\u0443\u0432\u0430\u0430\u0442 \u043d\u0435\u0440\u0430\u0437\u0434\u0435\u043b\u043d\u0430 \u0446\u0435\u043b\u0438\u043d\u0430.\u0421\u043e\u0433\u043b\u0430\u0441\u043d\u043e \u043d\u0430\u0441\u043e\u043a\u0430\u0442\u0430 \u043d\u0430 \u0434\u0432\u0438\u0436\u0435\u045a\u0435\u0442\u043e \u043d\u0430 \u0441\u0438\u0433\u043d\u0430\u043b\u043e\u0442 \u0440\u0430\u0437\u043b\u0438\u043a\u0443\u0432\u0430\u043c\u0435 \u043f\u0440\u0438\u0435\u043c\u0435\u043d \u0438 \u043f\u0440\u0435\u0434\u0430\u0435\u043d \u0430\u043d\u0442\u0435\u043d\u0441\u043a\u0438 \u0441\u0438\u0441\u0442\u0435\u043c.\u0421\u043e\u0433\u043b\u0430\u0441\u043d\u043e \u0444\u0440\u0435\u043a\u0432\u0435\u043d\u0442\u043d\u0438\u043e\u0442 \u043e\u043f\u0441\u0435\u0433 \u0440\u0430\u0437\u043b\u0438\u043a\u0443\u0432\u0430\u043c\u0435 \u0430\u043d\u0442\u0435\u043d\u0441\u043a\u0438 \u0441\u0438\u0441\u0442\u0435\u043c\u0438 \u0437\u0430 \u0440\u0430\u0437\u043b\u0438\u0447\u043d\u0438 \u0444\u0440\u0435\u043a\u0432\u0435\u043d\u0442\u043d\u0438 \u043e\u043f\u0441\u0435\u0437\u0438 [&hellip;]<\/p>","protected":false},"author":2,"featured_media":0,"parent":0,"menu_order":0,"comment_status":"closed","ping_status":"closed","template":"","meta":{"_acf_changed":false,"inline_featured_image":false,"footnotes":""},"class_list":["post-1874","page","type-page","status-publish","hentry"],"acf":[],"yoast_head":"<!-- This site is optimized with the Yoast SEO plugin v27.4 - https:\/\/yoast.com\/product\/yoast-seo-wordpress\/ -->\n<title>\u0408\u041f \u041d\u0430\u0446\u0438\u043e\u043d\u0430\u043b\u043d\u0430 \u0420\u0430\u0434\u0438\u043e\u0434\u0438\u0444\u0443\u0437\u0438\u0458\u0430 - \u0421\u0435\u043a\u0442\u043e\u0440 \u0418\u043d\u0444\u0440\u0430\u0441\u0442\u0440\u0443\u043a\u0442\u0443\u0440\u0430<\/title>\n<meta name=\"description\" content=\"\u0421\u0435\u043a\u0442\u043e\u0440 \u0418\u043d\u0444\u0440\u0430\u0441\u0442\u0440\u0443\u043a\u0442\u0443\u0440\u0430\" \/>\n<meta name=\"robots\" content=\"index, follow, max-snippet:-1, max-image-preview:large, max-video-preview:-1\" \/>\n<link rel=\"canonical\" href=\"https:\/\/jpnrd.gov.mk\/sq\/sektor-infrastruktura\/\" \/>\n<meta property=\"og:locale\" content=\"sq_AL\" \/>\n<meta property=\"og:type\" content=\"article\" \/>\n<meta property=\"og:title\" content=\"\u0408\u041f \u041d\u0430\u0446\u0438\u043e\u043d\u0430\u043b\u043d\u0430 \u0420\u0430\u0434\u0438\u043e\u0434\u0438\u0444\u0443\u0437\u0438\u0458\u0430 - \u0421\u0435\u043a\u0442\u043e\u0440 \u0418\u043d\u0444\u0440\u0430\u0441\u0442\u0440\u0443\u043a\u0442\u0443\u0440\u0430\" \/>\n<meta property=\"og:description\" content=\"\u0421\u0435\u043a\u0442\u043e\u0440 \u0418\u043d\u0444\u0440\u0430\u0441\u0442\u0440\u0443\u043a\u0442\u0443\u0440\u0430\" \/>\n<meta property=\"og:url\" content=\"https:\/\/jpnrd.gov.mk\/sq\/sektor-infrastruktura\/\" \/>\n<meta property=\"og:site_name\" content=\"\u0408\u041f \u041d\u0430\u0446\u0438\u043e\u043d\u0430\u043b\u043d\u0430 \u0420\u0430\u0434\u0438\u043e\u0434\u0438\u0444\u0443\u0437\u0438\u0458\u0430\" \/>\n<meta property=\"article:publisher\" content=\"https:\/\/www.facebook.com\/nationalbroadcasting\/\" \/>\n<meta property=\"article:modified_time\" content=\"2022-11-17T12:00:33+00:00\" \/>\n<meta property=\"og:image\" content=\"https:\/\/jpnrd.gov.mk\/wp-content\/uploads\/2023\/03\/logo-jpmrd_cropped.jpg\" \/>\n\t<meta property=\"og:image:width\" content=\"1784\" \/>\n\t<meta property=\"og:image:height\" content=\"1184\" \/>\n\t<meta property=\"og:image:type\" content=\"image\/jpeg\" \/>\n<meta name=\"twitter:card\" content=\"summary_large_image\" \/>\n<meta name=\"twitter:label1\" content=\"Est. reading time\" \/>\n\t<meta name=\"twitter:data1\" content=\"4 minuta\" \/>\n<script type=\"application\/ld+json\" class=\"yoast-schema-graph\">{\"@context\":\"https:\\\/\\\/schema.org\",\"@graph\":[{\"@type\":\"WebPage\",\"@id\":\"https:\\\/\\\/jpnrd.gov.mk\\\/sektor-infrastruktura\",\"url\":\"https:\\\/\\\/jpnrd.gov.mk\\\/sektor-infrastruktura\",\"name\":\"\u0408\u041f \u041d\u0430\u0446\u0438\u043e\u043d\u0430\u043b\u043d\u0430 \u0420\u0430\u0434\u0438\u043e\u0434\u0438\u0444\u0443\u0437\u0438\u0458\u0430 - \u0421\u0435\u043a\u0442\u043e\u0440 \u0418\u043d\u0444\u0440\u0430\u0441\u0442\u0440\u0443\u043a\u0442\u0443\u0440\u0430\",\"isPartOf\":{\"@id\":\"https:\\\/\\\/jpnrd.gov.mk\\\/#website\"},\"datePublished\":\"2022-04-10T11:31:33+00:00\",\"dateModified\":\"2022-11-17T12:00:33+00:00\",\"description\":\"\u0421\u0435\u043a\u0442\u043e\u0440 \u0418\u043d\u0444\u0440\u0430\u0441\u0442\u0440\u0443\u043a\u0442\u0443\u0440\u0430\",\"breadcrumb\":{\"@id\":\"https:\\\/\\\/jpnrd.gov.mk\\\/sektor-infrastruktura#breadcrumb\"},\"inLanguage\":\"sq\",\"potentialAction\":[{\"@type\":\"ReadAction\",\"target\":[\"https:\\\/\\\/jpnrd.gov.mk\\\/sektor-infrastruktura\"]}]},{\"@type\":\"BreadcrumbList\",\"@id\":\"https:\\\/\\\/jpnrd.gov.mk\\\/sektor-infrastruktura#breadcrumb\",\"itemListElement\":[{\"@type\":\"ListItem\",\"position\":1,\"name\":\"Home\",\"item\":\"https:\\\/\\\/jpnrd.gov.mk\\\/\"},{\"@type\":\"ListItem\",\"position\":2,\"name\":\"\u0421\u0435\u043a\u0442\u043e\u0440 \u0418\u043d\u0444\u0440\u0430\u0441\u0442\u0440\u0443\u043a\u0442\u0443\u0440\u0430\"}]},{\"@type\":\"WebSite\",\"@id\":\"https:\\\/\\\/jpnrd.gov.mk\\\/#website\",\"url\":\"https:\\\/\\\/jpnrd.gov.mk\\\/\",\"name\":\"\u0408\u041f \u041d\u0430\u0446\u0438\u043e\u043d\u0430\u043b\u043d\u0430 \u0420\u0430\u0434\u0438\u043e\u0434\u0438\u0444\u0443\u0437\u0438\u0458\u0430\",\"description\":\"\",\"publisher\":{\"@id\":\"https:\\\/\\\/jpnrd.gov.mk\\\/#organization\"},\"potentialAction\":[{\"@type\":\"SearchAction\",\"target\":{\"@type\":\"EntryPoint\",\"urlTemplate\":\"https:\\\/\\\/jpnrd.gov.mk\\\/?s={search_term_string}\"},\"query-input\":{\"@type\":\"PropertyValueSpecification\",\"valueRequired\":true,\"valueName\":\"search_term_string\"}}],\"inLanguage\":\"sq\"},{\"@type\":\"Organization\",\"@id\":\"https:\\\/\\\/jpnrd.gov.mk\\\/#organization\",\"name\":\"\u0408\u041f \u041d\u0430\u0446\u0438\u043e\u043d\u0430\u043b\u043d\u0430 \u0420\u0430\u0434\u0438\u043e\u0434\u0438\u0444\u0443\u0437\u0438\u0458\u0430\",\"url\":\"https:\\\/\\\/jpnrd.gov.mk\\\/\",\"logo\":{\"@type\":\"ImageObject\",\"inLanguage\":\"sq\",\"@id\":\"https:\\\/\\\/jpnrd.gov.mk\\\/#\\\/schema\\\/logo\\\/image\\\/\",\"url\":\"https:\\\/\\\/jpnrd.gov.mk\\\/wp-content\\\/uploads\\\/2022\\\/04\\\/png-4.png\",\"contentUrl\":\"https:\\\/\\\/jpnrd.gov.mk\\\/wp-content\\\/uploads\\\/2022\\\/04\\\/png-4.png\",\"width\":193,\"height\":169,\"caption\":\"\u0408\u041f \u041d\u0430\u0446\u0438\u043e\u043d\u0430\u043b\u043d\u0430 \u0420\u0430\u0434\u0438\u043e\u0434\u0438\u0444\u0443\u0437\u0438\u0458\u0430\"},\"image\":{\"@id\":\"https:\\\/\\\/jpnrd.gov.mk\\\/#\\\/schema\\\/logo\\\/image\\\/\"},\"sameAs\":[\"https:\\\/\\\/www.facebook.com\\\/nationalbroadcasting\\\/\",\"https:\\\/\\\/www.instagram.com\\\/nacionalnaradiodifuzija\\\/\",\"https:\\\/\\\/www.linkedin.com\\\/company\\\/pe-national-broadcasting\\\/\"]}]}<\/script>\n<!-- \/ Yoast SEO plugin. -->","yoast_head_json":{"title":"\u0408\u041f \u041d\u0430\u0446\u0438\u043e\u043d\u0430\u043b\u043d\u0430 \u0420\u0430\u0434\u0438\u043e\u0434\u0438\u0444\u0443\u0437\u0438\u0458\u0430 - \u0421\u0435\u043a\u0442\u043e\u0440 \u0418\u043d\u0444\u0440\u0430\u0441\u0442\u0440\u0443\u043a\u0442\u0443\u0440\u0430","description":"\u0421\u0435\u043a\u0442\u043e\u0440 \u0418\u043d\u0444\u0440\u0430\u0441\u0442\u0440\u0443\u043a\u0442\u0443\u0440\u0430","robots":{"index":"index","follow":"follow","max-snippet":"max-snippet:-1","max-image-preview":"max-image-preview:large","max-video-preview":"max-video-preview:-1"},"canonical":"https:\/\/jpnrd.gov.mk\/sq\/sektor-infrastruktura\/","og_locale":"sq_AL","og_type":"article","og_title":"\u0408\u041f \u041d\u0430\u0446\u0438\u043e\u043d\u0430\u043b\u043d\u0430 \u0420\u0430\u0434\u0438\u043e\u0434\u0438\u0444\u0443\u0437\u0438\u0458\u0430 - \u0421\u0435\u043a\u0442\u043e\u0440 \u0418\u043d\u0444\u0440\u0430\u0441\u0442\u0440\u0443\u043a\u0442\u0443\u0440\u0430","og_description":"\u0421\u0435\u043a\u0442\u043e\u0440 \u0418\u043d\u0444\u0440\u0430\u0441\u0442\u0440\u0443\u043a\u0442\u0443\u0440\u0430","og_url":"https:\/\/jpnrd.gov.mk\/sq\/sektor-infrastruktura\/","og_site_name":"\u0408\u041f \u041d\u0430\u0446\u0438\u043e\u043d\u0430\u043b\u043d\u0430 \u0420\u0430\u0434\u0438\u043e\u0434\u0438\u0444\u0443\u0437\u0438\u0458\u0430","article_publisher":"https:\/\/www.facebook.com\/nationalbroadcasting\/","article_modified_time":"2022-11-17T12:00:33+00:00","og_image":[{"width":1784,"height":1184,"url":"https:\/\/jpnrd.gov.mk\/wp-content\/uploads\/2023\/03\/logo-jpmrd_cropped.jpg","type":"image\/jpeg"}],"twitter_card":"summary_large_image","twitter_misc":{"Est. reading time":"4 minuta"},"schema":{"@context":"https:\/\/schema.org","@graph":[{"@type":"WebPage","@id":"https:\/\/jpnrd.gov.mk\/sektor-infrastruktura","url":"https:\/\/jpnrd.gov.mk\/sektor-infrastruktura","name":"\u0408\u041f \u041d\u0430\u0446\u0438\u043e\u043d\u0430\u043b\u043d\u0430 \u0420\u0430\u0434\u0438\u043e\u0434\u0438\u0444\u0443\u0437\u0438\u0458\u0430 - \u0421\u0435\u043a\u0442\u043e\u0440 \u0418\u043d\u0444\u0440\u0430\u0441\u0442\u0440\u0443\u043a\u0442\u0443\u0440\u0430","isPartOf":{"@id":"https:\/\/jpnrd.gov.mk\/#website"},"datePublished":"2022-04-10T11:31:33+00:00","dateModified":"2022-11-17T12:00:33+00:00","description":"\u0421\u0435\u043a\u0442\u043e\u0440 \u0418\u043d\u0444\u0440\u0430\u0441\u0442\u0440\u0443\u043a\u0442\u0443\u0440\u0430","breadcrumb":{"@id":"https:\/\/jpnrd.gov.mk\/sektor-infrastruktura#breadcrumb"},"inLanguage":"sq","potentialAction":[{"@type":"ReadAction","target":["https:\/\/jpnrd.gov.mk\/sektor-infrastruktura"]}]},{"@type":"BreadcrumbList","@id":"https:\/\/jpnrd.gov.mk\/sektor-infrastruktura#breadcrumb","itemListElement":[{"@type":"ListItem","position":1,"name":"Home","item":"https:\/\/jpnrd.gov.mk\/"},{"@type":"ListItem","position":2,"name":"\u0421\u0435\u043a\u0442\u043e\u0440 \u0418\u043d\u0444\u0440\u0430\u0441\u0442\u0440\u0443\u043a\u0442\u0443\u0440\u0430"}]},{"@type":"WebSite","@id":"https:\/\/jpnrd.gov.mk\/#website","url":"https:\/\/jpnrd.gov.mk\/","name":"\u0408\u041f \u041d\u0430\u0446\u0438\u043e\u043d\u0430\u043b\u043d\u0430 \u0420\u0430\u0434\u0438\u043e\u0434\u0438\u0444\u0443\u0437\u0438\u0458\u0430","description":"","publisher":{"@id":"https:\/\/jpnrd.gov.mk\/#organization"},"potentialAction":[{"@type":"SearchAction","target":{"@type":"EntryPoint","urlTemplate":"https:\/\/jpnrd.gov.mk\/?s={search_term_string}"},"query-input":{"@type":"PropertyValueSpecification","valueRequired":true,"valueName":"search_term_string"}}],"inLanguage":"sq"},{"@type":"Organization","@id":"https:\/\/jpnrd.gov.mk\/#organization","name":"\u0408\u041f \u041d\u0430\u0446\u0438\u043e\u043d\u0430\u043b\u043d\u0430 \u0420\u0430\u0434\u0438\u043e\u0434\u0438\u0444\u0443\u0437\u0438\u0458\u0430","url":"https:\/\/jpnrd.gov.mk\/","logo":{"@type":"ImageObject","inLanguage":"sq","@id":"https:\/\/jpnrd.gov.mk\/#\/schema\/logo\/image\/","url":"https:\/\/jpnrd.gov.mk\/wp-content\/uploads\/2022\/04\/png-4.png","contentUrl":"https:\/\/jpnrd.gov.mk\/wp-content\/uploads\/2022\/04\/png-4.png","width":193,"height":169,"caption":"\u0408\u041f \u041d\u0430\u0446\u0438\u043e\u043d\u0430\u043b\u043d\u0430 \u0420\u0430\u0434\u0438\u043e\u0434\u0438\u0444\u0443\u0437\u0438\u0458\u0430"},"image":{"@id":"https:\/\/jpnrd.gov.mk\/#\/schema\/logo\/image\/"},"sameAs":["https:\/\/www.facebook.com\/nationalbroadcasting\/","https:\/\/www.instagram.com\/nacionalnaradiodifuzija\/","https:\/\/www.linkedin.com\/company\/pe-national-broadcasting\/"]}]}},"_links":{"self":[{"href":"https:\/\/jpnrd.gov.mk\/sq\/wp-json\/wp\/v2\/pages\/1874","targetHints":{"allow":["GET"]}}],"collection":[{"href":"https:\/\/jpnrd.gov.mk\/sq\/wp-json\/wp\/v2\/pages"}],"about":[{"href":"https:\/\/jpnrd.gov.mk\/sq\/wp-json\/wp\/v2\/types\/page"}],"author":[{"embeddable":true,"href":"https:\/\/jpnrd.gov.mk\/sq\/wp-json\/wp\/v2\/users\/2"}],"replies":[{"embeddable":true,"href":"https:\/\/jpnrd.gov.mk\/sq\/wp-json\/wp\/v2\/comments?post=1874"}],"version-history":[{"count":3,"href":"https:\/\/jpnrd.gov.mk\/sq\/wp-json\/wp\/v2\/pages\/1874\/revisions"}],"predecessor-version":[{"id":3552,"href":"https:\/\/jpnrd.gov.mk\/sq\/wp-json\/wp\/v2\/pages\/1874\/revisions\/3552"}],"wp:attachment":[{"href":"https:\/\/jpnrd.gov.mk\/sq\/wp-json\/wp\/v2\/media?parent=1874"}],"curies":[{"name":"wp","href":"https:\/\/api.w.org\/{rel}","templated":true}]}}