{"id":1871,"date":"2022-04-10T11:30:27","date_gmt":"2022-04-10T11:30:27","guid":{"rendered":"https:\/\/jpnrd.gov.mk\/?page_id=1871"},"modified":"2022-11-17T11:56:25","modified_gmt":"2022-11-17T11:56:25","slug":"sektor-telekomunikacii","status":"publish","type":"page","link":"https:\/\/jpnrd.gov.mk\/sq\/sektor-telekomunikacii","title":{"rendered":"Sektori i telekomunikacionit"},"content":{"rendered":"<div data-elementor-type=\"wp-page\" data-elementor-id=\"1871\" class=\"elementor elementor-1871\">\n\t\t\t\t\t\t<section class=\"elementor-section elementor-top-section elementor-element elementor-element-b19f3b3 elementor-section-boxed elementor-section-height-default elementor-section-height-default\" data-id=\"b19f3b3\" data-element_type=\"section\">\n\t\t\t\t\t\t<div class=\"elementor-container elementor-column-gap-default\">\n\t\t\t\t\t<div class=\"elementor-column elementor-col-100 elementor-top-column elementor-element elementor-element-d5e5590\" data-id=\"d5e5590\" data-element_type=\"column\">\n\t\t\t<div class=\"elementor-widget-wrap elementor-element-populated\">\n\t\t\t\t\t\t<div class=\"elementor-element elementor-element-1b77e6f elementor-widget elementor-widget-text-editor\" data-id=\"1b77e6f\" data-element_type=\"widget\" data-widget_type=\"text-editor.default\">\n\t\t\t\t<div class=\"elementor-widget-container\">\n\t\t\t\t\t\t\t<p><strong>Sektori i telekomunikacionit i p\u00ebrfshin nj\u00ebsit\u00eb e m\u00ebposhtme::<\/strong><\/p><ul><li><p><strong>Nj\u00ebsia e multimedias dhe  monitorimit<\/strong><\/p><\/li><\/ul><p><strong>\u2013\u00a0<\/strong>REPARTI I PAJISJEVE T\u00cb TELEKOMUNIKACIONIT DHE T\u00cb MATJEVE<\/p><p><strong>\u2013<\/strong>\u00a0REPARTI I MULTIMEDIAS VOIP DHE SOFTUERIT<\/p><ul><li><p><strong>NJ\u00cbSIA E RRJETIT T\u00cb TELEKOMUNIKACIONIT<\/strong><\/p><\/li><\/ul><p><strong>\u2013<\/strong>\u00a0REPARTI I LIDHJEVE ME MIKROVAL\u00cb<\/p><p><strong>\u2013<\/strong>\u00a0OBJEKTI RADIODIFUZUES BORULA<\/p><p><strong>N\u00eb Nj\u00ebsin\u00eb e multimedias dhe t\u00eb monitorimit<\/strong>\u00a0kryhet kontroll dhe monitorim i gjith\u00eb rrjetit shp\u00ebrndar\u00ebs dhe transmetues t\u00eb NP RDN, si dhe p\u00ebrpunimi i sinjaleve audio-vizuale q\u00eb vijn\u00eb dhe shkojn\u00eb drejt p\u00ebrdoruesve.<\/p><ul><li><p>Organizimi dhe kryerja e mir\u00ebmbajtjes dhe riparimit t\u00eb vazhduesh\u00ebm pajisjeve, aparaturave dhe sistemeve elektronike, lokalizimi dhe eliminimi i defekteve t\u00eb pajisjeve dhe aparaturave.<\/p><\/li><li><p>Nj\u00ebsia b\u00ebn mbik\u00ebqyrjen gjat\u00eb instalimit t\u00eb pajisjeve, aparaturave dhe sistemeve.<\/p><\/li><li><p>Kujdeset p\u00ebr p\u00ebrdorimin e duhur t\u00eb pron\u00ebs dhe burimeve t\u00eb pun\u00ebs brenda nj\u00ebsis\u00eb.<\/p><\/li><li><p>P\u00ebr pun\u00ebn ditore p\u00ebrgatit raporte dhe i dor\u00ebzon te t\u00eb gjith\u00eb sektor\u00ebt teknik\u00eb.<\/p><\/li><li><p>\u2022\tGjithashtu kujdeset p\u00ebr dy segmente ky\u00e7 n\u00eb sistemin e NP RDN. Nj\u00ebra \u00ebsht\u00eb p\u00ebr pajisjet e p\u00ebrpunimit n\u00eb gjith\u00eb rrjetin e NP RDN. K\u00ebt\u00eb e mir\u00ebmban, kryen gjetjet e defekteve dhe riparimin e aparaturave elektronike dhe b\u00ebn konfigurimin e multipleksit programor. Segmenti i dyt\u00eb \u00ebsht\u00eb telefonia VOIP, e mbuluar t\u00ebr\u00ebsisht nga NP RDN. Telefonia paraqet nj\u00eb hallk\u00eb t\u00eb r\u00ebnd\u00ebsishme n\u00eb komunikimin e t\u00eb gjith\u00eb punonj\u00ebsve n\u00eb kompani p\u00ebr mbar\u00ebvajtjen e procesit teknologjik, shk\u00ebmbimin e informacionit p\u00ebr gjendjen aktuale t\u00eb rrjetit. Prandaj, ky segment siguron funksionimin pa probleme t\u00eb sistemit VOIP, mir\u00ebmbajtjen dhe riparimin n\u00eb koh\u00eb t\u00eb pajisjeve dhe aparaturave elektronike.<\/p><\/li><\/ul><p><strong>N\u00eb nj\u00ebsin\u00eb e rrjeteve t\u00eb telekomunikacionit<\/strong>\u00a0b\u00ebhet kujdes p\u00ebr pajisjet mikrovalore n\u00eb rrjetin e NP RDN, si dhe aparaturat q\u00eb ofrojn\u00eb rrjete telekomunikacioni dhe lidhje me p\u00ebrdoruesit.<\/p><ul><li><p>Nj\u00ebsia b\u00ebn instalimet e pajisjeve, aparaturave dhe sistemeve.<\/p><\/li><li><p>N\u00eb fush\u00ebveprimin e vet kryen mir\u00ebmbajtjen dhe riparimin e vazhduesh\u00ebm t\u00eb aparaturave elektronike, respektivisht lokalizon dhe eliminon defektet n\u00eb lidhjet mikrovalore.<\/p><\/li><li><p>Kujdeset p\u00ebr p\u00ebrdorimin e duhur t\u00eb pron\u00ebs dhe burimeve t\u00eb pun\u00ebs.<\/p><\/li><li><p>P\u00ebrgatit specifikimet teknike p\u00ebr procedurat e tenderimit p\u00ebr prokurimin e pajisjeve t\u00eb telekomunikacionit.<\/p><\/li><\/ul>\t\t\t\t\t\t<\/div>\n\t\t\t\t<\/div>\n\t\t\t\t\t<\/div>\n\t\t<\/div>\n\t\t\t\t\t<\/div>\n\t\t<\/section>\n\t\t\t\t<\/div>","protected":false},"excerpt":{"rendered":"<p>\u0421\u0435\u043a\u0442\u043e\u0440\u043e\u0442 \u0437\u0430\u00a0\u0422\u0435\u043b\u0435\u043a\u043e\u043c\u0443\u043d\u0438\u043a\u0430\u0446\u0438\u0438\u00a0\u0433\u0438 \u0441\u043e\u0434\u0440\u0436\u0438 \u0441\u043b\u0435\u0434\u043d\u0438\u0442\u0435 \u043e\u0434\u0435\u043b\u0435\u043d\u0438\u0430: \u041e\u0414\u0414\u0415\u041b\u0415\u041d\u0418\u0415 \u041c\u0423\u041b\u0422\u0418\u041c\u0415\u0414\u0418\u0408\u0410 \u0418 \u041c\u041e\u041d\u0418\u0422\u041e\u0420\u041d\u0418 \u2013\u00a0\u041e\u0414\u0414\u0415\u041b \u0417\u0410 \u0422\u0415\u041b\u0415\u041a\u041e\u041c\u0423\u041d\u0418\u041a\u0410\u0426\u0418\u0421\u041a\u0410 \u041e\u041f\u0420\u0415\u041c\u0410 \u0418 \u041c\u0415\u0420\u0415\u040a\u0410 \u2013\u00a0\u041e\u0414\u0414\u0415\u041b \u0417\u0410 \u041c\u0423\u041b\u0422\u0418\u041c\u0415\u0414\u0418\u0408\u0410 VOIP \u0418 \u0421\u041e\u0424\u0422\u0412\u0415\u0420 \u041e\u0414\u0414\u0415\u041b\u0415\u041d\u0418\u0415 \u0422\u0415\u041b\u0415\u041a\u041e\u041c\u0423\u041d\u0418\u041a\u0410\u0426\u0418\u0421\u041a\u0418 \u041c\u0420\u0415\u0416A \u2013\u00a0\u041e\u0414\u0414\u0415\u041b \u0417\u0410 \u041c\u0418\u041a\u0420\u041e\u0411\u0420\u0410\u041d\u041e\u0412\u0418 \u0412\u0420\u0421\u041a\u0418 \u2013\u00a0\u0420\u0410\u0414\u0418\u041e\u0414\u0418\u0424\u0423\u0417\u0415\u041d \u041e\u0411\u0408\u0415\u041a\u0422 \u2013 \u0411\u041e\u0420\u0423\u041b\u0410 \u0412\u043e \u041e\u0434\u0434\u0435\u043b\u0435\u043d\u0438\u0435\u0442\u043e \u043c\u0443\u043b\u0442\u0438\u043c\u0435\u0434\u0438\u0458\u0430 \u0438 \u043c\u043e\u043d\u0438\u0442\u043e\u0440\u0438\u043d\u0433\u00a0\u0441\u0435 \u0432\u0440\u0448\u0438 \u043a\u043e\u043d\u0442\u0440\u043e\u043b\u0430 \u0438 \u043c\u043e\u043d\u0438\u0442\u043e\u0440\u0438\u043d\u0433 \u043d\u0430 \u0446\u0435\u043b\u043e\u043a\u0443\u043f\u043d\u0430\u0442\u0430 \u0434\u0438\u0441\u0442\u0440\u0438\u0431\u0443\u0442\u0438\u0432\u043d\u0430 \u0438 \u0435\u043c\u0438\u0441\u0438\u043e\u043d\u0430 \u043c\u0440\u0435\u0436\u0430 \u043d\u0430 \u0408\u041f \u041d\u0420\u0414, \u043a\u0430\u043a\u043e \u0438 \u043e\u0431\u0440\u0430\u0431\u043e\u0442\u043a\u0430\u0442\u0430 \u043d\u0430 \u0430\u0443\u0434\u0438\u043e [&hellip;]<\/p>","protected":false},"author":2,"featured_media":0,"parent":0,"menu_order":0,"comment_status":"closed","ping_status":"closed","template":"","meta":{"_acf_changed":false,"inline_featured_image":false,"footnotes":""},"class_list":["post-1871","page","type-page","status-publish","hentry"],"acf":[],"yoast_head":"<!-- This site is optimized with the Yoast SEO plugin v27.4 - https:\/\/yoast.com\/product\/yoast-seo-wordpress\/ -->\n<title>\u0408\u041f \u041d\u0430\u0446\u0438\u043e\u043d\u0430\u043b\u043d\u0430 \u0420\u0430\u0434\u0438\u043e\u0434\u0438\u0444\u0443\u0437\u0438\u0458\u0430 - \u0421\u0435\u043a\u0442\u043e\u0440 \u0422\u0435\u043b\u0435\u043a\u043e\u043c\u0443\u043d\u0438\u043a\u0430\u0446\u0438\u0438<\/title>\n<meta name=\"description\" content=\"\u0421\u0435\u043a\u0442\u043e\u0440 \u0422\u0435\u043b\u0435\u043a\u043e\u043c\u0443\u043d\u0438\u043a\u0430\u0446\u0438\u0438\" \/>\n<meta name=\"robots\" content=\"index, follow, max-snippet:-1, max-image-preview:large, max-video-preview:-1\" \/>\n<link rel=\"canonical\" href=\"https:\/\/jpnrd.gov.mk\/sq\/sektor-telekomunikacii\/\" \/>\n<meta property=\"og:locale\" content=\"sq_AL\" \/>\n<meta property=\"og:type\" content=\"article\" \/>\n<meta property=\"og:title\" content=\"\u0408\u041f \u041d\u0430\u0446\u0438\u043e\u043d\u0430\u043b\u043d\u0430 \u0420\u0430\u0434\u0438\u043e\u0434\u0438\u0444\u0443\u0437\u0438\u0458\u0430 - \u0421\u0435\u043a\u0442\u043e\u0440 \u0422\u0435\u043b\u0435\u043a\u043e\u043c\u0443\u043d\u0438\u043a\u0430\u0446\u0438\u0438\" \/>\n<meta property=\"og:description\" content=\"\u0421\u0435\u043a\u0442\u043e\u0440 \u0422\u0435\u043b\u0435\u043a\u043e\u043c\u0443\u043d\u0438\u043a\u0430\u0446\u0438\u0438\" \/>\n<meta property=\"og:url\" content=\"https:\/\/jpnrd.gov.mk\/sq\/sektor-telekomunikacii\/\" \/>\n<meta property=\"og:site_name\" content=\"\u0408\u041f \u041d\u0430\u0446\u0438\u043e\u043d\u0430\u043b\u043d\u0430 \u0420\u0430\u0434\u0438\u043e\u0434\u0438\u0444\u0443\u0437\u0438\u0458\u0430\" \/>\n<meta property=\"article:publisher\" content=\"https:\/\/www.facebook.com\/nationalbroadcasting\/\" \/>\n<meta property=\"article:modified_time\" content=\"2022-11-17T11:56:25+00:00\" \/>\n<meta property=\"og:image\" content=\"https:\/\/jpnrd.gov.mk\/wp-content\/uploads\/2023\/03\/logo-jpmrd_cropped.jpg\" \/>\n\t<meta property=\"og:image:width\" content=\"1784\" \/>\n\t<meta property=\"og:image:height\" content=\"1184\" \/>\n\t<meta property=\"og:image:type\" content=\"image\/jpeg\" \/>\n<meta name=\"twitter:card\" content=\"summary_large_image\" \/>\n<meta name=\"twitter:label1\" content=\"Est. reading time\" \/>\n\t<meta name=\"twitter:data1\" content=\"2 minuta\" \/>\n<script type=\"application\/ld+json\" class=\"yoast-schema-graph\">{\"@context\":\"https:\\\/\\\/schema.org\",\"@graph\":[{\"@type\":\"WebPage\",\"@id\":\"https:\\\/\\\/jpnrd.gov.mk\\\/sektor-telekomunikacii\",\"url\":\"https:\\\/\\\/jpnrd.gov.mk\\\/sektor-telekomunikacii\",\"name\":\"\u0408\u041f \u041d\u0430\u0446\u0438\u043e\u043d\u0430\u043b\u043d\u0430 \u0420\u0430\u0434\u0438\u043e\u0434\u0438\u0444\u0443\u0437\u0438\u0458\u0430 - \u0421\u0435\u043a\u0442\u043e\u0440 \u0422\u0435\u043b\u0435\u043a\u043e\u043c\u0443\u043d\u0438\u043a\u0430\u0446\u0438\u0438\",\"isPartOf\":{\"@id\":\"https:\\\/\\\/jpnrd.gov.mk\\\/#website\"},\"datePublished\":\"2022-04-10T11:30:27+00:00\",\"dateModified\":\"2022-11-17T11:56:25+00:00\",\"description\":\"\u0421\u0435\u043a\u0442\u043e\u0440 \u0422\u0435\u043b\u0435\u043a\u043e\u043c\u0443\u043d\u0438\u043a\u0430\u0446\u0438\u0438\",\"breadcrumb\":{\"@id\":\"https:\\\/\\\/jpnrd.gov.mk\\\/sektor-telekomunikacii#breadcrumb\"},\"inLanguage\":\"sq\",\"potentialAction\":[{\"@type\":\"ReadAction\",\"target\":[\"https:\\\/\\\/jpnrd.gov.mk\\\/sektor-telekomunikacii\"]}]},{\"@type\":\"BreadcrumbList\",\"@id\":\"https:\\\/\\\/jpnrd.gov.mk\\\/sektor-telekomunikacii#breadcrumb\",\"itemListElement\":[{\"@type\":\"ListItem\",\"position\":1,\"name\":\"Home\",\"item\":\"https:\\\/\\\/jpnrd.gov.mk\\\/\"},{\"@type\":\"ListItem\",\"position\":2,\"name\":\"\u0421\u0435\u043a\u0442\u043e\u0440 \u0422\u0435\u043b\u0435\u043a\u043e\u043c\u0443\u043d\u0438\u043a\u0430\u0446\u0438\u0438\"}]},{\"@type\":\"WebSite\",\"@id\":\"https:\\\/\\\/jpnrd.gov.mk\\\/#website\",\"url\":\"https:\\\/\\\/jpnrd.gov.mk\\\/\",\"name\":\"\u0408\u041f \u041d\u0430\u0446\u0438\u043e\u043d\u0430\u043b\u043d\u0430 \u0420\u0430\u0434\u0438\u043e\u0434\u0438\u0444\u0443\u0437\u0438\u0458\u0430\",\"description\":\"\",\"publisher\":{\"@id\":\"https:\\\/\\\/jpnrd.gov.mk\\\/#organization\"},\"potentialAction\":[{\"@type\":\"SearchAction\",\"target\":{\"@type\":\"EntryPoint\",\"urlTemplate\":\"https:\\\/\\\/jpnrd.gov.mk\\\/?s={search_term_string}\"},\"query-input\":{\"@type\":\"PropertyValueSpecification\",\"valueRequired\":true,\"valueName\":\"search_term_string\"}}],\"inLanguage\":\"sq\"},{\"@type\":\"Organization\",\"@id\":\"https:\\\/\\\/jpnrd.gov.mk\\\/#organization\",\"name\":\"\u0408\u041f \u041d\u0430\u0446\u0438\u043e\u043d\u0430\u043b\u043d\u0430 \u0420\u0430\u0434\u0438\u043e\u0434\u0438\u0444\u0443\u0437\u0438\u0458\u0430\",\"url\":\"https:\\\/\\\/jpnrd.gov.mk\\\/\",\"logo\":{\"@type\":\"ImageObject\",\"inLanguage\":\"sq\",\"@id\":\"https:\\\/\\\/jpnrd.gov.mk\\\/#\\\/schema\\\/logo\\\/image\\\/\",\"url\":\"https:\\\/\\\/jpnrd.gov.mk\\\/wp-content\\\/uploads\\\/2022\\\/04\\\/png-4.png\",\"contentUrl\":\"https:\\\/\\\/jpnrd.gov.mk\\\/wp-content\\\/uploads\\\/2022\\\/04\\\/png-4.png\",\"width\":193,\"height\":169,\"caption\":\"\u0408\u041f \u041d\u0430\u0446\u0438\u043e\u043d\u0430\u043b\u043d\u0430 \u0420\u0430\u0434\u0438\u043e\u0434\u0438\u0444\u0443\u0437\u0438\u0458\u0430\"},\"image\":{\"@id\":\"https:\\\/\\\/jpnrd.gov.mk\\\/#\\\/schema\\\/logo\\\/image\\\/\"},\"sameAs\":[\"https:\\\/\\\/www.facebook.com\\\/nationalbroadcasting\\\/\",\"https:\\\/\\\/www.instagram.com\\\/nacionalnaradiodifuzija\\\/\",\"https:\\\/\\\/www.linkedin.com\\\/company\\\/pe-national-broadcasting\\\/\"]}]}<\/script>\n<!-- \/ Yoast SEO plugin. -->","yoast_head_json":{"title":"\u0408\u041f \u041d\u0430\u0446\u0438\u043e\u043d\u0430\u043b\u043d\u0430 \u0420\u0430\u0434\u0438\u043e\u0434\u0438\u0444\u0443\u0437\u0438\u0458\u0430 - \u0421\u0435\u043a\u0442\u043e\u0440 \u0422\u0435\u043b\u0435\u043a\u043e\u043c\u0443\u043d\u0438\u043a\u0430\u0446\u0438\u0438","description":"\u0421\u0435\u043a\u0442\u043e\u0440 \u0422\u0435\u043b\u0435\u043a\u043e\u043c\u0443\u043d\u0438\u043a\u0430\u0446\u0438\u0438","robots":{"index":"index","follow":"follow","max-snippet":"max-snippet:-1","max-image-preview":"max-image-preview:large","max-video-preview":"max-video-preview:-1"},"canonical":"https:\/\/jpnrd.gov.mk\/sq\/sektor-telekomunikacii\/","og_locale":"sq_AL","og_type":"article","og_title":"\u0408\u041f \u041d\u0430\u0446\u0438\u043e\u043d\u0430\u043b\u043d\u0430 \u0420\u0430\u0434\u0438\u043e\u0434\u0438\u0444\u0443\u0437\u0438\u0458\u0430 - \u0421\u0435\u043a\u0442\u043e\u0440 \u0422\u0435\u043b\u0435\u043a\u043e\u043c\u0443\u043d\u0438\u043a\u0430\u0446\u0438\u0438","og_description":"\u0421\u0435\u043a\u0442\u043e\u0440 \u0422\u0435\u043b\u0435\u043a\u043e\u043c\u0443\u043d\u0438\u043a\u0430\u0446\u0438\u0438","og_url":"https:\/\/jpnrd.gov.mk\/sq\/sektor-telekomunikacii\/","og_site_name":"\u0408\u041f \u041d\u0430\u0446\u0438\u043e\u043d\u0430\u043b\u043d\u0430 \u0420\u0430\u0434\u0438\u043e\u0434\u0438\u0444\u0443\u0437\u0438\u0458\u0430","article_publisher":"https:\/\/www.facebook.com\/nationalbroadcasting\/","article_modified_time":"2022-11-17T11:56:25+00:00","og_image":[{"width":1784,"height":1184,"url":"https:\/\/jpnrd.gov.mk\/wp-content\/uploads\/2023\/03\/logo-jpmrd_cropped.jpg","type":"image\/jpeg"}],"twitter_card":"summary_large_image","twitter_misc":{"Est. reading time":"2 minuta"},"schema":{"@context":"https:\/\/schema.org","@graph":[{"@type":"WebPage","@id":"https:\/\/jpnrd.gov.mk\/sektor-telekomunikacii","url":"https:\/\/jpnrd.gov.mk\/sektor-telekomunikacii","name":"\u0408\u041f \u041d\u0430\u0446\u0438\u043e\u043d\u0430\u043b\u043d\u0430 \u0420\u0430\u0434\u0438\u043e\u0434\u0438\u0444\u0443\u0437\u0438\u0458\u0430 - \u0421\u0435\u043a\u0442\u043e\u0440 \u0422\u0435\u043b\u0435\u043a\u043e\u043c\u0443\u043d\u0438\u043a\u0430\u0446\u0438\u0438","isPartOf":{"@id":"https:\/\/jpnrd.gov.mk\/#website"},"datePublished":"2022-04-10T11:30:27+00:00","dateModified":"2022-11-17T11:56:25+00:00","description":"\u0421\u0435\u043a\u0442\u043e\u0440 \u0422\u0435\u043b\u0435\u043a\u043e\u043c\u0443\u043d\u0438\u043a\u0430\u0446\u0438\u0438","breadcrumb":{"@id":"https:\/\/jpnrd.gov.mk\/sektor-telekomunikacii#breadcrumb"},"inLanguage":"sq","potentialAction":[{"@type":"ReadAction","target":["https:\/\/jpnrd.gov.mk\/sektor-telekomunikacii"]}]},{"@type":"BreadcrumbList","@id":"https:\/\/jpnrd.gov.mk\/sektor-telekomunikacii#breadcrumb","itemListElement":[{"@type":"ListItem","position":1,"name":"Home","item":"https:\/\/jpnrd.gov.mk\/"},{"@type":"ListItem","position":2,"name":"\u0421\u0435\u043a\u0442\u043e\u0440 \u0422\u0435\u043b\u0435\u043a\u043e\u043c\u0443\u043d\u0438\u043a\u0430\u0446\u0438\u0438"}]},{"@type":"WebSite","@id":"https:\/\/jpnrd.gov.mk\/#website","url":"https:\/\/jpnrd.gov.mk\/","name":"\u0408\u041f \u041d\u0430\u0446\u0438\u043e\u043d\u0430\u043b\u043d\u0430 \u0420\u0430\u0434\u0438\u043e\u0434\u0438\u0444\u0443\u0437\u0438\u0458\u0430","description":"","publisher":{"@id":"https:\/\/jpnrd.gov.mk\/#organization"},"potentialAction":[{"@type":"SearchAction","target":{"@type":"EntryPoint","urlTemplate":"https:\/\/jpnrd.gov.mk\/?s={search_term_string}"},"query-input":{"@type":"PropertyValueSpecification","valueRequired":true,"valueName":"search_term_string"}}],"inLanguage":"sq"},{"@type":"Organization","@id":"https:\/\/jpnrd.gov.mk\/#organization","name":"\u0408\u041f \u041d\u0430\u0446\u0438\u043e\u043d\u0430\u043b\u043d\u0430 \u0420\u0430\u0434\u0438\u043e\u0434\u0438\u0444\u0443\u0437\u0438\u0458\u0430","url":"https:\/\/jpnrd.gov.mk\/","logo":{"@type":"ImageObject","inLanguage":"sq","@id":"https:\/\/jpnrd.gov.mk\/#\/schema\/logo\/image\/","url":"https:\/\/jpnrd.gov.mk\/wp-content\/uploads\/2022\/04\/png-4.png","contentUrl":"https:\/\/jpnrd.gov.mk\/wp-content\/uploads\/2022\/04\/png-4.png","width":193,"height":169,"caption":"\u0408\u041f \u041d\u0430\u0446\u0438\u043e\u043d\u0430\u043b\u043d\u0430 \u0420\u0430\u0434\u0438\u043e\u0434\u0438\u0444\u0443\u0437\u0438\u0458\u0430"},"image":{"@id":"https:\/\/jpnrd.gov.mk\/#\/schema\/logo\/image\/"},"sameAs":["https:\/\/www.facebook.com\/nationalbroadcasting\/","https:\/\/www.instagram.com\/nacionalnaradiodifuzija\/","https:\/\/www.linkedin.com\/company\/pe-national-broadcasting\/"]}]}},"_links":{"self":[{"href":"https:\/\/jpnrd.gov.mk\/sq\/wp-json\/wp\/v2\/pages\/1871","targetHints":{"allow":["GET"]}}],"collection":[{"href":"https:\/\/jpnrd.gov.mk\/sq\/wp-json\/wp\/v2\/pages"}],"about":[{"href":"https:\/\/jpnrd.gov.mk\/sq\/wp-json\/wp\/v2\/types\/page"}],"author":[{"embeddable":true,"href":"https:\/\/jpnrd.gov.mk\/sq\/wp-json\/wp\/v2\/users\/2"}],"replies":[{"embeddable":true,"href":"https:\/\/jpnrd.gov.mk\/sq\/wp-json\/wp\/v2\/comments?post=1871"}],"version-history":[{"count":3,"href":"https:\/\/jpnrd.gov.mk\/sq\/wp-json\/wp\/v2\/pages\/1871\/revisions"}],"predecessor-version":[{"id":3549,"href":"https:\/\/jpnrd.gov.mk\/sq\/wp-json\/wp\/v2\/pages\/1871\/revisions\/3549"}],"wp:attachment":[{"href":"https:\/\/jpnrd.gov.mk\/sq\/wp-json\/wp\/v2\/media?parent=1871"}],"curies":[{"name":"wp","href":"https:\/\/api.w.org\/{rel}","templated":true}]}}