{"id":1868,"date":"2022-04-10T11:29:15","date_gmt":"2022-04-10T11:29:15","guid":{"rendered":"https:\/\/jpnrd.gov.mk\/?page_id=1868"},"modified":"2022-11-17T11:54:40","modified_gmt":"2022-11-17T11:54:40","slug":"sektor-razvoj-i-investicii","status":"publish","type":"page","link":"https:\/\/jpnrd.gov.mk\/sq\/sektor-razvoj-i-investicii","title":{"rendered":"Sektori i zhvillimit dhe i investimeve"},"content":{"rendered":"<div data-elementor-type=\"wp-page\" data-elementor-id=\"1868\" class=\"elementor elementor-1868\">\n\t\t\t\t\t\t<section class=\"elementor-section elementor-top-section elementor-element elementor-element-0b3d1ff elementor-section-boxed elementor-section-height-default elementor-section-height-default\" data-id=\"0b3d1ff\" data-element_type=\"section\">\n\t\t\t\t\t\t<div class=\"elementor-container elementor-column-gap-default\">\n\t\t\t\t\t<div class=\"elementor-column elementor-col-100 elementor-top-column elementor-element elementor-element-8eea897\" data-id=\"8eea897\" data-element_type=\"column\">\n\t\t\t<div class=\"elementor-widget-wrap elementor-element-populated\">\n\t\t\t\t\t\t<div class=\"elementor-element elementor-element-ace16c5 elementor-widget elementor-widget-text-editor\" data-id=\"ace16c5\" data-element_type=\"widget\" data-widget_type=\"text-editor.default\">\n\t\t\t\t<div class=\"elementor-widget-container\">\n\t\t\t\t\t\t\t<p>Sektori i zhvillimit dhe i investime i p\u00ebrmban k\u00ebto seksione:<\/p><ul><li><p>SEKSIONI I PLANIFIKIMIT, I PROJEKTIMIT DHE I MATJEVE T\u00cb P\u00cbRHAPJES<\/p><\/li><\/ul><p>\u2013 NJ\u00cbSITI I PLANIFIKIMIT DHE PROJEKTIMIT<\/p><p>\u2013 NJ\u00cbSITI I MATJEVE T\u00cb P\u00cbRHAPJES DHE KONTROLLIT T\u00cb CIL\u00cbSIS\u00cb S\u00cb SINJALIT<\/p><ul><li><p>SEKSIONI I TEKNOLOGJIS\u00cb INFORMATIVE DHE DOKUMENTACIONIT TEKNIK<\/p><\/li><\/ul><p>Plani vjetor i aktiviteteve n\u00eb seksion<\/p><p>Seksioni i planifikim, i projektimit dhe i matjeve t\u00eb p\u00ebrhapjes, p\u00ebrpilon: Plan vjetor t\u00eb aktiviteteve p\u00ebr vitin e ardhsh\u00ebm (n\u00eb form\u00eb t\u00eb lir\u00eb) dhe e dor\u00ebzon te udh\u00ebheq\u00ebsi i Sektorit t\u00eb zhvillimit dhe t\u00eb investimeve, i cili m\u00eb tutje e p\u00ebrcjell te drejtori p\u00ebr miratim. Plani i konsoliduar dhe i miratuar \u00ebsht\u00eb baza p\u00ebr realizimin e aktiviteteve n\u00eb vitin e ardhsh\u00ebm.<\/p><p>Aktivitetet e seksionit t\u00eb planifikimit, projektimit dhe i matjeve t\u00eb p\u00ebrhapjes:<\/p><ul><li><p>\u00a0Aktivitetet e matjes s\u00eb p\u00ebrhapjes;<\/p><\/li><li><p>\u00a0Projektimi i lidhjeve t\u00eb reja t\u00eb telekomunikacionit;<\/p><\/li><li><p>\u00a0Projektimi i objektit t\u00eb ri t\u00eb radiodifuzionit;<\/p><\/li><li><p>\u00a0Inicimi i matjeve.<\/p><\/li><\/ul><p>Matjet e p\u00ebrhapjes mund t\u00eb jen\u00eb t\u00eb iniciuara p\u00ebr shkak t\u00eb:<\/p><ul><li><p>\u00a0Realizimit dhe p\u00ebrfundimit t\u00eb objektit t\u00eb ri RD;<\/p><\/li><li><p>\u00a0N\u00eb pajtim me planin vjetor p\u00ebr matje;<\/p><\/li><li><p>\u00a0Procesverbalit p\u00ebr parregullsit\u00eb e konstatuara nga ana e AKE;<\/p><\/li><li><p>\u00a0K\u00ebrkes\u00ebs nga K\u00ebshilli i Radiodifuzionit.<\/p><\/li><\/ul><p>Aktivitete kryesore t\u00eb seksionit  t\u00eb IT-s\u00eb jan\u00eb:<\/p><ul><li><p>\u00a0Projektimi dhe realizimi i infrastruktur\u00ebs informatike t\u00eb harduerit dhe softuerit;<\/p><\/li><li><p>\u00a0Mir\u00ebmbajtje t\u00eb infrastruktur\u00ebs informatike t\u00eb harduerit dhe softuerit:<\/p><\/li><li><p>\u00a0Arkivimi i t\u00eb dh\u00ebnave t\u00eb r\u00ebnd\u00ebsishme t\u00eb RDN dhe krijimi i kopjeve rezerve t\u00eb t\u00eb dh\u00ebnave (Back up);<\/p><\/li><li><p>\u00a0Trajnimi dhe p\u00ebrpilimi i udh\u00ebzimeve p\u00ebr p\u00ebrdorimin e burimeve;<\/p><\/li><li><p>\u00a0Administrimi i ueb-faqes;<\/p><\/li><li><p>\u00a0P\u00ebrkrahja logjistike IT p\u00ebr shfryt\u00ebzuesit e infrastruktur\u00ebs s\u00eb IT-s\u00eb;<\/p><\/li><li><p>\u00a0Ndarja e privilegjeve;<\/p><\/li><li><p>\u00a0Sh\u00ebrbime t\u00eb tjera n\u00eb pun\u00ebn e RDN n\u00eb sfer\u00ebn e IT-s\u00eb.<\/p><\/li><\/ul><p>\u00a0<\/p>\t\t\t\t\t\t<\/div>\n\t\t\t\t<\/div>\n\t\t\t\t\t<\/div>\n\t\t<\/div>\n\t\t\t\t\t<\/div>\n\t\t<\/section>\n\t\t\t\t<\/div>","protected":false},"excerpt":{"rendered":"<p>\u0421\u0435\u043a\u0442\u043e\u0440\u043e\u0442 \u0437\u0430\u00a0\u0440\u0430\u0437\u0432\u043e\u0458 \u0438 \u0438\u043d\u0432\u0435\u0441\u0442\u0438\u0446\u0438\u0438\u00a0\u0433\u0438 \u0441\u043e\u0434\u0440\u0436\u0438 \u0441\u043b\u0435\u0434\u043d\u0438\u0442\u0435 \u043e\u0434\u0434\u0435\u043b\u0435\u043d\u0438\u0430: \u041e\u0414\u0414\u0415\u041b\u0415\u041d\u0418\u0415 \u0417\u0410 \u041f\u041b\u0410\u041d\u0418\u0420\u0410\u040a\u0415, \u041f\u0420\u041e\u0415\u041a\u0422\u0418\u0420\u0410\u040a\u0415 \u0418 \u041f\u0420\u041e\u041f\u0410\u0413\u0410\u0426\u0418\u041e\u041d\u0418 \u041c\u0415\u0420\u0415\u040a\u0410 \u2013 \u041e\u0414\u0414\u0415\u041b \u0417\u0410 \u041f\u041b\u0410\u041d\u0418\u0420\u0410\u040a\u0415 \u0418 \u041f\u0420\u041e\u0415\u041a\u0422\u0418\u0420\u0410\u040a\u0415 \u2013 \u041e\u0414\u0414\u0415\u041b \u0417\u0410 \u041f\u0420\u041e\u041f\u0410\u0413\u0410\u0426\u0418\u041e\u041d\u0418 \u041c\u0415\u0420\u0415\u040a\u0410 \u0418 \u041a\u041e\u041d\u0422\u0420\u041e\u041b\u0410 \u041d\u0410 \u041a\u0412\u0410\u041b\u0418\u0422\u0415\u0422 \u041d\u0410 \u0421\u0418\u0413\u041d\u0410\u041b \u041e\u0414\u0414\u0415\u041b\u0415\u041d\u0418\u0415 \u0417\u0410 \u0418\u041d\u0424\u041e\u0420\u041c\u0410\u0422\u0418\u0427\u041a\u0418 \u0422\u0415\u0425\u041d\u041e\u041b\u041e\u0413\u0418\u0418 \u0418 \u0422\u0415\u0425\u041d\u0418\u0427\u041a\u0410 \u0414\u041e\u041a\u0423\u041c\u0415\u041d\u0422\u0410\u0426\u0418\u0408\u0410 \u0413\u043e\u0434\u0438\u0448\u0435\u043d \u043f\u043b\u0430\u043d \u043d\u0430 \u0430\u043a\u0442\u0438\u0432\u043d\u043e\u0441\u0442\u0438 \u0432\u043e \u043e\u0434\u0434\u0435\u043b\u0435\u043d\u0438\u0435\u0442\u043e \u0420\u0430\u043a\u043e\u0432\u043e\u0434\u0438\u0442\u0435\u043b\u043e\u0442 \u043d\u0430 \u043e\u0434\u0434\u0435\u043b\u0435\u043d\u0438\u0435\u0442\u043e \u0437\u0430 \u043f\u043b\u0430\u043d\u0438\u0440\u0430\u045a\u0435, \u043f\u0440\u043e\u0435\u043a\u0442\u0438\u0440\u0430\u045a\u0435 \u0438 \u043f\u0440\u043e\u043f\u0430\u0433\u0430\u0446\u0438\u043e\u043d\u0438 \u043c\u0435\u0440\u0435\u045a\u0430, \u0438\u0437\u0433\u043e\u0442\u0432\u0443\u0432\u0430: \u0413\u043e\u0434\u0438\u0448\u0435\u043d [&hellip;]<\/p>","protected":false},"author":2,"featured_media":0,"parent":0,"menu_order":0,"comment_status":"closed","ping_status":"closed","template":"","meta":{"_acf_changed":false,"inline_featured_image":false,"footnotes":""},"class_list":["post-1868","page","type-page","status-publish","hentry"],"acf":[],"yoast_head":"<!-- This site is optimized with the Yoast SEO plugin v27.4 - https:\/\/yoast.com\/product\/yoast-seo-wordpress\/ -->\n<title>\u0408\u041f \u041d\u0430\u0446\u0438\u043e\u043d\u0430\u043b\u043d\u0430 \u0420\u0430\u0434\u0438\u043e\u0434\u0438\u0444\u0443\u0437\u0438\u0458\u0430 - \u0421\u0435\u043a\u0442\u043e\u0440 \u0420\u0430\u0437\u0432\u043e\u0458 \u0438 \u0418\u043d\u0432\u0435\u0441\u0442\u0438\u0446\u0438\u0438<\/title>\n<meta name=\"description\" content=\"\u0421\u0435\u043a\u0442\u043e\u0440 \u0420\u0430\u0437\u0432\u043e\u0458 \u0438 \u0418\u043d\u0432\u0435\u0441\u0442\u0438\u0446\u0438\u0438\" \/>\n<meta name=\"robots\" content=\"index, follow, max-snippet:-1, max-image-preview:large, max-video-preview:-1\" \/>\n<link rel=\"canonical\" href=\"https:\/\/jpnrd.gov.mk\/sq\/sektor-razvoj-i-investicii\/\" \/>\n<meta property=\"og:locale\" content=\"sq_AL\" \/>\n<meta property=\"og:type\" content=\"article\" \/>\n<meta property=\"og:title\" content=\"\u0408\u041f \u041d\u0430\u0446\u0438\u043e\u043d\u0430\u043b\u043d\u0430 \u0420\u0430\u0434\u0438\u043e\u0434\u0438\u0444\u0443\u0437\u0438\u0458\u0430 - \u0421\u0435\u043a\u0442\u043e\u0440 \u0420\u0430\u0437\u0432\u043e\u0458 \u0438 \u0418\u043d\u0432\u0435\u0441\u0442\u0438\u0446\u0438\u0438\" \/>\n<meta property=\"og:description\" content=\"\u0421\u0435\u043a\u0442\u043e\u0440 \u0420\u0430\u0437\u0432\u043e\u0458 \u0438 \u0418\u043d\u0432\u0435\u0441\u0442\u0438\u0446\u0438\u0438\" \/>\n<meta property=\"og:url\" content=\"https:\/\/jpnrd.gov.mk\/sq\/sektor-razvoj-i-investicii\/\" \/>\n<meta property=\"og:site_name\" content=\"\u0408\u041f \u041d\u0430\u0446\u0438\u043e\u043d\u0430\u043b\u043d\u0430 \u0420\u0430\u0434\u0438\u043e\u0434\u0438\u0444\u0443\u0437\u0438\u0458\u0430\" \/>\n<meta property=\"article:publisher\" content=\"https:\/\/www.facebook.com\/nationalbroadcasting\/\" \/>\n<meta property=\"article:modified_time\" content=\"2022-11-17T11:54:40+00:00\" \/>\n<meta property=\"og:image\" content=\"https:\/\/jpnrd.gov.mk\/wp-content\/uploads\/2023\/03\/logo-jpmrd_cropped.jpg\" \/>\n\t<meta property=\"og:image:width\" content=\"1784\" \/>\n\t<meta property=\"og:image:height\" content=\"1184\" \/>\n\t<meta property=\"og:image:type\" content=\"image\/jpeg\" \/>\n<meta name=\"twitter:card\" content=\"summary_large_image\" \/>\n<meta name=\"twitter:label1\" content=\"Est. reading time\" \/>\n\t<meta name=\"twitter:data1\" content=\"1 minut\u00eb\" \/>\n<script type=\"application\/ld+json\" class=\"yoast-schema-graph\">{\"@context\":\"https:\\\/\\\/schema.org\",\"@graph\":[{\"@type\":\"WebPage\",\"@id\":\"https:\\\/\\\/jpnrd.gov.mk\\\/sektor-razvoj-i-investicii\",\"url\":\"https:\\\/\\\/jpnrd.gov.mk\\\/sektor-razvoj-i-investicii\",\"name\":\"\u0408\u041f \u041d\u0430\u0446\u0438\u043e\u043d\u0430\u043b\u043d\u0430 \u0420\u0430\u0434\u0438\u043e\u0434\u0438\u0444\u0443\u0437\u0438\u0458\u0430 - \u0421\u0435\u043a\u0442\u043e\u0440 \u0420\u0430\u0437\u0432\u043e\u0458 \u0438 \u0418\u043d\u0432\u0435\u0441\u0442\u0438\u0446\u0438\u0438\",\"isPartOf\":{\"@id\":\"https:\\\/\\\/jpnrd.gov.mk\\\/#website\"},\"datePublished\":\"2022-04-10T11:29:15+00:00\",\"dateModified\":\"2022-11-17T11:54:40+00:00\",\"description\":\"\u0421\u0435\u043a\u0442\u043e\u0440 \u0420\u0430\u0437\u0432\u043e\u0458 \u0438 \u0418\u043d\u0432\u0435\u0441\u0442\u0438\u0446\u0438\u0438\",\"breadcrumb\":{\"@id\":\"https:\\\/\\\/jpnrd.gov.mk\\\/sektor-razvoj-i-investicii#breadcrumb\"},\"inLanguage\":\"sq\",\"potentialAction\":[{\"@type\":\"ReadAction\",\"target\":[\"https:\\\/\\\/jpnrd.gov.mk\\\/sektor-razvoj-i-investicii\"]}]},{\"@type\":\"BreadcrumbList\",\"@id\":\"https:\\\/\\\/jpnrd.gov.mk\\\/sektor-razvoj-i-investicii#breadcrumb\",\"itemListElement\":[{\"@type\":\"ListItem\",\"position\":1,\"name\":\"Home\",\"item\":\"https:\\\/\\\/jpnrd.gov.mk\\\/\"},{\"@type\":\"ListItem\",\"position\":2,\"name\":\"\u0421\u0435\u043a\u0442\u043e\u0440 \u0420\u0430\u0437\u0432\u043e\u0458 \u0438 \u0418\u043d\u0432\u0435\u0441\u0442\u0438\u0446\u0438\u0438\"}]},{\"@type\":\"WebSite\",\"@id\":\"https:\\\/\\\/jpnrd.gov.mk\\\/#website\",\"url\":\"https:\\\/\\\/jpnrd.gov.mk\\\/\",\"name\":\"\u0408\u041f \u041d\u0430\u0446\u0438\u043e\u043d\u0430\u043b\u043d\u0430 \u0420\u0430\u0434\u0438\u043e\u0434\u0438\u0444\u0443\u0437\u0438\u0458\u0430\",\"description\":\"\",\"publisher\":{\"@id\":\"https:\\\/\\\/jpnrd.gov.mk\\\/#organization\"},\"potentialAction\":[{\"@type\":\"SearchAction\",\"target\":{\"@type\":\"EntryPoint\",\"urlTemplate\":\"https:\\\/\\\/jpnrd.gov.mk\\\/?s={search_term_string}\"},\"query-input\":{\"@type\":\"PropertyValueSpecification\",\"valueRequired\":true,\"valueName\":\"search_term_string\"}}],\"inLanguage\":\"sq\"},{\"@type\":\"Organization\",\"@id\":\"https:\\\/\\\/jpnrd.gov.mk\\\/#organization\",\"name\":\"\u0408\u041f \u041d\u0430\u0446\u0438\u043e\u043d\u0430\u043b\u043d\u0430 \u0420\u0430\u0434\u0438\u043e\u0434\u0438\u0444\u0443\u0437\u0438\u0458\u0430\",\"url\":\"https:\\\/\\\/jpnrd.gov.mk\\\/\",\"logo\":{\"@type\":\"ImageObject\",\"inLanguage\":\"sq\",\"@id\":\"https:\\\/\\\/jpnrd.gov.mk\\\/#\\\/schema\\\/logo\\\/image\\\/\",\"url\":\"https:\\\/\\\/jpnrd.gov.mk\\\/wp-content\\\/uploads\\\/2022\\\/04\\\/png-4.png\",\"contentUrl\":\"https:\\\/\\\/jpnrd.gov.mk\\\/wp-content\\\/uploads\\\/2022\\\/04\\\/png-4.png\",\"width\":193,\"height\":169,\"caption\":\"\u0408\u041f \u041d\u0430\u0446\u0438\u043e\u043d\u0430\u043b\u043d\u0430 \u0420\u0430\u0434\u0438\u043e\u0434\u0438\u0444\u0443\u0437\u0438\u0458\u0430\"},\"image\":{\"@id\":\"https:\\\/\\\/jpnrd.gov.mk\\\/#\\\/schema\\\/logo\\\/image\\\/\"},\"sameAs\":[\"https:\\\/\\\/www.facebook.com\\\/nationalbroadcasting\\\/\",\"https:\\\/\\\/www.instagram.com\\\/nacionalnaradiodifuzija\\\/\",\"https:\\\/\\\/www.linkedin.com\\\/company\\\/pe-national-broadcasting\\\/\"]}]}<\/script>\n<!-- \/ Yoast SEO plugin. -->","yoast_head_json":{"title":"\u0408\u041f \u041d\u0430\u0446\u0438\u043e\u043d\u0430\u043b\u043d\u0430 \u0420\u0430\u0434\u0438\u043e\u0434\u0438\u0444\u0443\u0437\u0438\u0458\u0430 - \u0421\u0435\u043a\u0442\u043e\u0440 \u0420\u0430\u0437\u0432\u043e\u0458 \u0438 \u0418\u043d\u0432\u0435\u0441\u0442\u0438\u0446\u0438\u0438","description":"\u0421\u0435\u043a\u0442\u043e\u0440 \u0420\u0430\u0437\u0432\u043e\u0458 \u0438 \u0418\u043d\u0432\u0435\u0441\u0442\u0438\u0446\u0438\u0438","robots":{"index":"index","follow":"follow","max-snippet":"max-snippet:-1","max-image-preview":"max-image-preview:large","max-video-preview":"max-video-preview:-1"},"canonical":"https:\/\/jpnrd.gov.mk\/sq\/sektor-razvoj-i-investicii\/","og_locale":"sq_AL","og_type":"article","og_title":"\u0408\u041f \u041d\u0430\u0446\u0438\u043e\u043d\u0430\u043b\u043d\u0430 \u0420\u0430\u0434\u0438\u043e\u0434\u0438\u0444\u0443\u0437\u0438\u0458\u0430 - \u0421\u0435\u043a\u0442\u043e\u0440 \u0420\u0430\u0437\u0432\u043e\u0458 \u0438 \u0418\u043d\u0432\u0435\u0441\u0442\u0438\u0446\u0438\u0438","og_description":"\u0421\u0435\u043a\u0442\u043e\u0440 \u0420\u0430\u0437\u0432\u043e\u0458 \u0438 \u0418\u043d\u0432\u0435\u0441\u0442\u0438\u0446\u0438\u0438","og_url":"https:\/\/jpnrd.gov.mk\/sq\/sektor-razvoj-i-investicii\/","og_site_name":"\u0408\u041f \u041d\u0430\u0446\u0438\u043e\u043d\u0430\u043b\u043d\u0430 \u0420\u0430\u0434\u0438\u043e\u0434\u0438\u0444\u0443\u0437\u0438\u0458\u0430","article_publisher":"https:\/\/www.facebook.com\/nationalbroadcasting\/","article_modified_time":"2022-11-17T11:54:40+00:00","og_image":[{"width":1784,"height":1184,"url":"https:\/\/jpnrd.gov.mk\/wp-content\/uploads\/2023\/03\/logo-jpmrd_cropped.jpg","type":"image\/jpeg"}],"twitter_card":"summary_large_image","twitter_misc":{"Est. reading time":"1 minut\u00eb"},"schema":{"@context":"https:\/\/schema.org","@graph":[{"@type":"WebPage","@id":"https:\/\/jpnrd.gov.mk\/sektor-razvoj-i-investicii","url":"https:\/\/jpnrd.gov.mk\/sektor-razvoj-i-investicii","name":"\u0408\u041f \u041d\u0430\u0446\u0438\u043e\u043d\u0430\u043b\u043d\u0430 \u0420\u0430\u0434\u0438\u043e\u0434\u0438\u0444\u0443\u0437\u0438\u0458\u0430 - \u0421\u0435\u043a\u0442\u043e\u0440 \u0420\u0430\u0437\u0432\u043e\u0458 \u0438 \u0418\u043d\u0432\u0435\u0441\u0442\u0438\u0446\u0438\u0438","isPartOf":{"@id":"https:\/\/jpnrd.gov.mk\/#website"},"datePublished":"2022-04-10T11:29:15+00:00","dateModified":"2022-11-17T11:54:40+00:00","description":"\u0421\u0435\u043a\u0442\u043e\u0440 \u0420\u0430\u0437\u0432\u043e\u0458 \u0438 \u0418\u043d\u0432\u0435\u0441\u0442\u0438\u0446\u0438\u0438","breadcrumb":{"@id":"https:\/\/jpnrd.gov.mk\/sektor-razvoj-i-investicii#breadcrumb"},"inLanguage":"sq","potentialAction":[{"@type":"ReadAction","target":["https:\/\/jpnrd.gov.mk\/sektor-razvoj-i-investicii"]}]},{"@type":"BreadcrumbList","@id":"https:\/\/jpnrd.gov.mk\/sektor-razvoj-i-investicii#breadcrumb","itemListElement":[{"@type":"ListItem","position":1,"name":"Home","item":"https:\/\/jpnrd.gov.mk\/"},{"@type":"ListItem","position":2,"name":"\u0421\u0435\u043a\u0442\u043e\u0440 \u0420\u0430\u0437\u0432\u043e\u0458 \u0438 \u0418\u043d\u0432\u0435\u0441\u0442\u0438\u0446\u0438\u0438"}]},{"@type":"WebSite","@id":"https:\/\/jpnrd.gov.mk\/#website","url":"https:\/\/jpnrd.gov.mk\/","name":"\u0408\u041f \u041d\u0430\u0446\u0438\u043e\u043d\u0430\u043b\u043d\u0430 \u0420\u0430\u0434\u0438\u043e\u0434\u0438\u0444\u0443\u0437\u0438\u0458\u0430","description":"","publisher":{"@id":"https:\/\/jpnrd.gov.mk\/#organization"},"potentialAction":[{"@type":"SearchAction","target":{"@type":"EntryPoint","urlTemplate":"https:\/\/jpnrd.gov.mk\/?s={search_term_string}"},"query-input":{"@type":"PropertyValueSpecification","valueRequired":true,"valueName":"search_term_string"}}],"inLanguage":"sq"},{"@type":"Organization","@id":"https:\/\/jpnrd.gov.mk\/#organization","name":"\u0408\u041f \u041d\u0430\u0446\u0438\u043e\u043d\u0430\u043b\u043d\u0430 \u0420\u0430\u0434\u0438\u043e\u0434\u0438\u0444\u0443\u0437\u0438\u0458\u0430","url":"https:\/\/jpnrd.gov.mk\/","logo":{"@type":"ImageObject","inLanguage":"sq","@id":"https:\/\/jpnrd.gov.mk\/#\/schema\/logo\/image\/","url":"https:\/\/jpnrd.gov.mk\/wp-content\/uploads\/2022\/04\/png-4.png","contentUrl":"https:\/\/jpnrd.gov.mk\/wp-content\/uploads\/2022\/04\/png-4.png","width":193,"height":169,"caption":"\u0408\u041f \u041d\u0430\u0446\u0438\u043e\u043d\u0430\u043b\u043d\u0430 \u0420\u0430\u0434\u0438\u043e\u0434\u0438\u0444\u0443\u0437\u0438\u0458\u0430"},"image":{"@id":"https:\/\/jpnrd.gov.mk\/#\/schema\/logo\/image\/"},"sameAs":["https:\/\/www.facebook.com\/nationalbroadcasting\/","https:\/\/www.instagram.com\/nacionalnaradiodifuzija\/","https:\/\/www.linkedin.com\/company\/pe-national-broadcasting\/"]}]}},"_links":{"self":[{"href":"https:\/\/jpnrd.gov.mk\/sq\/wp-json\/wp\/v2\/pages\/1868","targetHints":{"allow":["GET"]}}],"collection":[{"href":"https:\/\/jpnrd.gov.mk\/sq\/wp-json\/wp\/v2\/pages"}],"about":[{"href":"https:\/\/jpnrd.gov.mk\/sq\/wp-json\/wp\/v2\/types\/page"}],"author":[{"embeddable":true,"href":"https:\/\/jpnrd.gov.mk\/sq\/wp-json\/wp\/v2\/users\/2"}],"replies":[{"embeddable":true,"href":"https:\/\/jpnrd.gov.mk\/sq\/wp-json\/wp\/v2\/comments?post=1868"}],"version-history":[{"count":3,"href":"https:\/\/jpnrd.gov.mk\/sq\/wp-json\/wp\/v2\/pages\/1868\/revisions"}],"predecessor-version":[{"id":3546,"href":"https:\/\/jpnrd.gov.mk\/sq\/wp-json\/wp\/v2\/pages\/1868\/revisions\/3546"}],"wp:attachment":[{"href":"https:\/\/jpnrd.gov.mk\/sq\/wp-json\/wp\/v2\/media?parent=1868"}],"curies":[{"name":"wp","href":"https:\/\/api.w.org\/{rel}","templated":true}]}}