{"id":1668,"date":"2022-04-07T19:13:18","date_gmt":"2022-04-07T19:13:18","guid":{"rendered":"https:\/\/jpnrd.gov.mk\/?page_id=1668"},"modified":"2023-02-22T14:13:25","modified_gmt":"2023-02-22T14:13:25","slug":"osnovna-dejnost","status":"publish","type":"page","link":"https:\/\/jpnrd.gov.mk\/sq\/osnovna-dejnost","title":{"rendered":"Veprimtaria themelore"},"content":{"rendered":"<div data-elementor-type=\"wp-page\" data-elementor-id=\"1668\" class=\"elementor elementor-1668\">\n\t\t\t\t\t\t<section class=\"elementor-section elementor-top-section elementor-element elementor-element-3995afa2 elementor-section-boxed elementor-section-height-default elementor-section-height-default\" data-id=\"3995afa2\" data-element_type=\"section\">\n\t\t\t\t\t\t<div class=\"elementor-container elementor-column-gap-default\">\n\t\t\t\t\t<div class=\"elementor-column elementor-col-100 elementor-top-column elementor-element elementor-element-12e6c24e\" data-id=\"12e6c24e\" data-element_type=\"column\">\n\t\t\t<div class=\"elementor-widget-wrap elementor-element-populated\">\n\t\t\t\t\t\t<div class=\"elementor-element elementor-element-7b5dc080 elementor-widget elementor-widget-text-editor\" data-id=\"7b5dc080\" data-element_type=\"widget\" data-widget_type=\"text-editor.default\">\n\t\t\t\t<div class=\"elementor-widget-container\">\n\t\t\t\t\t\t\t<p>NP RDN kryen veprimtari me interes publik n\u00eb sfer\u00ebn e komunikimeve elektroteknike si\u00e7 jan\u00eb:<\/p><ul><li>Zhvillimi, projektimi, nd\u00ebrtimi, mir\u00ebmbajtja dhe p\u00ebrdorimi i rrjeteve publike elektronike dhe mjeteve, si dhe sigurimi i sh\u00ebrbimeve elektronike t\u00eb komunikacionit.<\/li><li>Sigurimi i transmetimit, emetimit dhe distribuimit t\u00eb programeve t\u00eb radios dhe t\u00eb televizionit si dhe p\u00ebrmbajtje t\u00eb tjera t\u00eb p\u00ebrmbajtura t\u00eb informacionit t\u00eb dedikuara p\u00ebr pranim t\u00eb p\u00ebrgjithsh\u00ebm n\u00eb hap\u00ebsir\u00ebn e lire dhe me radio kabllore dhe rrjete t\u00eb televizionit n\u00eb territorin e Republik\u00ebs s\u00eb Maqedonis\u00eb s\u00eb Veriut.<\/li><li>Transmetimi dhe emetimi i servisit programor t\u00eb dedikuar p\u00ebr aktivitetet e Kuvendit t\u00eb Republik\u00ebs s\u00eb Maqedonis\u00eb s\u00eb Veriut n\u00eb t\u00ebr\u00eb territorin e Republik\u00ebs s\u00eb Maqedonis\u00eb s\u00eb Veriut.<\/li><li>Sigurimi, emetimi i programeve t\u00eb ve\u00e7anta p\u00ebr informim, ruajtja e traditave kulturore dhe historike dhe p\u00ebr mbajtjen dhe avancimin e relacioneve me m\u00ebrgimtar\u00ebt dhe qytetar\u00ebt tjer\u00eb nga Republika e Maqedonis\u00eb s\u00eb Veriut t\u00eb cil\u00ebt jetojn\u00eb n\u00eb vendet fqinje, Europ\u00eb dhe n\u00eb kontinente t\u00eb tjera.<\/li><li>Sigurimi i lidhjeve t\u00eb radio dhe televizionit me sistemet e radiodifuzionit t\u00eb vendeve tjera n\u00eb bot\u00eb n\u00eb pajtim me marr\u00ebveshjet nd\u00ebrkomb\u00ebtare q\u00eb i kan\u00eb lidhur, p\u00ebrkat\u00ebsisht q\u00eb ka qasje Republika e Maqedonis\u00eb s\u00eb Veriut.<\/li><li>Kontrolli dhe matja e kualitetit dhe mbulimi n\u00eb territorin e Republik\u00ebs s\u00eb Maqedonis\u00eb s\u00eb Veriut me sinjale t\u00eb radios dhe televizionit nga Radio Televizioni i Maqedonis\u00eb, si dhe kontrolli i matjes s\u00eb pengesave nga stacione tjera t\u00eb radiodifuzionit.<\/li><\/ul><p>Nd\u00ebrmarrja publike k\u00ebto veprimtarit\u00eb i kryen p\u00ebrmes:<\/p><ul><li>Tre radiorrjeteve me val\u00eb ultra t\u00eb shkurtra (VHF\/FM),<\/li><li>Nj\u00eb radiorrjet me vale t\u00eb mesme (SB),<\/li><li>Tre rrjete televizive (VHF dhe UHF),<\/li><li>Multipleks digjital (DVB-T) dhe<\/li><li>Rrjeti i mikroval\u00ebve analog dhe lidhjet e transmetimit digjital.<\/li><\/ul><p>Realizimi i aktiviteteve plot\u00ebsuese dhe sh\u00ebrbimeve me kompensim n\u00ebp\u00ebr rrjete t\u00eb tjera t\u00eb radiodifuzionit, lidhur me veprimtarin\u00eb themelore, n\u00eb ve\u00e7anti p\u00ebr shkak t\u00eb shfryt\u00ebzimit t\u00eb plot\u00eb dhe ekonomik t\u00eb kapaciteteve teknike dhe njer\u00ebzore jan\u00eb si vijojn\u00eb:<\/p><ul><li>Projektimi, realizimi dhe mir\u00ebmbajtja e radiostacioneve;<\/li><li>Montimi dhe mir\u00ebmbajtja e pajisjeve t\u00eb radiodifuzionit, sistemeve t\u00eb anten\u00ebs dhe instalimet elektrike;<\/li><li>Realizimi dhe l\u00ebshimi i v\u00ebrtetimeve p\u00ebr tok\u00ebzimin e radiostacioneve;<\/li><li>Projektimi, realizimi dhe mir\u00ebmbajtja e sistemeve kabllovike t\u00eb distribuimit;<\/li><li>Kontrolli dhe matja e sistemeve kabllovike t\u00eb distribuimit t\u00eb realizuara si dhe l\u00ebshimi i v\u00ebrtetimit p\u00ebr t\u00eb nj\u00ebjtat;<\/li><li>Kontrolli dhe matja e kualitetit dhe mbulimi i territorit t\u00eb Republik\u00ebs s\u00eb Maqedonis\u00eb s\u00eb Veriut me sinjale t\u00eb radiotelevizionit;<\/li><li>Qarkullim i struktur\u00ebs, aparateve dhe pajisjeve t\u00eb veprimtaris\u00eb s\u00eb radiodifuzionit dhe komunikimeve;<\/li><li>Dh\u00ebnia me qira e linqeve t\u00eb komunikacionit dhe emetimi i programeve t\u00eb radio dhe televizionit;<\/li><li>Dh\u00ebnia me qira e nj\u00eb pjese t\u00eb infrastruktur\u00ebs s\u00eb objektit (hap\u00ebsira afariste), p\u00ebr shkak t\u00eb instalimit t\u00eb pajisjeve t\u00eb radiodifuzionit, komunikimit dhe pajisjeve tjera, si dhe l\u00ebshimi me qira i m\u00eb shum\u00eb aparateve dhe pajisjeve t\u00eb instaluara;<\/li><li>Mir\u00ebmbajtja e sistemit funksional, sh\u00ebrbimeve t\u00eb konsultimit dhe inxhinieris\u00eb nga sfera e radiodifuzionit dhe veprimtari t\u00eb tjera lidhur me veprimtarin\u00eb themelore.<\/li><\/ul>\t\t\t\t\t\t<\/div>\n\t\t\t\t<\/div>\n\t\t\t\t\t<\/div>\n\t\t<\/div>\n\t\t\t\t\t<\/div>\n\t\t<\/section>\n\t\t\t\t<\/div>","protected":false},"excerpt":{"rendered":"<p>\u0408\u041f \u041d\u0420\u0414 \u0432\u0440\u0448\u0438 \u0434\u0435\u0458\u043d\u043e\u0441\u0442 \u043e\u0434 \u0458\u0430\u0432\u0435\u043d \u0438\u043d\u0442\u0435\u0440\u0435\u0441 \u0432\u043e \u043e\u0431\u043b\u0430\u0441\u0442\u0430 \u043d\u0430 \u0435\u043b\u0435\u043a\u0442\u0440\u043e\u043d\u0441\u043a\u0438\u0442\u0435 \u043a\u043e\u043c\u0443\u043d\u0438\u043a\u0430\u0446\u0438\u0438 \u043a\u0430\u043a\u043e \u0448\u0442\u043e \u0441\u0435: \u0420\u0430\u0437\u0432\u043e\u0458, \u043f\u0440\u043e\u0435\u043a\u0442\u0438\u0440\u0430\u045a\u0435, \u0438\u0437\u0433\u0440\u0430\u0434\u0431\u0430, \u043e\u0434\u0440\u0436\u0443\u0432\u0430\u045a\u0435 \u0438 \u0443\u043f\u043e\u0442\u0440\u0435\u0431\u0430 \u043d\u0430 \u0458\u0430\u0432\u043d\u0438 \u0435\u043b\u0435\u043a\u0442\u0440\u043e\u043d\u0441\u043a\u0438 \u043a\u043e\u043c\u0443\u043d\u0438\u043a\u0430\u0446\u0438\u0441\u043a\u0438 \u043c\u0440\u0435\u0436\u0438 \u0438 \u0441\u0440\u0435\u0434\u0441\u0442\u0432\u0430 \u0438 \u043e\u0431\u0435\u0437\u0431\u0435\u0434\u0443\u0432\u0430\u045a\u0435 \u043d\u0430 \u0458\u0430\u0432\u043d\u0438 \u0435\u043b\u0435\u043a\u0442\u0440\u043e\u043d\u0441\u043a\u0438 \u043a\u043e\u043c\u0443\u043d\u0438\u043a\u0430\u0446\u0438\u0441\u043a\u0438 \u0443\u0441\u043b\u0443\u0433\u0438. \u041e\u0431\u0435\u0437\u0431\u0435\u0434\u0443\u0432\u0430\u045a\u0435 \u043f\u0440\u0435\u043d\u043e\u0441, \u0435\u043c\u0438\u0442\u0443\u0432\u0430\u045a\u0435 \u0438 \u0434\u0438\u0441\u0442\u0440\u0438\u0431\u0443\u0446\u0438\u0458\u0430 \u043d\u0430 \u0440\u0430\u0434\u0438\u043e \u0438 \u0442\u0435\u043b\u0435\u0432\u0438\u0437\u0438\u0441\u043a\u0438 \u043f\u0440\u043e\u0433\u0440\u0430\u043c\u0438 \u0438 \u0434\u0440\u0443\u0433\u0438 \u0438\u043d\u0444\u043e\u0440\u043c\u0430\u0446\u0438\u0441\u043a\u0438 \u0441\u043e\u0434\u0440\u0436\u0438\u043d\u0438 \u043d\u0430\u043c\u0435\u043d\u0435\u0442\u0438 \u0437\u0430 \u043e\u043f\u0448\u0442 \u043f\u0440\u0438\u0435\u043c \u0432\u043e \u0441\u043b\u043e\u0431\u043e\u0434\u0435\u043d [&hellip;]<\/p>","protected":false},"author":2,"featured_media":0,"parent":0,"menu_order":0,"comment_status":"closed","ping_status":"closed","template":"","meta":{"_acf_changed":false,"inline_featured_image":false,"footnotes":""},"class_list":["post-1668","page","type-page","status-publish","hentry"],"acf":[],"yoast_head":"<!-- This site is optimized with the Yoast SEO plugin v27.4 - https:\/\/yoast.com\/product\/yoast-seo-wordpress\/ -->\n<title>\u0408\u041f \u041d\u0430\u0446\u0438\u043e\u043d\u0430\u043b\u043d\u0430 \u0420\u0430\u0434\u0438\u043e\u0434\u0438\u0444\u0443\u0437\u0438\u0458\u0430 - \u041e\u0441\u043d\u043e\u0432\u043d\u0430 \u0414\u0435\u0458\u043d\u043e\u0441\u0442<\/title>\n<meta name=\"description\" content=\"\u041e\u0441\u043d\u043e\u0432\u043d\u0430 \u0414\u0435\u0458\u043d\u043e\u0441\u0442\" \/>\n<meta name=\"robots\" content=\"index, follow, max-snippet:-1, max-image-preview:large, max-video-preview:-1\" \/>\n<link rel=\"canonical\" href=\"https:\/\/jpnrd.gov.mk\/sq\/osnovna-dejnost\/\" \/>\n<meta property=\"og:locale\" content=\"sq_AL\" \/>\n<meta property=\"og:type\" content=\"article\" \/>\n<meta property=\"og:title\" content=\"\u0408\u041f \u041d\u0430\u0446\u0438\u043e\u043d\u0430\u043b\u043d\u0430 \u0420\u0430\u0434\u0438\u043e\u0434\u0438\u0444\u0443\u0437\u0438\u0458\u0430 - \u041e\u0441\u043d\u043e\u0432\u043d\u0430 \u0414\u0435\u0458\u043d\u043e\u0441\u0442\" \/>\n<meta property=\"og:description\" content=\"\u041e\u0441\u043d\u043e\u0432\u043d\u0430 \u0414\u0435\u0458\u043d\u043e\u0441\u0442\" \/>\n<meta property=\"og:url\" content=\"https:\/\/jpnrd.gov.mk\/sq\/osnovna-dejnost\/\" \/>\n<meta property=\"og:site_name\" content=\"\u0408\u041f \u041d\u0430\u0446\u0438\u043e\u043d\u0430\u043b\u043d\u0430 \u0420\u0430\u0434\u0438\u043e\u0434\u0438\u0444\u0443\u0437\u0438\u0458\u0430\" \/>\n<meta property=\"article:publisher\" content=\"https:\/\/www.facebook.com\/nationalbroadcasting\/\" \/>\n<meta property=\"article:modified_time\" content=\"2023-02-22T14:13:25+00:00\" \/>\n<meta property=\"og:image\" content=\"https:\/\/jpnrd.gov.mk\/wp-content\/uploads\/2023\/03\/logo-jpmrd_cropped.jpg\" \/>\n\t<meta property=\"og:image:width\" content=\"1784\" \/>\n\t<meta property=\"og:image:height\" content=\"1184\" \/>\n\t<meta property=\"og:image:type\" content=\"image\/jpeg\" \/>\n<meta name=\"twitter:card\" content=\"summary_large_image\" \/>\n<meta name=\"twitter:label1\" content=\"Est. reading time\" \/>\n\t<meta name=\"twitter:data1\" content=\"2 minuta\" \/>\n<script type=\"application\/ld+json\" class=\"yoast-schema-graph\">{\"@context\":\"https:\\\/\\\/schema.org\",\"@graph\":[{\"@type\":\"WebPage\",\"@id\":\"https:\\\/\\\/jpnrd.gov.mk\\\/osnovna-dejnost\",\"url\":\"https:\\\/\\\/jpnrd.gov.mk\\\/osnovna-dejnost\",\"name\":\"\u0408\u041f \u041d\u0430\u0446\u0438\u043e\u043d\u0430\u043b\u043d\u0430 \u0420\u0430\u0434\u0438\u043e\u0434\u0438\u0444\u0443\u0437\u0438\u0458\u0430 - \u041e\u0441\u043d\u043e\u0432\u043d\u0430 \u0414\u0435\u0458\u043d\u043e\u0441\u0442\",\"isPartOf\":{\"@id\":\"https:\\\/\\\/jpnrd.gov.mk\\\/#website\"},\"datePublished\":\"2022-04-07T19:13:18+00:00\",\"dateModified\":\"2023-02-22T14:13:25+00:00\",\"description\":\"\u041e\u0441\u043d\u043e\u0432\u043d\u0430 \u0414\u0435\u0458\u043d\u043e\u0441\u0442\",\"breadcrumb\":{\"@id\":\"https:\\\/\\\/jpnrd.gov.mk\\\/osnovna-dejnost#breadcrumb\"},\"inLanguage\":\"sq\",\"potentialAction\":[{\"@type\":\"ReadAction\",\"target\":[\"https:\\\/\\\/jpnrd.gov.mk\\\/osnovna-dejnost\"]}]},{\"@type\":\"BreadcrumbList\",\"@id\":\"https:\\\/\\\/jpnrd.gov.mk\\\/osnovna-dejnost#breadcrumb\",\"itemListElement\":[{\"@type\":\"ListItem\",\"position\":1,\"name\":\"Home\",\"item\":\"https:\\\/\\\/jpnrd.gov.mk\\\/\"},{\"@type\":\"ListItem\",\"position\":2,\"name\":\"\u041e\u0441\u043d\u043e\u0432\u043d\u0430 \u0414\u0435\u0458\u043d\u043e\u0441\u0442\"}]},{\"@type\":\"WebSite\",\"@id\":\"https:\\\/\\\/jpnrd.gov.mk\\\/#website\",\"url\":\"https:\\\/\\\/jpnrd.gov.mk\\\/\",\"name\":\"\u0408\u041f \u041d\u0430\u0446\u0438\u043e\u043d\u0430\u043b\u043d\u0430 \u0420\u0430\u0434\u0438\u043e\u0434\u0438\u0444\u0443\u0437\u0438\u0458\u0430\",\"description\":\"\",\"publisher\":{\"@id\":\"https:\\\/\\\/jpnrd.gov.mk\\\/#organization\"},\"potentialAction\":[{\"@type\":\"SearchAction\",\"target\":{\"@type\":\"EntryPoint\",\"urlTemplate\":\"https:\\\/\\\/jpnrd.gov.mk\\\/?s={search_term_string}\"},\"query-input\":{\"@type\":\"PropertyValueSpecification\",\"valueRequired\":true,\"valueName\":\"search_term_string\"}}],\"inLanguage\":\"sq\"},{\"@type\":\"Organization\",\"@id\":\"https:\\\/\\\/jpnrd.gov.mk\\\/#organization\",\"name\":\"\u0408\u041f \u041d\u0430\u0446\u0438\u043e\u043d\u0430\u043b\u043d\u0430 \u0420\u0430\u0434\u0438\u043e\u0434\u0438\u0444\u0443\u0437\u0438\u0458\u0430\",\"url\":\"https:\\\/\\\/jpnrd.gov.mk\\\/\",\"logo\":{\"@type\":\"ImageObject\",\"inLanguage\":\"sq\",\"@id\":\"https:\\\/\\\/jpnrd.gov.mk\\\/#\\\/schema\\\/logo\\\/image\\\/\",\"url\":\"https:\\\/\\\/jpnrd.gov.mk\\\/wp-content\\\/uploads\\\/2022\\\/04\\\/png-4.png\",\"contentUrl\":\"https:\\\/\\\/jpnrd.gov.mk\\\/wp-content\\\/uploads\\\/2022\\\/04\\\/png-4.png\",\"width\":193,\"height\":169,\"caption\":\"\u0408\u041f \u041d\u0430\u0446\u0438\u043e\u043d\u0430\u043b\u043d\u0430 \u0420\u0430\u0434\u0438\u043e\u0434\u0438\u0444\u0443\u0437\u0438\u0458\u0430\"},\"image\":{\"@id\":\"https:\\\/\\\/jpnrd.gov.mk\\\/#\\\/schema\\\/logo\\\/image\\\/\"},\"sameAs\":[\"https:\\\/\\\/www.facebook.com\\\/nationalbroadcasting\\\/\",\"https:\\\/\\\/www.instagram.com\\\/nacionalnaradiodifuzija\\\/\",\"https:\\\/\\\/www.linkedin.com\\\/company\\\/pe-national-broadcasting\\\/\"]}]}<\/script>\n<!-- \/ Yoast SEO plugin. -->","yoast_head_json":{"title":"\u0408\u041f \u041d\u0430\u0446\u0438\u043e\u043d\u0430\u043b\u043d\u0430 \u0420\u0430\u0434\u0438\u043e\u0434\u0438\u0444\u0443\u0437\u0438\u0458\u0430 - \u041e\u0441\u043d\u043e\u0432\u043d\u0430 \u0414\u0435\u0458\u043d\u043e\u0441\u0442","description":"\u041e\u0441\u043d\u043e\u0432\u043d\u0430 \u0414\u0435\u0458\u043d\u043e\u0441\u0442","robots":{"index":"index","follow":"follow","max-snippet":"max-snippet:-1","max-image-preview":"max-image-preview:large","max-video-preview":"max-video-preview:-1"},"canonical":"https:\/\/jpnrd.gov.mk\/sq\/osnovna-dejnost\/","og_locale":"sq_AL","og_type":"article","og_title":"\u0408\u041f \u041d\u0430\u0446\u0438\u043e\u043d\u0430\u043b\u043d\u0430 \u0420\u0430\u0434\u0438\u043e\u0434\u0438\u0444\u0443\u0437\u0438\u0458\u0430 - \u041e\u0441\u043d\u043e\u0432\u043d\u0430 \u0414\u0435\u0458\u043d\u043e\u0441\u0442","og_description":"\u041e\u0441\u043d\u043e\u0432\u043d\u0430 \u0414\u0435\u0458\u043d\u043e\u0441\u0442","og_url":"https:\/\/jpnrd.gov.mk\/sq\/osnovna-dejnost\/","og_site_name":"\u0408\u041f \u041d\u0430\u0446\u0438\u043e\u043d\u0430\u043b\u043d\u0430 \u0420\u0430\u0434\u0438\u043e\u0434\u0438\u0444\u0443\u0437\u0438\u0458\u0430","article_publisher":"https:\/\/www.facebook.com\/nationalbroadcasting\/","article_modified_time":"2023-02-22T14:13:25+00:00","og_image":[{"width":1784,"height":1184,"url":"https:\/\/jpnrd.gov.mk\/wp-content\/uploads\/2023\/03\/logo-jpmrd_cropped.jpg","type":"image\/jpeg"}],"twitter_card":"summary_large_image","twitter_misc":{"Est. reading time":"2 minuta"},"schema":{"@context":"https:\/\/schema.org","@graph":[{"@type":"WebPage","@id":"https:\/\/jpnrd.gov.mk\/osnovna-dejnost","url":"https:\/\/jpnrd.gov.mk\/osnovna-dejnost","name":"\u0408\u041f \u041d\u0430\u0446\u0438\u043e\u043d\u0430\u043b\u043d\u0430 \u0420\u0430\u0434\u0438\u043e\u0434\u0438\u0444\u0443\u0437\u0438\u0458\u0430 - \u041e\u0441\u043d\u043e\u0432\u043d\u0430 \u0414\u0435\u0458\u043d\u043e\u0441\u0442","isPartOf":{"@id":"https:\/\/jpnrd.gov.mk\/#website"},"datePublished":"2022-04-07T19:13:18+00:00","dateModified":"2023-02-22T14:13:25+00:00","description":"\u041e\u0441\u043d\u043e\u0432\u043d\u0430 \u0414\u0435\u0458\u043d\u043e\u0441\u0442","breadcrumb":{"@id":"https:\/\/jpnrd.gov.mk\/osnovna-dejnost#breadcrumb"},"inLanguage":"sq","potentialAction":[{"@type":"ReadAction","target":["https:\/\/jpnrd.gov.mk\/osnovna-dejnost"]}]},{"@type":"BreadcrumbList","@id":"https:\/\/jpnrd.gov.mk\/osnovna-dejnost#breadcrumb","itemListElement":[{"@type":"ListItem","position":1,"name":"Home","item":"https:\/\/jpnrd.gov.mk\/"},{"@type":"ListItem","position":2,"name":"\u041e\u0441\u043d\u043e\u0432\u043d\u0430 \u0414\u0435\u0458\u043d\u043e\u0441\u0442"}]},{"@type":"WebSite","@id":"https:\/\/jpnrd.gov.mk\/#website","url":"https:\/\/jpnrd.gov.mk\/","name":"\u0408\u041f \u041d\u0430\u0446\u0438\u043e\u043d\u0430\u043b\u043d\u0430 \u0420\u0430\u0434\u0438\u043e\u0434\u0438\u0444\u0443\u0437\u0438\u0458\u0430","description":"","publisher":{"@id":"https:\/\/jpnrd.gov.mk\/#organization"},"potentialAction":[{"@type":"SearchAction","target":{"@type":"EntryPoint","urlTemplate":"https:\/\/jpnrd.gov.mk\/?s={search_term_string}"},"query-input":{"@type":"PropertyValueSpecification","valueRequired":true,"valueName":"search_term_string"}}],"inLanguage":"sq"},{"@type":"Organization","@id":"https:\/\/jpnrd.gov.mk\/#organization","name":"\u0408\u041f \u041d\u0430\u0446\u0438\u043e\u043d\u0430\u043b\u043d\u0430 \u0420\u0430\u0434\u0438\u043e\u0434\u0438\u0444\u0443\u0437\u0438\u0458\u0430","url":"https:\/\/jpnrd.gov.mk\/","logo":{"@type":"ImageObject","inLanguage":"sq","@id":"https:\/\/jpnrd.gov.mk\/#\/schema\/logo\/image\/","url":"https:\/\/jpnrd.gov.mk\/wp-content\/uploads\/2022\/04\/png-4.png","contentUrl":"https:\/\/jpnrd.gov.mk\/wp-content\/uploads\/2022\/04\/png-4.png","width":193,"height":169,"caption":"\u0408\u041f \u041d\u0430\u0446\u0438\u043e\u043d\u0430\u043b\u043d\u0430 \u0420\u0430\u0434\u0438\u043e\u0434\u0438\u0444\u0443\u0437\u0438\u0458\u0430"},"image":{"@id":"https:\/\/jpnrd.gov.mk\/#\/schema\/logo\/image\/"},"sameAs":["https:\/\/www.facebook.com\/nationalbroadcasting\/","https:\/\/www.instagram.com\/nacionalnaradiodifuzija\/","https:\/\/www.linkedin.com\/company\/pe-national-broadcasting\/"]}]}},"_links":{"self":[{"href":"https:\/\/jpnrd.gov.mk\/sq\/wp-json\/wp\/v2\/pages\/1668","targetHints":{"allow":["GET"]}}],"collection":[{"href":"https:\/\/jpnrd.gov.mk\/sq\/wp-json\/wp\/v2\/pages"}],"about":[{"href":"https:\/\/jpnrd.gov.mk\/sq\/wp-json\/wp\/v2\/types\/page"}],"author":[{"embeddable":true,"href":"https:\/\/jpnrd.gov.mk\/sq\/wp-json\/wp\/v2\/users\/2"}],"replies":[{"embeddable":true,"href":"https:\/\/jpnrd.gov.mk\/sq\/wp-json\/wp\/v2\/comments?post=1668"}],"version-history":[{"count":7,"href":"https:\/\/jpnrd.gov.mk\/sq\/wp-json\/wp\/v2\/pages\/1668\/revisions"}],"predecessor-version":[{"id":3736,"href":"https:\/\/jpnrd.gov.mk\/sq\/wp-json\/wp\/v2\/pages\/1668\/revisions\/3736"}],"wp:attachment":[{"href":"https:\/\/jpnrd.gov.mk\/sq\/wp-json\/wp\/v2\/media?parent=1668"}],"curies":[{"name":"wp","href":"https:\/\/api.w.org\/{rel}","templated":true}]}}