{"id":1344,"date":"2022-04-06T10:35:40","date_gmt":"2022-04-06T10:35:40","guid":{"rendered":"https:\/\/jpnrd.gov.mk\/?page_id=1344"},"modified":"2024-12-27T13:20:00","modified_gmt":"2024-12-27T13:20:00","slug":"direktor","status":"publish","type":"page","link":"https:\/\/jpnrd.gov.mk\/sq\/direktor","title":{"rendered":"Drejtori"},"content":{"rendered":"<div data-elementor-type=\"wp-page\" data-elementor-id=\"1344\" class=\"elementor elementor-1344\">\n\t\t\t\t\t\t<section class=\"elementor-section elementor-top-section elementor-element elementor-element-a344b24 elementor-section-boxed elementor-section-height-default elementor-section-height-default\" data-id=\"a344b24\" data-element_type=\"section\" data-settings=\"{&quot;background_background&quot;:&quot;classic&quot;}\">\n\t\t\t\t\t\t<div class=\"elementor-container elementor-column-gap-default\">\n\t\t\t\t\t<div class=\"elementor-column elementor-col-100 elementor-top-column elementor-element elementor-element-67ce17c\" data-id=\"67ce17c\" data-element_type=\"column\">\n\t\t\t<div class=\"elementor-widget-wrap elementor-element-populated\">\n\t\t\t\t\t\t<section class=\"elementor-section elementor-inner-section elementor-element elementor-element-e8edf2e elementor-section-boxed elementor-section-height-default elementor-section-height-default\" data-id=\"e8edf2e\" data-element_type=\"section\">\n\t\t\t\t\t\t<div class=\"elementor-container elementor-column-gap-default\">\n\t\t\t\t\t<div class=\"elementor-column elementor-col-50 elementor-inner-column elementor-element elementor-element-741dec9\" data-id=\"741dec9\" data-element_type=\"column\" data-settings=\"{&quot;background_background&quot;:&quot;classic&quot;}\">\n\t\t\t<div class=\"elementor-widget-wrap elementor-element-populated\">\n\t\t\t\t\t\t<div class=\"elementor-element elementor-element-11b5fe4 elementor-widget elementor-widget-image\" data-id=\"11b5fe4\" data-element_type=\"widget\" data-widget_type=\"image.default\">\n\t\t\t\t<div class=\"elementor-widget-container\">\n\t\t\t\t\t\t\t\t\t\t\t\t\t<img fetchpriority=\"high\" decoding=\"async\" width=\"640\" height=\"643\" src=\"https:\/\/jpnrd.gov.mk\/wp-content\/uploads\/2024\/12\/Jusuf_sopi_fotoprofili_web.png\" class=\"attachment-large size-large wp-image-4130\" alt=\"\" srcset=\"https:\/\/jpnrd.gov.mk\/wp-content\/uploads\/2024\/12\/Jusuf_sopi_fotoprofili_web.png 807w, https:\/\/jpnrd.gov.mk\/wp-content\/uploads\/2024\/12\/Jusuf_sopi_fotoprofili_web-300x300.png 300w, https:\/\/jpnrd.gov.mk\/wp-content\/uploads\/2024\/12\/Jusuf_sopi_fotoprofili_web-150x150.png 150w, https:\/\/jpnrd.gov.mk\/wp-content\/uploads\/2024\/12\/Jusuf_sopi_fotoprofili_web-768x772.png 768w, https:\/\/jpnrd.gov.mk\/wp-content\/uploads\/2024\/12\/Jusuf_sopi_fotoprofili_web-12x12.png 12w\" sizes=\"(max-width: 640px) 100vw, 640px\" \/>\t\t\t\t\t\t\t\t\t\t\t\t\t<\/div>\n\t\t\t\t<\/div>\n\t\t\t\t<div class=\"elementor-element elementor-element-a5d2647 elementor-widget elementor-widget-text-editor\" data-id=\"a5d2647\" data-element_type=\"widget\" data-widget_type=\"text-editor.default\">\n\t\t\t\t<div class=\"elementor-widget-container\">\n\t\t\t\t\t\t\t<h3 style=\"text-align: center;\"><strong>Jusuf Sopi<\/strong><\/h3>\t\t\t\t\t\t<\/div>\n\t\t\t\t<\/div>\n\t\t\t\t<div class=\"elementor-element elementor-element-3005aab elementor-widget elementor-widget-text-editor\" data-id=\"3005aab\" data-element_type=\"widget\" data-widget_type=\"text-editor.default\">\n\t\t\t\t<div class=\"elementor-widget-container\">\n\t\t\t\t\t\t\t<p style=\"text-align: center;\"><strong>u.d.Drejtor<\/strong><\/p>\t\t\t\t\t\t<\/div>\n\t\t\t\t<\/div>\n\t\t\t\t<div class=\"elementor-element elementor-element-9afcd3b elementor-widget-divider--view-line elementor-widget elementor-widget-divider\" data-id=\"9afcd3b\" data-element_type=\"widget\" data-widget_type=\"divider.default\">\n\t\t\t\t<div class=\"elementor-widget-container\">\n\t\t\t\t\t<div class=\"elementor-divider\">\n\t\t\t<span class=\"elementor-divider-separator\">\n\t\t\t\t\t\t<\/span>\n\t\t<\/div>\n\t\t\t\t<\/div>\n\t\t\t\t<\/div>\n\t\t\t\t<div class=\"elementor-element elementor-element-089b4c2 elementor-view-stacked elementor-position-left elementor-vertical-align-middle elementor-shape-circle elementor-mobile-position-top elementor-widget elementor-widget-icon-box\" data-id=\"089b4c2\" data-element_type=\"widget\" data-widget_type=\"icon-box.default\">\n\t\t\t\t<div class=\"elementor-widget-container\">\n\t\t\t\t\t<div class=\"elementor-icon-box-wrapper\">\n\n\t\t\t\t\t\t<div class=\"elementor-icon-box-icon\">\n\t\t\t\t<span  class=\"elementor-icon elementor-animation-\">\n\t\t\t\t<i aria-hidden=\"true\" class=\"fas fa-phone-square\"><\/i>\t\t\t\t<\/span>\n\t\t\t<\/div>\n\t\t\t\n\t\t\t\t\t\t<div class=\"elementor-icon-box-content\">\n\n\t\t\t\t\t\t\t\t\t<h6 class=\"elementor-icon-box-title\">\n\t\t\t\t\t\t<span  >\n\t\t\t\t\t\t\t+ 389 (0)2 3297 100\t\t\t\t\t\t<\/span>\n\t\t\t\t\t<\/h6>\n\t\t\t\t\n\t\t\t\t\n\t\t\t<\/div>\n\t\t\t\n\t\t<\/div>\n\t\t\t\t<\/div>\n\t\t\t\t<\/div>\n\t\t\t\t<div class=\"elementor-element elementor-element-d9e43ab elementor-view-stacked elementor-position-left elementor-vertical-align-middle elementor-shape-circle elementor-mobile-position-top elementor-widget elementor-widget-icon-box\" data-id=\"d9e43ab\" data-element_type=\"widget\" data-widget_type=\"icon-box.default\">\n\t\t\t\t<div class=\"elementor-widget-container\">\n\t\t\t\t\t<div class=\"elementor-icon-box-wrapper\">\n\n\t\t\t\t\t\t<div class=\"elementor-icon-box-icon\">\n\t\t\t\t<span  class=\"elementor-icon elementor-animation-\">\n\t\t\t\t<i aria-hidden=\"true\" class=\"fas fa-envelope\"><\/i>\t\t\t\t<\/span>\n\t\t\t<\/div>\n\t\t\t\n\t\t\t\t\t\t<div class=\"elementor-icon-box-content\">\n\n\t\t\t\t\t\t\t\t\t<h6 class=\"elementor-icon-box-title\">\n\t\t\t\t\t\t<span  >\n\t\t\t\t\t\t\tjusuf.sopi@jpmrd.gov.mk\t\t\t\t\t\t<\/span>\n\t\t\t\t\t<\/h6>\n\t\t\t\t\n\t\t\t\t\n\t\t\t<\/div>\n\t\t\t\n\t\t<\/div>\n\t\t\t\t<\/div>\n\t\t\t\t<\/div>\n\t\t\t\t\t<\/div>\n\t\t<\/div>\n\t\t\t\t<div class=\"elementor-column elementor-col-50 elementor-inner-column elementor-element elementor-element-87fb6d2\" data-id=\"87fb6d2\" data-element_type=\"column\">\n\t\t\t<div class=\"elementor-widget-wrap elementor-element-populated\">\n\t\t\t\t\t\t<div class=\"elementor-element elementor-element-518e52f elementor-widget elementor-widget-text-editor\" data-id=\"518e52f\" data-element_type=\"widget\" data-widget_type=\"text-editor.default\">\n\t\t\t\t<div class=\"elementor-widget-container\">\n\t\t\t\t\t\t\t<div><p><strong>Jusuf<span style=\"color: #000000;\"> Sopi<\/span><\/strong>\u00a0u angazhua drejtor i NP Radiodifuzionit Nacional n\u00eb Dhjetor t\u00eb vitit 2024.<\/p><p><strong>SHKOLLIMI<\/strong><\/p><\/div><ul><li><p>Administrator i diplomuar - diplom\u00eb p\u00ebr administrat\u00eb publike dhe shkencat politike Universiteti i Evrop\u00ebs Juglindore, Maqedoni [ 2004 \u2013 2008 ]<\/li><\/ul><p><strong>P\u00cbRVOJA E PUN\u00cbS<\/strong><\/p><ul><li>Ndihm\u00ebs udh\u00ebheq\u00ebs i nj\u00ebsis\u00eb   -<em>\"Inxhinjer kryesor p\u00ebr sistemin e antenave\"<\/em>- Radiodifuzioni Nacional [ 2020 \u2013 2024 ]\u00a0<\/li><\/ul><p><strong>AFT\u00cbSI ORGANIZATIVE<\/strong><\/p><ul><li>Udh\u00ebheqje<\/li><li>Pun\u00eb ekipore<\/li><li>Menaxhim me projekte<\/li><li>Analiz\u00eb e tregut t\u00eb pun\u00ebs<\/li><li>Planifikim dhe pun\u00eb efektive<\/li><li>Menaxhim i koh\u00ebs<\/li><li>Monitorim dhe vler\u00ebsim i proceseve<\/li><li>Menaxhimi i inventarit, kontrolli i inventarit, blerja dhe prokurimi<\/li><\/ul><p><strong>NJOHJA E GJUH\u00cbVE<\/strong><\/p><ul><li>Shqip (gjuh\u00eb amtare)<\/li><li>Maqedonisht<\/li><li>Anglisht<\/li><li>Gjermanisht<\/li><\/ul>\t\t\t\t\t\t<\/div>\n\t\t\t\t<\/div>\n\t\t\t\t\t<\/div>\n\t\t<\/div>\n\t\t\t\t\t<\/div>\n\t\t<\/section>\n\t\t\t\t\t<\/div>\n\t\t<\/div>\n\t\t\t\t\t<\/div>\n\t\t<\/section>\n\t\t\t\t<\/div>","protected":false},"excerpt":{"rendered":"<p>\u0408\u0443\u0441\u0443\u0444 \u0421\u043e\u043f\u0438 \u0432.\u0434.\u0414\u0438\u0440\u0435\u043a\u0442\u043e\u0440 + 389 (0)2 3297 100 jusuf.sopi@jpmrd.gov.mk \u0408\u0443\u0441\u0443\u0444 \u0421\u043e\u043f\u0438\u00a0\u0435 \u0438\u043c\u0435\u043d\u0443\u0432\u0430\u043d \u0437\u0430 \u0434\u0438\u0440\u0435\u043a\u0442\u043e\u0440 \u043d\u0430 \u0408\u041f \u041d\u0430\u0446\u0438\u043e\u043d\u0430\u043b\u043d\u0430 \u0420\u0430\u0434\u0438\u043e\u0434\u0438\u0444\u0443\u0437\u0438\u0458\u0430 \u0432\u043e \u0434\u0435\u043a\u0435\u043c\u0432\u0440\u0438 2024 \u0433\u043e\u0434\u0438\u043d\u0430. \u041e\u0431\u0440\u0430\u0437\u043e\u0432\u0430\u043d\u0438\u0435 \u0414\u0438\u043f\u043b\u043e\u043c\u0438\u0440\u0430\u043d \u0430\u0434\u043c\u0438\u043d\u0438\u0441\u0442\u0440\u0430\u0442\u0438\u0432\u0435\u0446 &#8211; \u0434\u0438\u043f\u043b\u043e\u043c\u0430 \u0437\u0430 \u0458\u0430\u0432\u043d\u0430 \u0430\u0434\u043c\u0438\u043d\u0438\u0441\u0442\u0440\u0430\u0446\u0438\u0458\u0430 \u0438 \u043f\u043e\u043b\u0438\u0442\u0438\u0447\u043a\u0438 \u043d\u0430\u0443\u043a\u0438 \u0423\u043d\u0438\u0432\u0435\u0440\u0437\u0438\u0442\u0435\u0442 \u043d\u0430 \u0408\u0443\u0433\u043e\u0438\u0441\u0442\u043e\u0447\u043d\u0430 \u0415\u0432\u0440\u043e\u043f\u0430, \u0421\u0435\u0432\u0435\u0440\u043d\u0430 \u041c\u0430\u043a\u0435\u0434\u043e\u043d\u0438\u0458\u0430 [ 2004 \u2013 2008 ] \u0420\u0430\u0431\u043e\u0442\u043d\u043e \u0418\u0441\u043a\u0443\u0441\u0442\u0432\u043e \u041f\u043e\u043c\u043e\u0448\u043d\u0438\u043a \u043d\u0430 \u0440\u0430\u043a\u043e\u0432\u043e\u0434\u0438\u0442\u0435\u043b \u043d\u0430 \u043e\u0434\u0434\u0435\u043b\u0435\u043d\u0438\u0435\u00a0 &#8220;\u0413\u043b\u0430\u0432\u0435\u043d \u0438\u043d\u0436\u0435\u043d\u0435\u0440 \u0437\u0430 \u0430\u043d\u0442\u0435\u043d\u0441\u043a\u0438 [&hellip;]<\/p>","protected":false},"author":2,"featured_media":0,"parent":0,"menu_order":0,"comment_status":"closed","ping_status":"closed","template":"","meta":{"_acf_changed":false,"inline_featured_image":false,"footnotes":""},"class_list":["post-1344","page","type-page","status-publish","hentry"],"acf":[],"yoast_head":"<!-- This site is optimized with the Yoast SEO plugin v27.4 - https:\/\/yoast.com\/product\/yoast-seo-wordpress\/ -->\n<title>\u0408\u041f \u041d\u0430\u0446\u0438\u043e\u043d\u0430\u043b\u043d\u0430 \u0420\u0430\u0434\u0438\u043e\u0434\u0438\u0444\u0443\u0437\u0438\u0458\u0430 - \u0414\u0438\u0440\u0435\u043a\u0442\u043e\u0440<\/title>\n<meta name=\"description\" content=\"\u0414\u0438\u0440\u0435\u043a\u0442\u043e\u0440\" \/>\n<meta name=\"robots\" content=\"index, follow, max-snippet:-1, max-image-preview:large, max-video-preview:-1\" \/>\n<link rel=\"canonical\" href=\"https:\/\/jpnrd.gov.mk\/sq\/direktor\/\" \/>\n<meta property=\"og:locale\" content=\"sq_AL\" \/>\n<meta property=\"og:type\" content=\"article\" \/>\n<meta property=\"og:title\" content=\"\u0408\u041f \u041d\u0430\u0446\u0438\u043e\u043d\u0430\u043b\u043d\u0430 \u0420\u0430\u0434\u0438\u043e\u0434\u0438\u0444\u0443\u0437\u0438\u0458\u0430 - \u0414\u0438\u0440\u0435\u043a\u0442\u043e\u0440\" \/>\n<meta property=\"og:description\" content=\"\u0414\u0438\u0440\u0435\u043a\u0442\u043e\u0440\" \/>\n<meta property=\"og:url\" content=\"https:\/\/jpnrd.gov.mk\/sq\/direktor\/\" \/>\n<meta property=\"og:site_name\" content=\"\u0408\u041f \u041d\u0430\u0446\u0438\u043e\u043d\u0430\u043b\u043d\u0430 \u0420\u0430\u0434\u0438\u043e\u0434\u0438\u0444\u0443\u0437\u0438\u0458\u0430\" \/>\n<meta property=\"article:publisher\" content=\"https:\/\/www.facebook.com\/nationalbroadcasting\/\" \/>\n<meta property=\"article:modified_time\" content=\"2024-12-27T13:20:00+00:00\" \/>\n<meta property=\"og:image\" content=\"https:\/\/jpnrd.gov.mk\/wp-content\/uploads\/2024\/12\/Jusuf_sopi_fotoprofili_web.png\" \/>\n\t<meta property=\"og:image:width\" content=\"807\" \/>\n\t<meta property=\"og:image:height\" content=\"811\" \/>\n\t<meta property=\"og:image:type\" content=\"image\/png\" \/>\n<meta name=\"twitter:card\" content=\"summary_large_image\" \/>\n<meta name=\"twitter:label1\" content=\"Est. reading time\" \/>\n\t<meta name=\"twitter:data1\" content=\"1 minut\u00eb\" \/>\n<script type=\"application\/ld+json\" class=\"yoast-schema-graph\">{\"@context\":\"https:\\\/\\\/schema.org\",\"@graph\":[{\"@type\":\"WebPage\",\"@id\":\"https:\\\/\\\/jpnrd.gov.mk\\\/direktor\",\"url\":\"https:\\\/\\\/jpnrd.gov.mk\\\/direktor\",\"name\":\"\u0408\u041f \u041d\u0430\u0446\u0438\u043e\u043d\u0430\u043b\u043d\u0430 \u0420\u0430\u0434\u0438\u043e\u0434\u0438\u0444\u0443\u0437\u0438\u0458\u0430 - \u0414\u0438\u0440\u0435\u043a\u0442\u043e\u0440\",\"isPartOf\":{\"@id\":\"https:\\\/\\\/jpnrd.gov.mk\\\/#website\"},\"primaryImageOfPage\":{\"@id\":\"https:\\\/\\\/jpnrd.gov.mk\\\/direktor#primaryimage\"},\"image\":{\"@id\":\"https:\\\/\\\/jpnrd.gov.mk\\\/direktor#primaryimage\"},\"thumbnailUrl\":\"https:\\\/\\\/jpnrd.gov.mk\\\/wp-content\\\/uploads\\\/2024\\\/12\\\/Jusuf_sopi_fotoprofili_web.png\",\"datePublished\":\"2022-04-06T10:35:40+00:00\",\"dateModified\":\"2024-12-27T13:20:00+00:00\",\"description\":\"\u0414\u0438\u0440\u0435\u043a\u0442\u043e\u0440\",\"breadcrumb\":{\"@id\":\"https:\\\/\\\/jpnrd.gov.mk\\\/direktor#breadcrumb\"},\"inLanguage\":\"sq\",\"potentialAction\":[{\"@type\":\"ReadAction\",\"target\":[\"https:\\\/\\\/jpnrd.gov.mk\\\/direktor\"]}]},{\"@type\":\"ImageObject\",\"inLanguage\":\"sq\",\"@id\":\"https:\\\/\\\/jpnrd.gov.mk\\\/direktor#primaryimage\",\"url\":\"https:\\\/\\\/jpnrd.gov.mk\\\/wp-content\\\/uploads\\\/2024\\\/12\\\/Jusuf_sopi_fotoprofili_web.png\",\"contentUrl\":\"https:\\\/\\\/jpnrd.gov.mk\\\/wp-content\\\/uploads\\\/2024\\\/12\\\/Jusuf_sopi_fotoprofili_web.png\"},{\"@type\":\"BreadcrumbList\",\"@id\":\"https:\\\/\\\/jpnrd.gov.mk\\\/direktor#breadcrumb\",\"itemListElement\":[{\"@type\":\"ListItem\",\"position\":1,\"name\":\"Home\",\"item\":\"https:\\\/\\\/jpnrd.gov.mk\\\/\"},{\"@type\":\"ListItem\",\"position\":2,\"name\":\"\u0414\u0438\u0440\u0435\u043a\u0442\u043e\u0440\"}]},{\"@type\":\"WebSite\",\"@id\":\"https:\\\/\\\/jpnrd.gov.mk\\\/#website\",\"url\":\"https:\\\/\\\/jpnrd.gov.mk\\\/\",\"name\":\"\u0408\u041f \u041d\u0430\u0446\u0438\u043e\u043d\u0430\u043b\u043d\u0430 \u0420\u0430\u0434\u0438\u043e\u0434\u0438\u0444\u0443\u0437\u0438\u0458\u0430\",\"description\":\"\",\"publisher\":{\"@id\":\"https:\\\/\\\/jpnrd.gov.mk\\\/#organization\"},\"potentialAction\":[{\"@type\":\"SearchAction\",\"target\":{\"@type\":\"EntryPoint\",\"urlTemplate\":\"https:\\\/\\\/jpnrd.gov.mk\\\/?s={search_term_string}\"},\"query-input\":{\"@type\":\"PropertyValueSpecification\",\"valueRequired\":true,\"valueName\":\"search_term_string\"}}],\"inLanguage\":\"sq\"},{\"@type\":\"Organization\",\"@id\":\"https:\\\/\\\/jpnrd.gov.mk\\\/#organization\",\"name\":\"\u0408\u041f \u041d\u0430\u0446\u0438\u043e\u043d\u0430\u043b\u043d\u0430 \u0420\u0430\u0434\u0438\u043e\u0434\u0438\u0444\u0443\u0437\u0438\u0458\u0430\",\"url\":\"https:\\\/\\\/jpnrd.gov.mk\\\/\",\"logo\":{\"@type\":\"ImageObject\",\"inLanguage\":\"sq\",\"@id\":\"https:\\\/\\\/jpnrd.gov.mk\\\/#\\\/schema\\\/logo\\\/image\\\/\",\"url\":\"https:\\\/\\\/jpnrd.gov.mk\\\/wp-content\\\/uploads\\\/2022\\\/04\\\/png-4.png\",\"contentUrl\":\"https:\\\/\\\/jpnrd.gov.mk\\\/wp-content\\\/uploads\\\/2022\\\/04\\\/png-4.png\",\"width\":193,\"height\":169,\"caption\":\"\u0408\u041f \u041d\u0430\u0446\u0438\u043e\u043d\u0430\u043b\u043d\u0430 \u0420\u0430\u0434\u0438\u043e\u0434\u0438\u0444\u0443\u0437\u0438\u0458\u0430\"},\"image\":{\"@id\":\"https:\\\/\\\/jpnrd.gov.mk\\\/#\\\/schema\\\/logo\\\/image\\\/\"},\"sameAs\":[\"https:\\\/\\\/www.facebook.com\\\/nationalbroadcasting\\\/\",\"https:\\\/\\\/www.instagram.com\\\/nacionalnaradiodifuzija\\\/\",\"https:\\\/\\\/www.linkedin.com\\\/company\\\/pe-national-broadcasting\\\/\"]}]}<\/script>\n<!-- \/ Yoast SEO plugin. -->","yoast_head_json":{"title":"\u0408\u041f \u041d\u0430\u0446\u0438\u043e\u043d\u0430\u043b\u043d\u0430 \u0420\u0430\u0434\u0438\u043e\u0434\u0438\u0444\u0443\u0437\u0438\u0458\u0430 - \u0414\u0438\u0440\u0435\u043a\u0442\u043e\u0440","description":"\u0414\u0438\u0440\u0435\u043a\u0442\u043e\u0440","robots":{"index":"index","follow":"follow","max-snippet":"max-snippet:-1","max-image-preview":"max-image-preview:large","max-video-preview":"max-video-preview:-1"},"canonical":"https:\/\/jpnrd.gov.mk\/sq\/direktor\/","og_locale":"sq_AL","og_type":"article","og_title":"\u0408\u041f \u041d\u0430\u0446\u0438\u043e\u043d\u0430\u043b\u043d\u0430 \u0420\u0430\u0434\u0438\u043e\u0434\u0438\u0444\u0443\u0437\u0438\u0458\u0430 - \u0414\u0438\u0440\u0435\u043a\u0442\u043e\u0440","og_description":"\u0414\u0438\u0440\u0435\u043a\u0442\u043e\u0440","og_url":"https:\/\/jpnrd.gov.mk\/sq\/direktor\/","og_site_name":"\u0408\u041f \u041d\u0430\u0446\u0438\u043e\u043d\u0430\u043b\u043d\u0430 \u0420\u0430\u0434\u0438\u043e\u0434\u0438\u0444\u0443\u0437\u0438\u0458\u0430","article_publisher":"https:\/\/www.facebook.com\/nationalbroadcasting\/","article_modified_time":"2024-12-27T13:20:00+00:00","og_image":[{"width":807,"height":811,"url":"https:\/\/jpnrd.gov.mk\/wp-content\/uploads\/2024\/12\/Jusuf_sopi_fotoprofili_web.png","type":"image\/png"}],"twitter_card":"summary_large_image","twitter_misc":{"Est. reading time":"1 minut\u00eb"},"schema":{"@context":"https:\/\/schema.org","@graph":[{"@type":"WebPage","@id":"https:\/\/jpnrd.gov.mk\/direktor","url":"https:\/\/jpnrd.gov.mk\/direktor","name":"\u0408\u041f \u041d\u0430\u0446\u0438\u043e\u043d\u0430\u043b\u043d\u0430 \u0420\u0430\u0434\u0438\u043e\u0434\u0438\u0444\u0443\u0437\u0438\u0458\u0430 - \u0414\u0438\u0440\u0435\u043a\u0442\u043e\u0440","isPartOf":{"@id":"https:\/\/jpnrd.gov.mk\/#website"},"primaryImageOfPage":{"@id":"https:\/\/jpnrd.gov.mk\/direktor#primaryimage"},"image":{"@id":"https:\/\/jpnrd.gov.mk\/direktor#primaryimage"},"thumbnailUrl":"https:\/\/jpnrd.gov.mk\/wp-content\/uploads\/2024\/12\/Jusuf_sopi_fotoprofili_web.png","datePublished":"2022-04-06T10:35:40+00:00","dateModified":"2024-12-27T13:20:00+00:00","description":"\u0414\u0438\u0440\u0435\u043a\u0442\u043e\u0440","breadcrumb":{"@id":"https:\/\/jpnrd.gov.mk\/direktor#breadcrumb"},"inLanguage":"sq","potentialAction":[{"@type":"ReadAction","target":["https:\/\/jpnrd.gov.mk\/direktor"]}]},{"@type":"ImageObject","inLanguage":"sq","@id":"https:\/\/jpnrd.gov.mk\/direktor#primaryimage","url":"https:\/\/jpnrd.gov.mk\/wp-content\/uploads\/2024\/12\/Jusuf_sopi_fotoprofili_web.png","contentUrl":"https:\/\/jpnrd.gov.mk\/wp-content\/uploads\/2024\/12\/Jusuf_sopi_fotoprofili_web.png"},{"@type":"BreadcrumbList","@id":"https:\/\/jpnrd.gov.mk\/direktor#breadcrumb","itemListElement":[{"@type":"ListItem","position":1,"name":"Home","item":"https:\/\/jpnrd.gov.mk\/"},{"@type":"ListItem","position":2,"name":"\u0414\u0438\u0440\u0435\u043a\u0442\u043e\u0440"}]},{"@type":"WebSite","@id":"https:\/\/jpnrd.gov.mk\/#website","url":"https:\/\/jpnrd.gov.mk\/","name":"\u0408\u041f \u041d\u0430\u0446\u0438\u043e\u043d\u0430\u043b\u043d\u0430 \u0420\u0430\u0434\u0438\u043e\u0434\u0438\u0444\u0443\u0437\u0438\u0458\u0430","description":"","publisher":{"@id":"https:\/\/jpnrd.gov.mk\/#organization"},"potentialAction":[{"@type":"SearchAction","target":{"@type":"EntryPoint","urlTemplate":"https:\/\/jpnrd.gov.mk\/?s={search_term_string}"},"query-input":{"@type":"PropertyValueSpecification","valueRequired":true,"valueName":"search_term_string"}}],"inLanguage":"sq"},{"@type":"Organization","@id":"https:\/\/jpnrd.gov.mk\/#organization","name":"\u0408\u041f \u041d\u0430\u0446\u0438\u043e\u043d\u0430\u043b\u043d\u0430 \u0420\u0430\u0434\u0438\u043e\u0434\u0438\u0444\u0443\u0437\u0438\u0458\u0430","url":"https:\/\/jpnrd.gov.mk\/","logo":{"@type":"ImageObject","inLanguage":"sq","@id":"https:\/\/jpnrd.gov.mk\/#\/schema\/logo\/image\/","url":"https:\/\/jpnrd.gov.mk\/wp-content\/uploads\/2022\/04\/png-4.png","contentUrl":"https:\/\/jpnrd.gov.mk\/wp-content\/uploads\/2022\/04\/png-4.png","width":193,"height":169,"caption":"\u0408\u041f \u041d\u0430\u0446\u0438\u043e\u043d\u0430\u043b\u043d\u0430 \u0420\u0430\u0434\u0438\u043e\u0434\u0438\u0444\u0443\u0437\u0438\u0458\u0430"},"image":{"@id":"https:\/\/jpnrd.gov.mk\/#\/schema\/logo\/image\/"},"sameAs":["https:\/\/www.facebook.com\/nationalbroadcasting\/","https:\/\/www.instagram.com\/nacionalnaradiodifuzija\/","https:\/\/www.linkedin.com\/company\/pe-national-broadcasting\/"]}]}},"_links":{"self":[{"href":"https:\/\/jpnrd.gov.mk\/sq\/wp-json\/wp\/v2\/pages\/1344","targetHints":{"allow":["GET"]}}],"collection":[{"href":"https:\/\/jpnrd.gov.mk\/sq\/wp-json\/wp\/v2\/pages"}],"about":[{"href":"https:\/\/jpnrd.gov.mk\/sq\/wp-json\/wp\/v2\/types\/page"}],"author":[{"embeddable":true,"href":"https:\/\/jpnrd.gov.mk\/sq\/wp-json\/wp\/v2\/users\/2"}],"replies":[{"embeddable":true,"href":"https:\/\/jpnrd.gov.mk\/sq\/wp-json\/wp\/v2\/comments?post=1344"}],"version-history":[{"count":49,"href":"https:\/\/jpnrd.gov.mk\/sq\/wp-json\/wp\/v2\/pages\/1344\/revisions"}],"predecessor-version":[{"id":4258,"href":"https:\/\/jpnrd.gov.mk\/sq\/wp-json\/wp\/v2\/pages\/1344\/revisions\/4258"}],"wp:attachment":[{"href":"https:\/\/jpnrd.gov.mk\/sq\/wp-json\/wp\/v2\/media?parent=1344"}],"curies":[{"name":"wp","href":"https:\/\/api.w.org\/{rel}","templated":true}]}}